{"id":967,"date":"2020-01-18T18:28:18","date_gmt":"2020-01-18T18:28:18","guid":{"rendered":"https:\/\/www.vumigroup.com\/convenience-clinics\/"},"modified":"2023-10-31T15:55:53","modified_gmt":"2023-10-31T15:55:53","slug":"convenience-clinics","status":"publish","type":"page","link":"https:\/\/www.vumigroup.com\/es\/convenience-clinics\/","title":{"rendered":"Cl\u00ednicas de Conveniencia"},"content":{"rendered":"<div class=\"wpb-content-wrapper\"><p>[vc_row gap=\u00bb35&#8243;][vc_column width=\u00bb1\/2&#8243;][vc_empty_space height=\u00bb60px\u00bb][vc_column_text]<span style=\"font-family: Raleway; font-size: 32px;\">Cl\u00ednicas de Conveniencia<\/span>[\/vc_column_text][vc_column_text]Las Cl\u00ednicas de Conveniencia son centros de atenci\u00f3n ambulatoria que ofrecen atenci\u00f3n r\u00e1pida y efectiva para tratar afecciones m\u00e9dicas menores como infecciones, alergias, lesiones menores y m\u00e1s.<\/p>\n<ul>\n<li>Disponible en todos los planes m\u00e9dicos de VUMI<sup>\u00ae<\/sup><\/li>\n<li>Sin deducible<\/li>\n<li>Horas de servicio extendidas<\/li>\n<\/ul>\n<p>Para acceder a la lista de Cl\u00ednicas de Conveniencia en nuestra red de proveedores, haga <a href=\"https:\/\/www.aetna.com\/dsepublic\/#\/contentPage?page=providerSearchLanding&amp;site_id=passport&amp;language=en\" target=\"_blank\" rel=\"noopener noreferrer\"><strong><u>click aqu\u00ed<\/u><\/strong><\/a> y siga los pasos del <a href=\"https:\/\/www.vumigroup.com\/wp-content\/uploads\/2023\/10\/Convenience-Clinics-Guide-SPA_compressed.pdf\" target=\"_blank\" rel=\"noopener noreferrer\"><strong><u>PDF descargable.<\/u><\/strong><\/a>[\/vc_column_text][\/vc_column][vc_column width=\u00bb1\/2&#8243;][vc_column_text]<img fetchpriority=\"high\" decoding=\"async\" class=\"aligncenter size-full wp-image-969\" src=\"https:\/\/www.vumigroup.com\/wp-content\/uploads\/2020\/01\/clinicas-conveniencia-img.jpg\" alt=\"\" width=\"812\" height=\"812\" srcset=\"https:\/\/www.vumigroup.com\/wp-content\/uploads\/2020\/01\/clinicas-conveniencia-img.jpg 812w, https:\/\/www.vumigroup.com\/wp-content\/uploads\/2020\/01\/clinicas-conveniencia-img-300x300.jpg 300w, https:\/\/www.vumigroup.com\/wp-content\/uploads\/2020\/01\/clinicas-conveniencia-img-150x150.jpg 150w, https:\/\/www.vumigroup.com\/wp-content\/uploads\/2020\/01\/clinicas-conveniencia-img-768x768.jpg 768w\" sizes=\"(max-width: 812px) 100vw, 812px\" \/>[\/vc_column_text][\/vc_column][\/vc_row][vc_row el_class=\u00bbvideo\u00bb][vc_column][vc_empty_space height=\u00bb40px\u00bb][vc_column_text]<span style=\"font-family: Raleway; font-size: 32px;\">Video Instructivo<\/span>[\/vc_column_text][vc_column_text css=\u00bb.vc_custom_1698767583755{border-top-width: 1px !important;border-right-width: 1px !important;border-bottom-width: 1px !important;border-left-width: 1px !important;border-left-color: #ededed !important;border-left-style: solid !important;border-right-color: #ededed !important;border-right-style: solid !important;border-top-color: #ededed !important;border-top-style: solid !important;border-bottom-color: #ededed !important;border-bottom-style: solid !important;}\u00bb]<\/p>\n<div style=\"width: 1200px;\" class=\"wp-video\"><!--[if lt IE 9]><script>document.createElement('video');<\/script><![endif]-->\n<video class=\"wp-video-shortcode\" id=\"video-967-1\" width=\"1200\" height=\"675\" preload=\"metadata\" controls=\"controls\"><source type=\"video\/mp4\" src=\"https:\/\/www.vumigroup.com\/wp-content\/uploads\/2020\/01\/Espanol-web-Walk-in-Clinics.mp4?_=1\" \/><a href=\"https:\/\/www.vumigroup.com\/wp-content\/uploads\/2020\/01\/Espanol-web-Walk-in-Clinics.mp4\">https:\/\/www.vumigroup.com\/wp-content\/uploads\/2020\/01\/Espanol-web-Walk-in-Clinics.mp4<\/a><\/video><\/div>\n<\/div>\n<p>[\/vc_column_text][\/vc_column][\/vc_row]<\/p>\n<\/div>","protected":false},"excerpt":{"rendered":"<p>[vc_row gap=\u00bb35&#8243;][vc_column width=\u00bb1\/2&#8243;][vc_empty_space height=\u00bb60px\u00bb][vc_column_text]Cl\u00ednicas de Conveniencia[\/vc_column_text][vc_column_text]Las Cl\u00ednicas de Conveniencia son centros de atenci\u00f3n ambulatoria que ofrecen atenci\u00f3n r\u00e1pida y efectiva para tratar afecciones m\u00e9dicas menores como infecciones, alergias, lesiones menores y m\u00e1s. Disponible en todos los planes m\u00e9dicos de VUMI\u00ae Sin deducible Horas de servicio extendidas Para acceder a la lista de Cl\u00ednicas de Conveniencia&hellip;<\/p>\n","protected":false},"author":1,"featured_media":0,"parent":0,"menu_order":0,"comment_status":"closed","ping_status":"closed","template":"","meta":{"footnotes":""},"class_list":["post-967","page","type-page","status-publish","hentry","description-off"],"yoast_head":"<!-- This site is optimized with the Yoast SEO plugin v26.7 - https:\/\/yoast.com\/wordpress\/plugins\/seo\/ -->\n<title>Cl\u00ednicas de Conveniencia - VUMI<\/title>\n<meta name=\"robots\" content=\"index, follow, max-snippet:-1, max-image-preview:large, max-video-preview:-1\" \/>\n<link rel=\"canonical\" href=\"https:\/\/www.vumigroup.com\/es\/convenience-clinics\/\" \/>\n<meta property=\"og:locale\" content=\"es_ES\" \/>\n<meta property=\"og:type\" content=\"article\" \/>\n<meta property=\"og:title\" content=\"Cl\u00ednicas de Conveniencia - VUMI\" \/>\n<meta property=\"og:description\" content=\"[vc_row gap=\u00bb35&#8243;][vc_column width=\u00bb1\/2&#8243;][vc_empty_space height=\u00bb60px\u00bb][vc_column_text]Cl\u00ednicas de Conveniencia[\/vc_column_text][vc_column_text]Las Cl\u00ednicas de Conveniencia son centros de atenci\u00f3n ambulatoria que ofrecen atenci\u00f3n r\u00e1pida y efectiva para tratar afecciones m\u00e9dicas menores como infecciones, alergias, lesiones menores y m\u00e1s. Disponible en todos los planes m\u00e9dicos de VUMI\u00ae Sin deducible Horas de servicio extendidas Para acceder a la lista de Cl\u00ednicas de Conveniencia&hellip;\" \/>\n<meta property=\"og:url\" content=\"https:\/\/www.vumigroup.com\/es\/convenience-clinics\/\" \/>\n<meta property=\"og:site_name\" content=\"VUMI\" \/>\n<meta property=\"article:modified_time\" content=\"2023-10-31T15:55:53+00:00\" \/>\n<meta property=\"og:image\" content=\"https:\/\/www.vumigroup.com\/wp-content\/uploads\/2020\/01\/clinicas-conveniencia-img.jpg\" \/>\n\t<meta property=\"og:image:width\" content=\"812\" \/>\n\t<meta property=\"og:image:height\" content=\"812\" \/>\n\t<meta property=\"og:image:type\" content=\"image\/jpeg\" \/>\n<meta name=\"twitter:card\" content=\"summary_large_image\" \/>\n<meta name=\"twitter:label1\" content=\"Tiempo de lectura\" \/>\n\t<meta name=\"twitter:data1\" content=\"1 minuto\" \/>\n<script type=\"application\/ld+json\" class=\"yoast-schema-graph\">{\"@context\":\"https:\/\/schema.org\",\"@graph\":[{\"@type\":\"WebPage\",\"@id\":\"https:\/\/www.vumigroup.com\/es\/convenience-clinics\/\",\"url\":\"https:\/\/www.vumigroup.com\/es\/convenience-clinics\/\",\"name\":\"Cl\u00ednicas de Conveniencia - VUMI\",\"isPartOf\":{\"@id\":\"https:\/\/www.vumigroup.com\/#website\"},\"primaryImageOfPage\":{\"@id\":\"https:\/\/www.vumigroup.com\/es\/convenience-clinics\/#primaryimage\"},\"image\":{\"@id\":\"https:\/\/www.vumigroup.com\/es\/convenience-clinics\/#primaryimage\"},\"thumbnailUrl\":\"https:\/\/www.vumigroup.com\/wp-content\/uploads\/2020\/01\/clinicas-conveniencia-img.jpg\",\"datePublished\":\"2020-01-18T18:28:18+00:00\",\"dateModified\":\"2023-10-31T15:55:53+00:00\",\"breadcrumb\":{\"@id\":\"https:\/\/www.vumigroup.com\/es\/convenience-clinics\/#breadcrumb\"},\"inLanguage\":\"es\",\"potentialAction\":[{\"@type\":\"ReadAction\",\"target\":[\"https:\/\/www.vumigroup.com\/es\/convenience-clinics\/\"]}]},{\"@type\":\"ImageObject\",\"inLanguage\":\"es\",\"@id\":\"https:\/\/www.vumigroup.com\/es\/convenience-clinics\/#primaryimage\",\"url\":\"https:\/\/www.vumigroup.com\/wp-content\/uploads\/2020\/01\/clinicas-conveniencia-img.jpg\",\"contentUrl\":\"https:\/\/www.vumigroup.com\/wp-content\/uploads\/2020\/01\/clinicas-conveniencia-img.jpg\"},{\"@type\":\"BreadcrumbList\",\"@id\":\"https:\/\/www.vumigroup.com\/es\/convenience-clinics\/#breadcrumb\",\"itemListElement\":[{\"@type\":\"ListItem\",\"position\":1,\"name\":\"Home\",\"item\":\"https:\/\/www.vumigroup.com\/\"},{\"@type\":\"ListItem\",\"position\":2,\"name\":\"Cl\u00ednicas de Conveniencia\"}]},{\"@type\":\"WebSite\",\"@id\":\"https:\/\/www.vumigroup.com\/#website\",\"url\":\"https:\/\/www.vumigroup.com\/\",\"name\":\"VUMI\",\"description\":\"VIP Universal Medical Insurance Group\",\"publisher\":{\"@id\":\"https:\/\/www.vumigroup.com\/#organization\"},\"potentialAction\":[{\"@type\":\"SearchAction\",\"target\":{\"@type\":\"EntryPoint\",\"urlTemplate\":\"https:\/\/www.vumigroup.com\/?s={search_term_string}\"},\"query-input\":{\"@type\":\"PropertyValueSpecification\",\"valueRequired\":true,\"valueName\":\"search_term_string\"}}],\"inLanguage\":\"es\"},{\"@type\":\"Organization\",\"@id\":\"https:\/\/www.vumigroup.com\/#organization\",\"name\":\"VUMI\",\"url\":\"https:\/\/www.vumigroup.com\/\",\"logo\":{\"@type\":\"ImageObject\",\"inLanguage\":\"es\",\"@id\":\"https:\/\/www.vumigroup.com\/#\/schema\/logo\/image\/\",\"url\":\"https:\/\/www.vumigroup.com\/wp-content\/uploads\/2023\/11\/vumi-blue.svg\",\"contentUrl\":\"https:\/\/www.vumigroup.com\/wp-content\/uploads\/2023\/11\/vumi-blue.svg\",\"caption\":\"VUMI\"},\"image\":{\"@id\":\"https:\/\/www.vumigroup.com\/#\/schema\/logo\/image\/\"}}]}<\/script>\n<!-- \/ Yoast SEO plugin. -->","yoast_head_json":{"title":"Cl\u00ednicas de Conveniencia - VUMI","robots":{"index":"index","follow":"follow","max-snippet":"max-snippet:-1","max-image-preview":"max-image-preview:large","max-video-preview":"max-video-preview:-1"},"canonical":"https:\/\/www.vumigroup.com\/es\/convenience-clinics\/","og_locale":"es_ES","og_type":"article","og_title":"Cl\u00ednicas de Conveniencia - VUMI","og_description":"[vc_row gap=\u00bb35&#8243;][vc_column width=\u00bb1\/2&#8243;][vc_empty_space height=\u00bb60px\u00bb][vc_column_text]Cl\u00ednicas de Conveniencia[\/vc_column_text][vc_column_text]Las Cl\u00ednicas de Conveniencia son centros de atenci\u00f3n ambulatoria que ofrecen atenci\u00f3n r\u00e1pida y efectiva para tratar afecciones m\u00e9dicas menores como infecciones, alergias, lesiones menores y m\u00e1s. Disponible en todos los planes m\u00e9dicos de VUMI\u00ae Sin deducible Horas de servicio extendidas Para acceder a la lista de Cl\u00ednicas de Conveniencia&hellip;","og_url":"https:\/\/www.vumigroup.com\/es\/convenience-clinics\/","og_site_name":"VUMI","article_modified_time":"2023-10-31T15:55:53+00:00","og_image":[{"width":812,"height":812,"url":"https:\/\/www.vumigroup.com\/wp-content\/uploads\/2020\/01\/clinicas-conveniencia-img.jpg","type":"image\/jpeg"}],"twitter_card":"summary_large_image","twitter_misc":{"Tiempo de lectura":"1 minuto"},"schema":{"@context":"https:\/\/schema.org","@graph":[{"@type":"WebPage","@id":"https:\/\/www.vumigroup.com\/es\/convenience-clinics\/","url":"https:\/\/www.vumigroup.com\/es\/convenience-clinics\/","name":"Cl\u00ednicas de Conveniencia - VUMI","isPartOf":{"@id":"https:\/\/www.vumigroup.com\/#website"},"primaryImageOfPage":{"@id":"https:\/\/www.vumigroup.com\/es\/convenience-clinics\/#primaryimage"},"image":{"@id":"https:\/\/www.vumigroup.com\/es\/convenience-clinics\/#primaryimage"},"thumbnailUrl":"https:\/\/www.vumigroup.com\/wp-content\/uploads\/2020\/01\/clinicas-conveniencia-img.jpg","datePublished":"2020-01-18T18:28:18+00:00","dateModified":"2023-10-31T15:55:53+00:00","breadcrumb":{"@id":"https:\/\/www.vumigroup.com\/es\/convenience-clinics\/#breadcrumb"},"inLanguage":"es","potentialAction":[{"@type":"ReadAction","target":["https:\/\/www.vumigroup.com\/es\/convenience-clinics\/"]}]},{"@type":"ImageObject","inLanguage":"es","@id":"https:\/\/www.vumigroup.com\/es\/convenience-clinics\/#primaryimage","url":"https:\/\/www.vumigroup.com\/wp-content\/uploads\/2020\/01\/clinicas-conveniencia-img.jpg","contentUrl":"https:\/\/www.vumigroup.com\/wp-content\/uploads\/2020\/01\/clinicas-conveniencia-img.jpg"},{"@type":"BreadcrumbList","@id":"https:\/\/www.vumigroup.com\/es\/convenience-clinics\/#breadcrumb","itemListElement":[{"@type":"ListItem","position":1,"name":"Home","item":"https:\/\/www.vumigroup.com\/"},{"@type":"ListItem","position":2,"name":"Cl\u00ednicas de Conveniencia"}]},{"@type":"WebSite","@id":"https:\/\/www.vumigroup.com\/#website","url":"https:\/\/www.vumigroup.com\/","name":"VUMI","description":"VIP Universal Medical Insurance Group","publisher":{"@id":"https:\/\/www.vumigroup.com\/#organization"},"potentialAction":[{"@type":"SearchAction","target":{"@type":"EntryPoint","urlTemplate":"https:\/\/www.vumigroup.com\/?s={search_term_string}"},"query-input":{"@type":"PropertyValueSpecification","valueRequired":true,"valueName":"search_term_string"}}],"inLanguage":"es"},{"@type":"Organization","@id":"https:\/\/www.vumigroup.com\/#organization","name":"VUMI","url":"https:\/\/www.vumigroup.com\/","logo":{"@type":"ImageObject","inLanguage":"es","@id":"https:\/\/www.vumigroup.com\/#\/schema\/logo\/image\/","url":"https:\/\/www.vumigroup.com\/wp-content\/uploads\/2023\/11\/vumi-blue.svg","contentUrl":"https:\/\/www.vumigroup.com\/wp-content\/uploads\/2023\/11\/vumi-blue.svg","caption":"VUMI"},"image":{"@id":"https:\/\/www.vumigroup.com\/#\/schema\/logo\/image\/"}}]}},"_links":{"self":[{"href":"https:\/\/www.vumigroup.com\/es\/wp-json\/wp\/v2\/pages\/967","targetHints":{"allow":["GET"]}}],"collection":[{"href":"https:\/\/www.vumigroup.com\/es\/wp-json\/wp\/v2\/pages"}],"about":[{"href":"https:\/\/www.vumigroup.com\/es\/wp-json\/wp\/v2\/types\/page"}],"author":[{"embeddable":true,"href":"https:\/\/www.vumigroup.com\/es\/wp-json\/wp\/v2\/users\/1"}],"replies":[{"embeddable":true,"href":"https:\/\/www.vumigroup.com\/es\/wp-json\/wp\/v2\/comments?post=967"}],"version-history":[{"count":23,"href":"https:\/\/www.vumigroup.com\/es\/wp-json\/wp\/v2\/pages\/967\/revisions"}],"predecessor-version":[{"id":5154,"href":"https:\/\/www.vumigroup.com\/es\/wp-json\/wp\/v2\/pages\/967\/revisions\/5154"}],"wp:attachment":[{"href":"https:\/\/www.vumigroup.com\/es\/wp-json\/wp\/v2\/media?parent=967"}],"curies":[{"name":"wp","href":"https:\/\/api.w.org\/{rel}","templated":true}]}}