{"id":944,"date":"2020-01-18T03:31:20","date_gmt":"2020-01-18T03:31:20","guid":{"rendered":"https:\/\/www.vumigroup.com\/reclamaciones\/"},"modified":"2023-08-01T19:23:47","modified_gmt":"2023-08-01T19:23:47","slug":"reclamaciones","status":"publish","type":"page","link":"https:\/\/www.vumigroup.com\/es\/reclamaciones\/","title":{"rendered":"Reclamaciones"},"content":{"rendered":"<div class=\"wpb-content-wrapper\"><p>[vc_row full_width=\u00bbstretch_row\u00bb css=\u00bb.vc_custom_1578935732878{padding-top: 100px !important;padding-bottom: 100px !important;background-image: url(https:\/\/www.vumigroup.com\/wp-content\/uploads\/2020\/01\/header-claims.jpg?id=719) !important;background-position: center !important;background-repeat: no-repeat !important;background-size: cover !important;}\u00bb][vc_column][\/vc_column][\/vc_row][vc_row][vc_column][vc_column_text]<span style=\"font-family: Raleway; font-size: 32px;\">Reclamaciones<\/span>[\/vc_column_text][vc_column_text]Las reclamaciones pueden ser enviadas a trav\u00e9s de cualquiera de las siguientes opciones:[\/vc_column_text][\/vc_column][\/vc_row][vc_row gap=\u00bb35&#8243;][vc_column width=\u00bb1\/2&#8243;][vc_column_text css=\u00bb.vc_custom_1580336123257{border-bottom-width: 1px !important;border-bottom-color: #eaeaea !important;border-radius: 1px !important;}\u00bb]<span style=\"font-family: Raleway; font-size: 32px;\">Por Email<\/span>[\/vc_column_text][vc_column_text]Env\u00ede un correo a <a href=\"mailto:vumireclamos@vumigroup.com\">vumireclamos@vumigroup.com<\/a> con la siguiente informaci\u00f3n:<\/p>\n<ul>\n<li>Formulario de reclamaci\u00f3n completado<\/li>\n<li>Factura detallada.<\/li>\n<li>Prueba de pago.<\/li>\n<li>Expedientes m\u00e9dicos y copias de recetas de pruebas o medicamentos en caso de que aplique.<\/li>\n<\/ul>\n<p>[\/vc_column_text][vc_column_text css=\u00bb.vc_custom_1580336135214{border-bottom-width: 1px !important;border-bottom-color: #eaeaea !important;border-bottom-style: solid !important;}\u00bb]<span style=\"font-family: Raleway; font-size: 32px;\">Por Correo Postal<\/span>[\/vc_column_text][vc_column_text]Env\u00ede el Formulario de Reclamaci\u00f3n completo junto con la documentaci\u00f3n requerida a:<\/p>\n<p>VUMI\u00ae Group, I.I. (\u201cVUMI\u201d)<br \/>\nAttn: Departamento de Reclamaciones<br \/>\n5301 Blue Lagoon Drive<br \/>\nSuite 500<br \/>\nMiami, FL 33126<br \/>\nEE.UU.[\/vc_column_text][\/vc_column][vc_column width=\u00bb1\/2&#8243;][vc_column_text css=\u00bb.vc_custom_1644622959952{border-bottom-width: 1px !important;border-bottom-color: #eaeaea !important;border-bottom-style: solid !important;}\u00bb]<span style=\"font-family: Raleway; font-size: 32px;\">MyVUMI&#x2122;<\/span>[\/vc_column_text][vc_column_text]<strong>MyVUMI&#x2122;<\/strong><\/p>\n<p>Inicie sesi\u00f3n en el portal del asegurado MyVUMI&#x2122; a trav\u00e9s de www.myvumiportal.com o descarga la aplicaci\u00f3n MyVUMI&#x2122;.[\/vc_column_text][vc_column_text]<img fetchpriority=\"high\" decoding=\"async\" class=\"alignnone wp-image-822\" src=\"https:\/\/www.vumigroup.com\/wp-content\/uploads\/2019\/06\/myVumi-App.png\" alt=\"\" width=\"240\" height=\"513\" \/>[\/vc_column_text][\/vc_column][\/vc_row]<\/p>\n<\/div>","protected":false},"excerpt":{"rendered":"<p>[vc_row full_width=\u00bbstretch_row\u00bb css=\u00bb.vc_custom_1578935732878{padding-top: 100px !important;padding-bottom: 100px !important;background-image: url(https:\/\/www.vumigroup.com\/wp-content\/uploads\/2020\/01\/header-claims.jpg?id=719) !important;background-position: center !important;background-repeat: no-repeat !important;background-size: cover !important;}\u00bb][vc_column][\/vc_column][\/vc_row][vc_row][vc_column][vc_column_text]Reclamaciones[\/vc_column_text][vc_column_text]Las reclamaciones pueden ser enviadas a trav\u00e9s de cualquiera de las siguientes opciones:[\/vc_column_text][\/vc_column][\/vc_row][vc_row gap=\u00bb35&#8243;][vc_column width=\u00bb1\/2&#8243;][vc_column_text css=\u00bb.vc_custom_1580336123257{border-bottom-width: 1px !important;border-bottom-color: #eaeaea !important;border-radius: 1px !important;}\u00bb]Por Email[\/vc_column_text][vc_column_text]Env\u00ede un correo a vumireclamos@vumigroup.com con la siguiente informaci\u00f3n: Formulario de reclamaci\u00f3n completado Factura detallada. Prueba de pago. Expedientes&hellip;<\/p>\n","protected":false},"author":1,"featured_media":0,"parent":0,"menu_order":0,"comment_status":"closed","ping_status":"closed","template":"","meta":{"footnotes":""},"class_list":["post-944","page","type-page","status-publish","hentry","description-off"],"yoast_head":"<!-- This site is optimized with the Yoast SEO plugin v26.7 - https:\/\/yoast.com\/wordpress\/plugins\/seo\/ -->\n<title>Reclamaciones - VUMI<\/title>\n<meta name=\"robots\" content=\"index, follow, max-snippet:-1, max-image-preview:large, max-video-preview:-1\" \/>\n<link rel=\"canonical\" href=\"https:\/\/www.vumigroup.com\/es\/reclamaciones\/\" \/>\n<meta property=\"og:locale\" content=\"es_ES\" \/>\n<meta property=\"og:type\" content=\"article\" \/>\n<meta property=\"og:title\" content=\"Reclamaciones - VUMI\" \/>\n<meta property=\"og:description\" content=\"[vc_row full_width=\u00bbstretch_row\u00bb css=\u00bb.vc_custom_1578935732878{padding-top: 100px !important;padding-bottom: 100px !important;background-image: url(https:\/\/www.vumigroup.com\/wp-content\/uploads\/2020\/01\/header-claims.jpg?id=719) !important;background-position: center !important;background-repeat: no-repeat !important;background-size: cover !important;}\u00bb][vc_column][\/vc_column][\/vc_row][vc_row][vc_column][vc_column_text]Reclamaciones[\/vc_column_text][vc_column_text]Las reclamaciones pueden ser enviadas a trav\u00e9s de cualquiera de las siguientes opciones:[\/vc_column_text][\/vc_column][\/vc_row][vc_row gap=\u00bb35&#8243;][vc_column width=\u00bb1\/2&#8243;][vc_column_text css=\u00bb.vc_custom_1580336123257{border-bottom-width: 1px !important;border-bottom-color: #eaeaea !important;border-radius: 1px !important;}\u00bb]Por Email[\/vc_column_text][vc_column_text]Env\u00ede un correo a vumireclamos@vumigroup.com con la siguiente informaci\u00f3n: Formulario de reclamaci\u00f3n completado Factura detallada. Prueba de pago. Expedientes&hellip;\" \/>\n<meta property=\"og:url\" content=\"https:\/\/www.vumigroup.com\/es\/reclamaciones\/\" \/>\n<meta property=\"og:site_name\" content=\"VUMI\" \/>\n<meta property=\"article:modified_time\" content=\"2023-08-01T19:23:47+00:00\" \/>\n<meta property=\"og:image\" content=\"https:\/\/www.vumigroup.com\/wp-content\/uploads\/2019\/06\/myVumi-App.png\" \/>\n\t<meta property=\"og:image:width\" content=\"333\" \/>\n\t<meta property=\"og:image:height\" content=\"598\" \/>\n\t<meta property=\"og:image:type\" content=\"image\/png\" \/>\n<meta name=\"twitter:card\" content=\"summary_large_image\" \/>\n<meta name=\"twitter:label1\" content=\"Tiempo de lectura\" \/>\n\t<meta name=\"twitter:data1\" content=\"1 minuto\" \/>\n<script type=\"application\/ld+json\" class=\"yoast-schema-graph\">{\"@context\":\"https:\/\/schema.org\",\"@graph\":[{\"@type\":\"WebPage\",\"@id\":\"https:\/\/www.vumigroup.com\/es\/reclamaciones\/\",\"url\":\"https:\/\/www.vumigroup.com\/es\/reclamaciones\/\",\"name\":\"Reclamaciones - VUMI\",\"isPartOf\":{\"@id\":\"https:\/\/www.vumigroup.com\/#website\"},\"primaryImageOfPage\":{\"@id\":\"https:\/\/www.vumigroup.com\/es\/reclamaciones\/#primaryimage\"},\"image\":{\"@id\":\"https:\/\/www.vumigroup.com\/es\/reclamaciones\/#primaryimage\"},\"thumbnailUrl\":\"https:\/\/www.vumigroup.com\/wp-content\/uploads\/2019\/06\/myVumi-App.png\",\"datePublished\":\"2020-01-18T03:31:20+00:00\",\"dateModified\":\"2023-08-01T19:23:47+00:00\",\"breadcrumb\":{\"@id\":\"https:\/\/www.vumigroup.com\/es\/reclamaciones\/#breadcrumb\"},\"inLanguage\":\"es\",\"potentialAction\":[{\"@type\":\"ReadAction\",\"target\":[\"https:\/\/www.vumigroup.com\/es\/reclamaciones\/\"]}]},{\"@type\":\"ImageObject\",\"inLanguage\":\"es\",\"@id\":\"https:\/\/www.vumigroup.com\/es\/reclamaciones\/#primaryimage\",\"url\":\"https:\/\/www.vumigroup.com\/wp-content\/uploads\/2019\/06\/myVumi-App.png\",\"contentUrl\":\"https:\/\/www.vumigroup.com\/wp-content\/uploads\/2019\/06\/myVumi-App.png\"},{\"@type\":\"BreadcrumbList\",\"@id\":\"https:\/\/www.vumigroup.com\/es\/reclamaciones\/#breadcrumb\",\"itemListElement\":[{\"@type\":\"ListItem\",\"position\":1,\"name\":\"Home\",\"item\":\"https:\/\/www.vumigroup.com\/\"},{\"@type\":\"ListItem\",\"position\":2,\"name\":\"Reclamaciones\"}]},{\"@type\":\"WebSite\",\"@id\":\"https:\/\/www.vumigroup.com\/#website\",\"url\":\"https:\/\/www.vumigroup.com\/\",\"name\":\"VUMI\",\"description\":\"VIP Universal Medical Insurance Group\",\"publisher\":{\"@id\":\"https:\/\/www.vumigroup.com\/#organization\"},\"potentialAction\":[{\"@type\":\"SearchAction\",\"target\":{\"@type\":\"EntryPoint\",\"urlTemplate\":\"https:\/\/www.vumigroup.com\/?s={search_term_string}\"},\"query-input\":{\"@type\":\"PropertyValueSpecification\",\"valueRequired\":true,\"valueName\":\"search_term_string\"}}],\"inLanguage\":\"es\"},{\"@type\":\"Organization\",\"@id\":\"https:\/\/www.vumigroup.com\/#organization\",\"name\":\"VUMI\",\"url\":\"https:\/\/www.vumigroup.com\/\",\"logo\":{\"@type\":\"ImageObject\",\"inLanguage\":\"es\",\"@id\":\"https:\/\/www.vumigroup.com\/#\/schema\/logo\/image\/\",\"url\":\"https:\/\/www.vumigroup.com\/wp-content\/uploads\/2023\/11\/vumi-blue.svg\",\"contentUrl\":\"https:\/\/www.vumigroup.com\/wp-content\/uploads\/2023\/11\/vumi-blue.svg\",\"caption\":\"VUMI\"},\"image\":{\"@id\":\"https:\/\/www.vumigroup.com\/#\/schema\/logo\/image\/\"}}]}<\/script>\n<!-- \/ Yoast SEO plugin. -->","yoast_head_json":{"title":"Reclamaciones - VUMI","robots":{"index":"index","follow":"follow","max-snippet":"max-snippet:-1","max-image-preview":"max-image-preview:large","max-video-preview":"max-video-preview:-1"},"canonical":"https:\/\/www.vumigroup.com\/es\/reclamaciones\/","og_locale":"es_ES","og_type":"article","og_title":"Reclamaciones - VUMI","og_description":"[vc_row full_width=\u00bbstretch_row\u00bb css=\u00bb.vc_custom_1578935732878{padding-top: 100px !important;padding-bottom: 100px !important;background-image: url(https:\/\/www.vumigroup.com\/wp-content\/uploads\/2020\/01\/header-claims.jpg?id=719) !important;background-position: center !important;background-repeat: no-repeat !important;background-size: cover !important;}\u00bb][vc_column][\/vc_column][\/vc_row][vc_row][vc_column][vc_column_text]Reclamaciones[\/vc_column_text][vc_column_text]Las reclamaciones pueden ser enviadas a trav\u00e9s de cualquiera de las siguientes opciones:[\/vc_column_text][\/vc_column][\/vc_row][vc_row gap=\u00bb35&#8243;][vc_column width=\u00bb1\/2&#8243;][vc_column_text css=\u00bb.vc_custom_1580336123257{border-bottom-width: 1px !important;border-bottom-color: #eaeaea !important;border-radius: 1px !important;}\u00bb]Por Email[\/vc_column_text][vc_column_text]Env\u00ede un correo a vumireclamos@vumigroup.com con la siguiente informaci\u00f3n: Formulario de reclamaci\u00f3n completado Factura detallada. Prueba de pago. Expedientes&hellip;","og_url":"https:\/\/www.vumigroup.com\/es\/reclamaciones\/","og_site_name":"VUMI","article_modified_time":"2023-08-01T19:23:47+00:00","og_image":[{"width":333,"height":598,"url":"https:\/\/www.vumigroup.com\/wp-content\/uploads\/2019\/06\/myVumi-App.png","type":"image\/png"}],"twitter_card":"summary_large_image","twitter_misc":{"Tiempo de lectura":"1 minuto"},"schema":{"@context":"https:\/\/schema.org","@graph":[{"@type":"WebPage","@id":"https:\/\/www.vumigroup.com\/es\/reclamaciones\/","url":"https:\/\/www.vumigroup.com\/es\/reclamaciones\/","name":"Reclamaciones - VUMI","isPartOf":{"@id":"https:\/\/www.vumigroup.com\/#website"},"primaryImageOfPage":{"@id":"https:\/\/www.vumigroup.com\/es\/reclamaciones\/#primaryimage"},"image":{"@id":"https:\/\/www.vumigroup.com\/es\/reclamaciones\/#primaryimage"},"thumbnailUrl":"https:\/\/www.vumigroup.com\/wp-content\/uploads\/2019\/06\/myVumi-App.png","datePublished":"2020-01-18T03:31:20+00:00","dateModified":"2023-08-01T19:23:47+00:00","breadcrumb":{"@id":"https:\/\/www.vumigroup.com\/es\/reclamaciones\/#breadcrumb"},"inLanguage":"es","potentialAction":[{"@type":"ReadAction","target":["https:\/\/www.vumigroup.com\/es\/reclamaciones\/"]}]},{"@type":"ImageObject","inLanguage":"es","@id":"https:\/\/www.vumigroup.com\/es\/reclamaciones\/#primaryimage","url":"https:\/\/www.vumigroup.com\/wp-content\/uploads\/2019\/06\/myVumi-App.png","contentUrl":"https:\/\/www.vumigroup.com\/wp-content\/uploads\/2019\/06\/myVumi-App.png"},{"@type":"BreadcrumbList","@id":"https:\/\/www.vumigroup.com\/es\/reclamaciones\/#breadcrumb","itemListElement":[{"@type":"ListItem","position":1,"name":"Home","item":"https:\/\/www.vumigroup.com\/"},{"@type":"ListItem","position":2,"name":"Reclamaciones"}]},{"@type":"WebSite","@id":"https:\/\/www.vumigroup.com\/#website","url":"https:\/\/www.vumigroup.com\/","name":"VUMI","description":"VIP Universal Medical Insurance Group","publisher":{"@id":"https:\/\/www.vumigroup.com\/#organization"},"potentialAction":[{"@type":"SearchAction","target":{"@type":"EntryPoint","urlTemplate":"https:\/\/www.vumigroup.com\/?s={search_term_string}"},"query-input":{"@type":"PropertyValueSpecification","valueRequired":true,"valueName":"search_term_string"}}],"inLanguage":"es"},{"@type":"Organization","@id":"https:\/\/www.vumigroup.com\/#organization","name":"VUMI","url":"https:\/\/www.vumigroup.com\/","logo":{"@type":"ImageObject","inLanguage":"es","@id":"https:\/\/www.vumigroup.com\/#\/schema\/logo\/image\/","url":"https:\/\/www.vumigroup.com\/wp-content\/uploads\/2023\/11\/vumi-blue.svg","contentUrl":"https:\/\/www.vumigroup.com\/wp-content\/uploads\/2023\/11\/vumi-blue.svg","caption":"VUMI"},"image":{"@id":"https:\/\/www.vumigroup.com\/#\/schema\/logo\/image\/"}}]}},"_links":{"self":[{"href":"https:\/\/www.vumigroup.com\/es\/wp-json\/wp\/v2\/pages\/944","targetHints":{"allow":["GET"]}}],"collection":[{"href":"https:\/\/www.vumigroup.com\/es\/wp-json\/wp\/v2\/pages"}],"about":[{"href":"https:\/\/www.vumigroup.com\/es\/wp-json\/wp\/v2\/types\/page"}],"author":[{"embeddable":true,"href":"https:\/\/www.vumigroup.com\/es\/wp-json\/wp\/v2\/users\/1"}],"replies":[{"embeddable":true,"href":"https:\/\/www.vumigroup.com\/es\/wp-json\/wp\/v2\/comments?post=944"}],"version-history":[{"count":13,"href":"https:\/\/www.vumigroup.com\/es\/wp-json\/wp\/v2\/pages\/944\/revisions"}],"predecessor-version":[{"id":4709,"href":"https:\/\/www.vumigroup.com\/es\/wp-json\/wp\/v2\/pages\/944\/revisions\/4709"}],"wp:attachment":[{"href":"https:\/\/www.vumigroup.com\/es\/wp-json\/wp\/v2\/media?parent=944"}],"curies":[{"name":"wp","href":"https:\/\/api.w.org\/{rel}","templated":true}]}}