{"id":915,"date":"2020-01-17T04:16:39","date_gmt":"2020-01-17T04:16:39","guid":{"rendered":"https:\/\/www.vumigroup.com\/decision-inteligente\/"},"modified":"2024-07-22T14:17:11","modified_gmt":"2024-07-22T14:17:11","slug":"decision-inteligente","status":"publish","type":"page","link":"https:\/\/www.vumigroup.com\/es\/decision-inteligente\/","title":{"rendered":"Decisi\u00f3n Inteligente"},"content":{"rendered":"<div class=\"wpb-content-wrapper\"><p>[vc_row full_width=\u00bbstretch_row\u00bb css=\u00bb.vc_custom_1571427867823{background: #e5e5e5 url(https:\/\/www.vumicanada.com\/wp-content\/uploads\/2019\/10\/background-DI.jpg?id=583) !important;background-position: center !important;background-repeat: no-repeat !important;background-size: cover !important;}\u00bb][vc_column][vc_empty_space height=\u00bb140&#8243;][vc_column_text]<\/p>\n<p style=\"text-align: center;\"><span style=\"font-family: Oswald; font-weight: bold; font-size: 62px; letter-spacing: -1px; color: #003366;\">#LADECISI\u00d3NINTELIGENTE<\/span><\/p>\n<p>[\/vc_column_text][vc_empty_space height=\u00bb140&#8243;][\/vc_column][\/vc_row][vc_row gap=\u00bb35&#8243; css=\u00bb.vc_custom_1571430136701{padding-top: 120px !important;}\u00bb][vc_column width=\u00bb1\/2&#8243;][vc_empty_space height=\u00bb52px\u00bb][vc_column_text]<\/p>\n<p style=\"font-family: Raleway!important; font-weight: 100!important; font-size: 36px; line-height: 40px;\">Una inversi\u00f3n para su tranquilidad<\/p>\n<p>[\/vc_column_text][vc_column_text]<span style=\"font-family: Lato; font-size: 16px;\">La vida est\u00e1 llena de decisiones cruciales pero solo se necesita una decisi\u00f3n para salvar una vida, cuidar a los que m\u00e1s amamos, darle tranquilidad a nuestro hogar y vivir una vida sin preocupaciones.<\/span>[\/vc_column_text][\/vc_column][vc_column width=\u00bb1\/2&#8243;][vc_column_text css_animation=\u00bbfadeInRight\u00bb]<img fetchpriority=\"high\" decoding=\"async\" class=\"alignnone size-full wp-image-518\" src=\"https:\/\/www.vumigroup.com\/wp-content\/uploads\/2020\/01\/smart-decision-es-01.jpg\" alt=\"\" width=\"924\" height=\"664\" \/>[\/vc_column_text][\/vc_column][\/vc_row][vc_row][vc_column][vc_empty_space height=\u00bb60px\u00bb][\/vc_column][\/vc_row][vc_row gap=\u00bb35&#8243;][vc_column width=\u00bb1\/2&#8243;][vc_column_text css_animation=\u00bbfadeInLeft\u00bb]<img decoding=\"async\" class=\"alignnone size-full wp-image-519\" src=\"https:\/\/www.vumigroup.com\/wp-content\/uploads\/2020\/02\/smart-decision-02-en_.jpg\" alt=\"\" width=\"924\" height=\"664\" \/>[\/vc_column_text][\/vc_column][vc_column width=\u00bb1\/2&#8243;][vc_empty_space height=\u00bb52px\u00bb][vc_column_text]<\/p>\n<p style=\"font-family: Raleway!important; font-weight: 100!important; font-size: 36px; line-height: 40px;\">Cobertura m\u00e9dica, donde sea, cuando sea<\/p>\n<p>[\/vc_column_text][vc_column_text]<span style=\"font-family: Lato; font-size: 16px;\">Una decisi\u00f3n inteligente es tener cobertura mundial disponible cuando m\u00e1s lo necesite; porque el cuidado de la salud no es un gasto, sino una inversi\u00f3n.<\/span>[\/vc_column_text][\/vc_column][\/vc_row][vc_row][vc_column][vc_empty_space height=\u00bb120px\u00bb][\/vc_column][\/vc_row][vc_row gap=\u00bb35&#8243;][vc_column width=\u00bb1\/2&#8243;][vc_empty_space height=\u00bb52px\u00bb][vc_column_text]<\/p>\n<p style=\"font-family: Raleway!important; font-weight: 100!important; font-size: 36px; line-height: 40px;\">Una verdadera experiencia m\u00e9dica VIP<\/p>\n<p>[\/vc_column_text][vc_column_text]<span style=\"font-family: Lato; font-size: 16px;\">VUMI<sup>\u00ae<\/sup> ofrece amplias coberturas, beneficios \u00fanicos y la experiencia y el compromiso de una compa\u00f1\u00eda que ofrece un servicio m\u00e9dico VIP extraordinario con enfoque humano.<\/span>[\/vc_column_text][\/vc_column][vc_column width=\u00bb1\/2&#8243;][vc_column_text css_animation=\u00bbfadeInRight\u00bb]<img decoding=\"async\" class=\"alignnone size-full wp-image-521\" src=\"https:\/\/www.vumigroup.com\/wp-content\/uploads\/2020\/01\/smart-decision-es-03.jpg\" alt=\"\" width=\"924\" height=\"664\" \/>[\/vc_column_text][\/vc_column][\/vc_row][vc_row css=\u00bb.vc_custom_1571430585069{padding-top: 60px !important;}\u00bb][vc_column][vc_column_text]<\/p>\n<p style=\"font-family: Raleway!important; font-weight: 100!important; font-size: 36px; line-height: 40px; text-align: center;\">Estos asegurados tomaron la decisi\u00f3n inteligente de tener un plan de salud VUMI<sup>\u00ae<\/sup>, escuche sus historias.<\/p>\n<p>[\/vc_column_text][vc_empty_space][\/vc_column][\/vc_row][vc_row gap=\u00bb35&#8243;][vc_column width=\u00bb1\/3&#8243;][vc_column_text css=\u00bb\u00bb]<a data-fancybox=\"iframe\" data-type=\"iframe\" data-src=\"https:\/\/www.youtube.com\/embed\/Bu9Owa4me4w?si=K6QJ13RZZCxD4q39;rel=0\"><img loading=\"lazy\" decoding=\"async\" class=\"fancyover\" src=\"https:\/\/www.vumigroup.com\/wp-content\/uploads\/2024\/07\/Karina.png\" alt=\"\" width=\"360\" height=\"200\" \/><\/a>[\/vc_column_text][vc_column_text css=\u00bb.vc_custom_1721319855296{margin-bottom: 8px !important;border-bottom-width: 1px !important;border-bottom-style: solid !important;border-color: #eaeaea !important;}\u00bb]<span style=\"font-family: Raleway; font-size: 24px;\">Karina Moreno<\/span>[\/vc_column_text][vc_column_text css=\u00bb.vc_custom_1721319835808{margin-right: 5px !important;}\u00bb]Despu\u00e9s de unos diagn\u00f3sticos y tratamientos errados, Karina fue diagnosticada con leucemia linfoc\u00edtica aguda. Pero logr\u00f3 recibir el trasplance que necesitaba en la Cl\u00ednica Universidad de Navarra en Espa\u00f1a grarcias a VUMI<sup>\u00ae<\/sup>.[\/vc_column_text][\/vc_column][vc_column width=\u00bb1\/3&#8243;][vc_column_text css=\u00bb\u00bb]<a data-fancybox=\"iframe\" data-type=\"iframe\" data-src=\"https:\/\/www.youtube.com\/embed\/g_jcHU5JOsE;rel=0\"><img loading=\"lazy\" decoding=\"async\" class=\"fancyover\" src=\"https:\/\/www.vumigroup.com\/wp-content\/uploads\/2024\/07\/pedro.png\" alt=\"\" width=\"360\" height=\"200\" \/><\/a>[\/vc_column_text][vc_column_text css=\u00bb.vc_custom_1721320319307{margin-bottom: 8px !important;border-bottom-width: 1px !important;border-bottom-style: solid !important;border-color: #eaeaea !important;}\u00bb]<span style=\"font-family: Raleway; font-size: 24px;\">Pedro Musumeci<\/span>[\/vc_column_text][vc_column_text css=\u00bb.vc_custom_1721320068093{margin-right: 5px !important;}\u00bb]Durante un chequeo anual de rutina, Pedro Musumeci fue diagnosticado con c\u00e1ncer de p\u00e1ncreas. Gracias a los beneficios de su seguro de VUMI<sup>\u00ae<\/sup>, que ofrece libre elecci\u00f3n de m\u00e9dicos y hospitales en todo el mundo, Pedro fue tratado en los mejores centros m\u00e9dicos nacionales e internacionales, y recibi\u00f3 el tratamiento que le salv\u00f3 la vida.[\/vc_column_text][\/vc_column][vc_column width=\u00bb1\/3&#8243;][vc_column_text css=\u00bb\u00bb]<a data-fancybox=\"iframe\" data-type=\"iframe\" data-src=\"https:\/\/www.youtube.com\/embed\/OKIg_BVdwyI;rel=0\"><img loading=\"lazy\" decoding=\"async\" class=\"fancyover\" src=\"https:\/\/www.vumigroup.com\/wp-content\/uploads\/2024\/07\/Arsenio.png\" alt=\"\" width=\"360\" height=\"200\" \/><\/a>[\/vc_column_text][vc_column_text css=\u00bb.vc_custom_1721320156013{margin-bottom: 8px !important;border-bottom-width: 1px !important;border-bottom-style: solid !important;border-color: #eaeaea !important;}\u00bb]<span style=\"font-family: Raleway; font-size: 24px;\">Arsenio Molina<\/span>[\/vc_column_text][vc_column_text css=\u00bb.vc_custom_1721320182151{margin-right: 5px !important;}\u00bb]Despu\u00e9s de ser diagnosticado con c\u00e1ncer de pulm\u00f3n, una cirug\u00eda rob\u00f3tica era la mejor opci\u00f3n de tratamiento. VUMI<sup>\u00ae<\/sup> le brind\u00f3 acceso a uno de los mejores hospitales de EE. UU. y la cobertura integral de su tratamiento en Chile.[\/vc_column_text][\/vc_column][\/vc_row][vc_row gap=\u00bb35&#8243;][vc_column width=\u00bb1\/3&#8243;][vc_column_text]<a data-fancybox=\"iframe\" data-type=\"iframe\" data-src=\"https:\/\/www.youtube.com\/embed\/Jjq327irNXw?modestbranding=1;rel=0\"><img loading=\"lazy\" decoding=\"async\" class=\"fancyover\" src=\"https:\/\/www.vumigroup.com\/wp-content\/uploads\/2020\/01\/lulo-testimonial.jpg\" alt=\"\" width=\"360\" height=\"200\" \/><\/a>[\/vc_column_text][vc_column_text css=\u00bb.vc_custom_1579108754344{margin-bottom: 8px !important;border-bottom-width: 1px !important;border-bottom-color: #eaeaea !important;border-bottom-style: solid !important;}\u00bb]<span style=\"font-family: Raleway; font-size: 24px;\">Jos\u00e9 Lulo<\/span>[\/vc_column_text][vc_column_text css=\u00bb.vc_custom_1581373235519{margin-right: 5px !important;}\u00bb]Despu\u00e9s de varias evaluaciones m\u00e9dicas incorrectas, Jos\u00e9 Tom\u00e1s fue diagnosticado con la rara enfermedad de Crohn, una enfermedad inflamatoria cr\u00f3nica del tracto digestivo que podr\u00eda poner en riesgo su vida.[\/vc_column_text][\/vc_column][vc_column width=\u00bb1\/3&#8243;][vc_column_text]<a data-fancybox=\"iframe\" data-type=\"iframe\" data-src=\"https:\/\/www.youtube.com\/embed\/7xySYRx_2yA?modestbranding=1;rel=0\"><img loading=\"lazy\" decoding=\"async\" class=\"fancyover\" src=\"https:\/\/www.vumigroup.com\/wp-content\/uploads\/2020\/01\/alexis-testimonial.jpg\" alt=\"\" width=\"360\" height=\"200\" \/><\/a>[\/vc_column_text][vc_column_text css=\u00bb.vc_custom_1579108762123{margin-bottom: 8px !important;border-bottom-width: 1px !important;border-bottom-color: #eaeaea !important;border-bottom-style: solid !important;}\u00bb]<span style=\"font-family: Raleway; font-size: 24px;\">Alexis Dorta<\/span>[\/vc_column_text][vc_column_text css=\u00bb.vc_custom_1581372910029{margin-right: 5px !important;}\u00bb]Alexis Dorta, un entusiasta del ciclismo, sufri\u00f3 un grave accidente que podr\u00eda haberle costado la p\u00e9rdida total de su brazo izquierdo. Gracias a la Segunda Opini\u00f3n M\u00e9dica VIP y la respuesta efectiva de VUMI\u00ae, hoy puede continuar jugando el deporte que tanto ama.[\/vc_column_text][\/vc_column][vc_column width=\u00bb1\/3&#8243;][vc_column_text]<a data-fancybox=\"iframe\" data-type=\"iframe\" data-src=\"https:\/\/www.youtube.com\/embed\/Aa6NH_kdd4w?modestbranding=1;rel=0\"><img loading=\"lazy\" decoding=\"async\" class=\"fancyover\" src=\"https:\/\/www.vumigroup.com\/wp-content\/uploads\/2020\/01\/alessia-testimonial.jpg\" alt=\"\" width=\"360\" height=\"200\" \/><\/a>[\/vc_column_text][vc_column_text css=\u00bb.vc_custom_1579108767681{margin-bottom: 8px !important;border-bottom-width: 1px !important;border-bottom-color: #eaeaea !important;border-bottom-style: solid !important;}\u00bb]<span style=\"font-family: Raleway; font-size: 24px;\">Alessia Jerves<\/span>[\/vc_column_text][vc_column_text css=\u00bb.vc_custom_1581372924973{margin-right: 5px !important;}\u00bb]Justo un d\u00eda antes de su segundo cumplea\u00f1os, Alessia sufri\u00f3 un derrame cerebral que requer\u00eda su traslado urgente al Nicklaus Children&#8217;s Hospital en Miami, Florida, desde Ecuador. VUMI\u00ae logr\u00f3 hacerlo en poco tiempo para que recibiera la atenci\u00f3n que necesitaba para lograr salvar su vida.[\/vc_column_text][\/vc_column][\/vc_row][vc_row gap=\u00bb35&#8243;][vc_column width=\u00bb1\/3&#8243;][vc_column_text css=\u00bb\u00bb]<a data-fancybox=\"iframe\" data-type=\"iframe\" data-src=\"https:\/\/www.youtube.com\/embed\/88kNNWR6Tyw;rel=0\"><img loading=\"lazy\" decoding=\"async\" class=\"fancyover\" src=\"https:\/\/www.vumigroup.com\/wp-content\/uploads\/2024\/07\/jose-franco.png\" alt=\"\" width=\"360\" height=\"200\" \/><\/a>[\/vc_column_text][vc_column_text css=\u00bb.vc_custom_1721657648352{margin-bottom: 8px !important;border-bottom-width: 1px !important;border-bottom-style: solid !important;border-color: #eaeaea !important;}\u00bb]<span style=\"font-family: Raleway; font-size: 24px;\">Jose Franco<\/span>[\/vc_column_text][vc_column_text css=\u00bb.vc_custom_1721657747023{margin-right: 5px !important;}\u00bb]Los accidentes no avisan y ese fue el caso de Jos\u00e9 Franco cuando choc\u00f3 frente al muelle mientras realizaba una actividad a\u00e9rea. VUMI<sup>\u00ae<\/sup> respald\u00f3 su recuperaci\u00f3n para que hoy siga contando su historia.[\/vc_column_text][\/vc_column][\/vc_row]<\/p>\n<\/div>","protected":false},"excerpt":{"rendered":"<p>[vc_row full_width=\u00bbstretch_row\u00bb css=\u00bb.vc_custom_1571427867823{background: #e5e5e5 url(https:\/\/www.vumicanada.com\/wp-content\/uploads\/2019\/10\/background-DI.jpg?id=583) !important;background-position: center !important;background-repeat: no-repeat !important;background-size: cover !important;}\u00bb][vc_column][vc_empty_space height=\u00bb140&#8243;][vc_column_text] #LADECISI\u00d3NINTELIGENTE [\/vc_column_text][vc_empty_space height=\u00bb140&#8243;][\/vc_column][\/vc_row][vc_row gap=\u00bb35&#8243; css=\u00bb.vc_custom_1571430136701{padding-top: 120px !important;}\u00bb][vc_column width=\u00bb1\/2&#8243;][vc_empty_space height=\u00bb52px\u00bb][vc_column_text] Una inversi\u00f3n para su tranquilidad [\/vc_column_text][vc_column_text]La vida est\u00e1 llena de decisiones cruciales pero solo se necesita una decisi\u00f3n para salvar una vida, cuidar a los que m\u00e1s amamos, darle tranquilidad a nuestro hogar&hellip;<\/p>\n","protected":false},"author":1,"featured_media":0,"parent":0,"menu_order":0,"comment_status":"closed","ping_status":"closed","template":"","meta":{"footnotes":""},"class_list":["post-915","page","type-page","status-publish","hentry","description-off"],"yoast_head":"<!-- This site is optimized with the Yoast SEO plugin v26.7 - https:\/\/yoast.com\/wordpress\/plugins\/seo\/ -->\n<title>Decisi\u00f3n Inteligente - VUMI<\/title>\n<meta name=\"robots\" content=\"index, follow, max-snippet:-1, max-image-preview:large, max-video-preview:-1\" \/>\n<link rel=\"canonical\" href=\"https:\/\/www.vumigroup.com\/es\/decision-inteligente\/\" \/>\n<meta property=\"og:locale\" content=\"es_ES\" \/>\n<meta property=\"og:type\" content=\"article\" \/>\n<meta property=\"og:title\" content=\"Decisi\u00f3n Inteligente - VUMI\" \/>\n<meta property=\"og:description\" content=\"[vc_row full_width=\u00bbstretch_row\u00bb css=\u00bb.vc_custom_1571427867823{background: #e5e5e5 url(https:\/\/www.vumicanada.com\/wp-content\/uploads\/2019\/10\/background-DI.jpg?id=583) !important;background-position: center !important;background-repeat: no-repeat !important;background-size: cover !important;}\u00bb][vc_column][vc_empty_space height=\u00bb140&#8243;][vc_column_text] #LADECISI\u00d3NINTELIGENTE [\/vc_column_text][vc_empty_space height=\u00bb140&#8243;][\/vc_column][\/vc_row][vc_row gap=\u00bb35&#8243; css=\u00bb.vc_custom_1571430136701{padding-top: 120px !important;}\u00bb][vc_column width=\u00bb1\/2&#8243;][vc_empty_space height=\u00bb52px\u00bb][vc_column_text] Una inversi\u00f3n para su tranquilidad [\/vc_column_text][vc_column_text]La vida est\u00e1 llena de decisiones cruciales pero solo se necesita una decisi\u00f3n para salvar una vida, cuidar a los que m\u00e1s amamos, darle tranquilidad a nuestro hogar&hellip;\" \/>\n<meta property=\"og:url\" content=\"https:\/\/www.vumigroup.com\/es\/decision-inteligente\/\" \/>\n<meta property=\"og:site_name\" content=\"VUMI\" \/>\n<meta property=\"article:modified_time\" content=\"2024-07-22T14:17:11+00:00\" \/>\n<meta property=\"og:image\" content=\"https:\/\/www.vumigroup.com\/wp-content\/uploads\/2020\/01\/smart-decision-es-01.jpg\" \/>\n<meta name=\"twitter:card\" content=\"summary_large_image\" \/>\n<meta name=\"twitter:label1\" content=\"Tiempo de lectura\" \/>\n\t<meta name=\"twitter:data1\" content=\"5 minutos\" \/>\n<script type=\"application\/ld+json\" class=\"yoast-schema-graph\">{\"@context\":\"https:\/\/schema.org\",\"@graph\":[{\"@type\":\"WebPage\",\"@id\":\"https:\/\/www.vumigroup.com\/es\/decision-inteligente\/\",\"url\":\"https:\/\/www.vumigroup.com\/es\/decision-inteligente\/\",\"name\":\"Decisi\u00f3n Inteligente - VUMI\",\"isPartOf\":{\"@id\":\"https:\/\/www.vumigroup.com\/#website\"},\"primaryImageOfPage\":{\"@id\":\"https:\/\/www.vumigroup.com\/es\/decision-inteligente\/#primaryimage\"},\"image\":{\"@id\":\"https:\/\/www.vumigroup.com\/es\/decision-inteligente\/#primaryimage\"},\"thumbnailUrl\":\"https:\/\/www.vumigroup.com\/wp-content\/uploads\/2020\/01\/smart-decision-es-01.jpg\",\"datePublished\":\"2020-01-17T04:16:39+00:00\",\"dateModified\":\"2024-07-22T14:17:11+00:00\",\"breadcrumb\":{\"@id\":\"https:\/\/www.vumigroup.com\/es\/decision-inteligente\/#breadcrumb\"},\"inLanguage\":\"es\",\"potentialAction\":[{\"@type\":\"ReadAction\",\"target\":[\"https:\/\/www.vumigroup.com\/es\/decision-inteligente\/\"]}]},{\"@type\":\"ImageObject\",\"inLanguage\":\"es\",\"@id\":\"https:\/\/www.vumigroup.com\/es\/decision-inteligente\/#primaryimage\",\"url\":\"https:\/\/www.vumigroup.com\/wp-content\/uploads\/2020\/01\/smart-decision-es-01.jpg\",\"contentUrl\":\"https:\/\/www.vumigroup.com\/wp-content\/uploads\/2020\/01\/smart-decision-es-01.jpg\"},{\"@type\":\"BreadcrumbList\",\"@id\":\"https:\/\/www.vumigroup.com\/es\/decision-inteligente\/#breadcrumb\",\"itemListElement\":[{\"@type\":\"ListItem\",\"position\":1,\"name\":\"Home\",\"item\":\"https:\/\/www.vumigroup.com\/\"},{\"@type\":\"ListItem\",\"position\":2,\"name\":\"Decisi\u00f3n Inteligente\"}]},{\"@type\":\"WebSite\",\"@id\":\"https:\/\/www.vumigroup.com\/#website\",\"url\":\"https:\/\/www.vumigroup.com\/\",\"name\":\"VUMI\",\"description\":\"VIP Universal Medical Insurance Group\",\"publisher\":{\"@id\":\"https:\/\/www.vumigroup.com\/#organization\"},\"potentialAction\":[{\"@type\":\"SearchAction\",\"target\":{\"@type\":\"EntryPoint\",\"urlTemplate\":\"https:\/\/www.vumigroup.com\/?s={search_term_string}\"},\"query-input\":{\"@type\":\"PropertyValueSpecification\",\"valueRequired\":true,\"valueName\":\"search_term_string\"}}],\"inLanguage\":\"es\"},{\"@type\":\"Organization\",\"@id\":\"https:\/\/www.vumigroup.com\/#organization\",\"name\":\"VUMI\",\"url\":\"https:\/\/www.vumigroup.com\/\",\"logo\":{\"@type\":\"ImageObject\",\"inLanguage\":\"es\",\"@id\":\"https:\/\/www.vumigroup.com\/#\/schema\/logo\/image\/\",\"url\":\"https:\/\/www.vumigroup.com\/wp-content\/uploads\/2023\/11\/vumi-blue.svg\",\"contentUrl\":\"https:\/\/www.vumigroup.com\/wp-content\/uploads\/2023\/11\/vumi-blue.svg\",\"caption\":\"VUMI\"},\"image\":{\"@id\":\"https:\/\/www.vumigroup.com\/#\/schema\/logo\/image\/\"}}]}<\/script>\n<!-- \/ Yoast SEO plugin. -->","yoast_head_json":{"title":"Decisi\u00f3n Inteligente - VUMI","robots":{"index":"index","follow":"follow","max-snippet":"max-snippet:-1","max-image-preview":"max-image-preview:large","max-video-preview":"max-video-preview:-1"},"canonical":"https:\/\/www.vumigroup.com\/es\/decision-inteligente\/","og_locale":"es_ES","og_type":"article","og_title":"Decisi\u00f3n Inteligente - VUMI","og_description":"[vc_row full_width=\u00bbstretch_row\u00bb css=\u00bb.vc_custom_1571427867823{background: #e5e5e5 url(https:\/\/www.vumicanada.com\/wp-content\/uploads\/2019\/10\/background-DI.jpg?id=583) !important;background-position: center !important;background-repeat: no-repeat !important;background-size: cover !important;}\u00bb][vc_column][vc_empty_space height=\u00bb140&#8243;][vc_column_text] #LADECISI\u00d3NINTELIGENTE [\/vc_column_text][vc_empty_space height=\u00bb140&#8243;][\/vc_column][\/vc_row][vc_row gap=\u00bb35&#8243; css=\u00bb.vc_custom_1571430136701{padding-top: 120px !important;}\u00bb][vc_column width=\u00bb1\/2&#8243;][vc_empty_space height=\u00bb52px\u00bb][vc_column_text] Una inversi\u00f3n para su tranquilidad [\/vc_column_text][vc_column_text]La vida est\u00e1 llena de decisiones cruciales pero solo se necesita una decisi\u00f3n para salvar una vida, cuidar a los que m\u00e1s amamos, darle tranquilidad a nuestro hogar&hellip;","og_url":"https:\/\/www.vumigroup.com\/es\/decision-inteligente\/","og_site_name":"VUMI","article_modified_time":"2024-07-22T14:17:11+00:00","og_image":[{"url":"https:\/\/www.vumigroup.com\/wp-content\/uploads\/2020\/01\/smart-decision-es-01.jpg","type":"","width":"","height":""}],"twitter_card":"summary_large_image","twitter_misc":{"Tiempo de lectura":"5 minutos"},"schema":{"@context":"https:\/\/schema.org","@graph":[{"@type":"WebPage","@id":"https:\/\/www.vumigroup.com\/es\/decision-inteligente\/","url":"https:\/\/www.vumigroup.com\/es\/decision-inteligente\/","name":"Decisi\u00f3n Inteligente - VUMI","isPartOf":{"@id":"https:\/\/www.vumigroup.com\/#website"},"primaryImageOfPage":{"@id":"https:\/\/www.vumigroup.com\/es\/decision-inteligente\/#primaryimage"},"image":{"@id":"https:\/\/www.vumigroup.com\/es\/decision-inteligente\/#primaryimage"},"thumbnailUrl":"https:\/\/www.vumigroup.com\/wp-content\/uploads\/2020\/01\/smart-decision-es-01.jpg","datePublished":"2020-01-17T04:16:39+00:00","dateModified":"2024-07-22T14:17:11+00:00","breadcrumb":{"@id":"https:\/\/www.vumigroup.com\/es\/decision-inteligente\/#breadcrumb"},"inLanguage":"es","potentialAction":[{"@type":"ReadAction","target":["https:\/\/www.vumigroup.com\/es\/decision-inteligente\/"]}]},{"@type":"ImageObject","inLanguage":"es","@id":"https:\/\/www.vumigroup.com\/es\/decision-inteligente\/#primaryimage","url":"https:\/\/www.vumigroup.com\/wp-content\/uploads\/2020\/01\/smart-decision-es-01.jpg","contentUrl":"https:\/\/www.vumigroup.com\/wp-content\/uploads\/2020\/01\/smart-decision-es-01.jpg"},{"@type":"BreadcrumbList","@id":"https:\/\/www.vumigroup.com\/es\/decision-inteligente\/#breadcrumb","itemListElement":[{"@type":"ListItem","position":1,"name":"Home","item":"https:\/\/www.vumigroup.com\/"},{"@type":"ListItem","position":2,"name":"Decisi\u00f3n Inteligente"}]},{"@type":"WebSite","@id":"https:\/\/www.vumigroup.com\/#website","url":"https:\/\/www.vumigroup.com\/","name":"VUMI","description":"VIP Universal Medical Insurance Group","publisher":{"@id":"https:\/\/www.vumigroup.com\/#organization"},"potentialAction":[{"@type":"SearchAction","target":{"@type":"EntryPoint","urlTemplate":"https:\/\/www.vumigroup.com\/?s={search_term_string}"},"query-input":{"@type":"PropertyValueSpecification","valueRequired":true,"valueName":"search_term_string"}}],"inLanguage":"es"},{"@type":"Organization","@id":"https:\/\/www.vumigroup.com\/#organization","name":"VUMI","url":"https:\/\/www.vumigroup.com\/","logo":{"@type":"ImageObject","inLanguage":"es","@id":"https:\/\/www.vumigroup.com\/#\/schema\/logo\/image\/","url":"https:\/\/www.vumigroup.com\/wp-content\/uploads\/2023\/11\/vumi-blue.svg","contentUrl":"https:\/\/www.vumigroup.com\/wp-content\/uploads\/2023\/11\/vumi-blue.svg","caption":"VUMI"},"image":{"@id":"https:\/\/www.vumigroup.com\/#\/schema\/logo\/image\/"}}]}},"_links":{"self":[{"href":"https:\/\/www.vumigroup.com\/es\/wp-json\/wp\/v2\/pages\/915","targetHints":{"allow":["GET"]}}],"collection":[{"href":"https:\/\/www.vumigroup.com\/es\/wp-json\/wp\/v2\/pages"}],"about":[{"href":"https:\/\/www.vumigroup.com\/es\/wp-json\/wp\/v2\/types\/page"}],"author":[{"embeddable":true,"href":"https:\/\/www.vumigroup.com\/es\/wp-json\/wp\/v2\/users\/1"}],"replies":[{"embeddable":true,"href":"https:\/\/www.vumigroup.com\/es\/wp-json\/wp\/v2\/comments?post=915"}],"version-history":[{"count":32,"href":"https:\/\/www.vumigroup.com\/es\/wp-json\/wp\/v2\/pages\/915\/revisions"}],"predecessor-version":[{"id":6115,"href":"https:\/\/www.vumigroup.com\/es\/wp-json\/wp\/v2\/pages\/915\/revisions\/6115"}],"wp:attachment":[{"href":"https:\/\/www.vumigroup.com\/es\/wp-json\/wp\/v2\/media?parent=915"}],"curies":[{"name":"wp","href":"https:\/\/api.w.org\/{rel}","templated":true}]}}