{"id":897,"date":"2020-01-17T03:50:59","date_gmt":"2020-01-17T03:50:59","guid":{"rendered":"https:\/\/www.vumigroup.com\/socios-operativos\/"},"modified":"2022-08-15T17:27:30","modified_gmt":"2022-08-15T17:27:30","slug":"socios-operativos","status":"publish","type":"page","link":"https:\/\/www.vumigroup.com\/es\/socios-operativos\/","title":{"rendered":"Socios Operativos"},"content":{"rendered":"<div class=\"wpb-content-wrapper\"><p>[vc_row][vc_column][vc_column_text]<span style=\"font-family: Raleway; font-size: 32px;\">Socios Operativos<\/span>[\/vc_column_text][vc_empty_space][\/vc_column][\/vc_row][vc_row gap=\u00bb35&#8243;][vc_column width=\u00bb1\/3&#8243;][vc_column_text css=\u00bb.vc_custom_1578933527277{margin-bottom: 10px !important;padding-bottom: 0px !important;}\u00bb]<img decoding=\"async\" class=\"aligncenter size-full wp-image-715\" src=\"https:\/\/www.vumigroup.com\/wp-content\/uploads\/2020\/01\/logo-savitar.jpg\" alt=\"\" width=\"340\" height=\"100\" srcset=\"https:\/\/www.vumigroup.com\/wp-content\/uploads\/2020\/01\/logo-savitar.jpg 340w, https:\/\/www.vumigroup.com\/wp-content\/uploads\/2020\/01\/logo-savitar-300x88.jpg 300w\" sizes=\"(max-width: 340px) 100vw, 340px\" \/>[\/vc_column_text][vc_column_text]<\/p>\n<div class=\"page\" title=\"Page 5\">\n<div class=\"section\">\n<div class=\"layoutArea\">\n<div class=\"column\">\n<p>Savitar Group es una compa\u00f1\u00eda de asistencia m\u00e9dica internacional con vasta experiencia en Europa y Asia.<\/p>\n<\/div>\n<\/div>\n<\/div>\n<\/div>\n<p>[\/vc_column_text][\/vc_column][vc_column width=\u00bb1\/3&#8243;][vc_column_text css=\u00bb.vc_custom_1578933539745{margin-bottom: 10px !important;}\u00bb]<img decoding=\"async\" class=\"aligncenter wp-image-711 size-full\" src=\"https:\/\/www.vumigroup.com\/wp-content\/uploads\/2020\/01\/logo-ap.jpg\" alt=\"\" width=\"340\" height=\"101\" srcset=\"https:\/\/www.vumigroup.com\/wp-content\/uploads\/2020\/01\/logo-ap.jpg 340w, https:\/\/www.vumigroup.com\/wp-content\/uploads\/2020\/01\/logo-ap-300x89.jpg 300w\" sizes=\"(max-width: 340px) 100vw, 340px\" \/>[\/vc_column_text][vc_column_text]<\/p>\n<div class=\"page\" title=\"Page 5\">\n<div class=\"section\">\n<div class=\"layoutArea\">\n<div class=\"column\">\n<p>AP Companies es la compa\u00f1\u00eda de asistencia m\u00e9dica independiente m\u00e1s grande con una vasta red de proveedores m\u00e9dicos en todo el mundo y m\u00e1s de 37.700 proveedores directos en 185 pa\u00edses.<\/p>\n<\/div>\n<\/div>\n<\/div>\n<\/div>\n<p>[\/vc_column_text][\/vc_column][vc_column width=\u00bb1\/3&#8243;][vc_column_text css=\u00bb.vc_custom_1578933554404{margin-bottom: 10px !important;}\u00bb]<img decoding=\"async\" class=\"aligncenter wp-image-716 size-full\" src=\"https:\/\/www.vumigroup.com\/wp-content\/uploads\/2020\/01\/logo-wa.jpg\" alt=\"\" width=\"340\" height=\"101\" srcset=\"https:\/\/www.vumigroup.com\/wp-content\/uploads\/2020\/01\/logo-wa.jpg 340w, https:\/\/www.vumigroup.com\/wp-content\/uploads\/2020\/01\/logo-wa-300x89.jpg 300w\" sizes=\"(max-width: 340px) 100vw, 340px\" \/>[\/vc_column_text][vc_column_text]<\/p>\n<div class=\"page\" title=\"Page 5\">\n<div class=\"section\">\n<div class=\"layoutArea\">\n<div class=\"column\">\n<p style=\"text-align: center;\">WA Globality es un administrador externo en Brasil.<\/p>\n<\/div>\n<\/div>\n<\/div>\n<\/div>\n<p>[\/vc_column_text][\/vc_column][\/vc_row][vc_row gap=\u00bb35&#8243;][vc_column width=\u00bb1\/3&#8243;][vc_column_text css=\u00bb.vc_custom_1578933561359{margin-bottom: 10px !important;}\u00bb]<img loading=\"lazy\" decoding=\"async\" class=\"aligncenter wp-image-710 size-full\" src=\"https:\/\/www.vumigroup.com\/wp-content\/uploads\/2020\/01\/logo-aetna.jpg\" alt=\"\" width=\"340\" height=\"101\" srcset=\"https:\/\/www.vumigroup.com\/wp-content\/uploads\/2020\/01\/logo-aetna.jpg 340w, https:\/\/www.vumigroup.com\/wp-content\/uploads\/2020\/01\/logo-aetna-300x89.jpg 300w\" sizes=\"(max-width: 340px) 100vw, 340px\" \/>[\/vc_column_text][vc_column_text]<\/p>\n<div class=\"page\" title=\"Page 5\">\n<div class=\"section\">\n<div class=\"layoutArea\">\n<div class=\"column\">\n<div class=\"page\" title=\"Page 5\">\n<div class=\"section\">\n<div class=\"layoutArea\">\n<div class=\"column\">\n<p>Aetna es una de las compa\u00f1\u00edas de beneficios de salud m\u00e1s grandes de EE.UU. Fundada en 1853, la red de hospitales de Aetna cuenta con m\u00e1s de 1.1 millones de profesionales de la salud y 5.500 hospitales alrededor de EE.UU.<\/p>\n<\/div>\n<\/div>\n<\/div>\n<\/div>\n<\/div>\n<\/div>\n<\/div>\n<\/div>\n<p>[\/vc_column_text][\/vc_column][vc_column width=\u00bb1\/3&#8243;][vc_column_text css=\u00bb.vc_custom_1578933572485{margin-bottom: 10px !important;}\u00bb]<img loading=\"lazy\" decoding=\"async\" class=\"aligncenter wp-image-712 size-full\" src=\"https:\/\/www.vumigroup.com\/wp-content\/uploads\/2020\/01\/logo-bdo.jpg\" alt=\"\" width=\"340\" height=\"101\" srcset=\"https:\/\/www.vumigroup.com\/wp-content\/uploads\/2020\/01\/logo-bdo.jpg 340w, https:\/\/www.vumigroup.com\/wp-content\/uploads\/2020\/01\/logo-bdo-300x89.jpg 300w\" sizes=\"(max-width: 340px) 100vw, 340px\" \/>[\/vc_column_text][vc_column_text]<\/p>\n<div class=\"page\" title=\"Page 5\">\n<div class=\"section\">\n<div class=\"layoutArea\">\n<div class=\"column\">\n<div class=\"page\" title=\"Page 5\">\n<div class=\"section\">\n<div class=\"layoutArea\">\n<div class=\"column\">\n<p>BDO es una organizaci\u00f3n internacional l\u00edder de consultor\u00eda, asesor\u00eda financiera y contabilidad con una red global de 1.328 oficinas en 151 pa\u00edses.<\/p>\n<\/div>\n<\/div>\n<\/div>\n<\/div>\n<\/div>\n<\/div>\n<\/div>\n<\/div>\n<p>[\/vc_column_text][\/vc_column][vc_column width=\u00bb1\/3&#8243;][vc_column_text css=\u00bb.vc_custom_1582751732580{margin-bottom: 20px !important;padding-top: 17px !important;}\u00bb]<img loading=\"lazy\" decoding=\"async\" class=\"wp-image-205 aligncenter\" src=\"https:\/\/www.vumigroup.com\/wp-content\/uploads\/2019\/07\/NHSI-300-logo.png\" alt=\"\" width=\"250\" height=\"75\" \/>[\/vc_column_text][vc_column_text]Compa\u00f1\u00eda internacional de contenci\u00f3n de costos que sirve a muchas de las compa\u00f1\u00edas de seguros de salud m\u00e1s grandes del mundo.[\/vc_column_text][\/vc_column][\/vc_row][vc_row gap=\u00bb35&#8243;][vc_column width=\u00bb1\/3&#8243;][vc_column_text css=\u00bb.vc_custom_1582751712452{margin-bottom: 20px !important;padding-top: 17px !important;}\u00bb]<img loading=\"lazy\" decoding=\"async\" class=\"wp-image-204 aligncenter\" src=\"https:\/\/www.vumigroup.com\/wp-content\/uploads\/2019\/07\/IMS-300-logo.png\" alt=\"\" width=\"247\" height=\"74\" \/>[\/vc_column_text][vc_column_text]Red de la Organizaci\u00f3n de Proveedores Preferidos (PPO) de EE. UU. Que tambi\u00e9n proporciona servicios de administraci\u00f3n de PPO.[\/vc_column_text][\/vc_column][vc_column width=\u00bb1\/3&#8243;][vc_column_text css=\u00bb.vc_custom_1578933578466{margin-bottom: 10px !important;}\u00bb]<img loading=\"lazy\" decoding=\"async\" class=\"aligncenter wp-image-713 size-full\" src=\"https:\/\/www.vumigroup.com\/wp-content\/uploads\/2020\/01\/logo-jackson.jpg\" alt=\"\" width=\"340\" height=\"101\" srcset=\"https:\/\/www.vumigroup.com\/wp-content\/uploads\/2020\/01\/logo-jackson.jpg 340w, https:\/\/www.vumigroup.com\/wp-content\/uploads\/2020\/01\/logo-jackson-300x89.jpg 300w\" sizes=\"(max-width: 340px) 100vw, 340px\" \/>[\/vc_column_text][vc_column_text]<\/p>\n<div class=\"page\" title=\"Page 5\">\n<div class=\"section\">\n<div class=\"layoutArea\">\n<div class=\"column\">\n<div class=\"page\" title=\"Page 5\">\n<div class=\"section\">\n<div class=\"layoutArea\">\n<div class=\"column\">\n<div class=\"page\" title=\"Page 5\">\n<div class=\"section\">\n<div class=\"layoutArea\">\n<div class=\"column\">\n<p>Jackson International conecta a los pacientes que necesitan tratamientos especializados con uno de los sistemas de salud m\u00e1s prestigiosos de EE.UU.<\/p>\n<\/div>\n<\/div>\n<\/div>\n<\/div>\n<\/div>\n<\/div>\n<\/div>\n<\/div>\n<\/div>\n<\/div>\n<\/div>\n<\/div>\n<p>[\/vc_column_text][\/vc_column][vc_column width=\u00bb1\/3&#8243;][vc_column_text css=\u00bb.vc_custom_1644615908823{margin-bottom: 20px !important;padding-top: 17px !important;padding-right: 20px !important;}\u00bb]<img loading=\"lazy\" decoding=\"async\" class=\"wp-image-1786 aligncenter\" src=\"https:\/\/www.vumigroup.com\/wp-content\/uploads\/2020\/05\/MediGuide-300x151.png\" alt=\"\" width=\"155\" height=\"78\" srcset=\"https:\/\/www.vumigroup.com\/wp-content\/uploads\/2020\/05\/MediGuide-300x151.png 300w, https:\/\/www.vumigroup.com\/wp-content\/uploads\/2020\/05\/MediGuide.png 724w\" sizes=\"(max-width: 155px) 100vw, 155px\" \/>[\/vc_column_text][vc_column_text]En asociaci\u00f3n con MediGuide International, un proveedor de opiniones m\u00e9dicas de clase mundial con base en EE. UU., VUMI\u00ae ofrece la Segunda Opini\u00f3n M\u00e9dica VIP como un servicio complementario en todos sus planes.[\/vc_column_text][\/vc_column][\/vc_row][vc_row full_width=\u00bbstretch_row\u00bb css=\u00bb.vc_custom_1578933684906{margin-top: 80px !important;padding-top: 100px !important;padding-bottom: 100px !important;background-color: #0f2e57 !important;}\u00bb][vc_column width=\u00bb1\/2&#8243;][vc_column_text]<\/p>\n<p style=\"font-size: 36px; line-height: 40px; font-family: Raleway !important; font-weight: 100 !important; text-align: left;\"><span style=\"color: #ffffff;\">VUMI<sup>\u00ae<\/sup> International Patient Reception Center<\/span><\/p>\n<p>[\/vc_column_text][vc_column_text]<span style=\"color: #ffffff;\">VUMI\u00ae sabe lo estresante que es estar fuera de casa para recibir atenci\u00f3n m\u00e9dica de calidad. VUMI\u00ae se asoci\u00f3 con el Jackson Health System para poner a disposici\u00f3n el Centro de Recepci\u00f3n VUMI para Pacientes Internacionales en el Hospital Jackson Memorial en Miami, Florida en Estados Unidos. VUMI\u00ae form\u00f3 esta alianza estrat\u00e9gica como parte de su compromiso de ofrecer un servicio VIP para que los asegurados y sus familias reciban la mejor atenci\u00f3n en cada paso del proceso durante su tratamiento.<br \/>\n<\/span><\/p>\n<p><span style=\"color: #ffffff;\">El centro es un oasis exclusivo que cuenta con servicios hospitalarios de primera clase, adem\u00e1s de lujosas salas de espera, un centro de negocios de servicio completo y cuartos de examinaci\u00f3n privados. Coordinadores de hospitalidad est\u00e1n disponibles en el centro las 24 horas del d\u00eda para ayudar con todos los aspectos de la estad\u00eda del paciente.<\/span>[\/vc_column_text][\/vc_column][vc_column width=\u00bb1\/2&#8243; css=\u00bb.vc_custom_1562884214757{padding-top: 100px !important;}\u00bb]<div id=\"modal-trg-txt-wrap-7145\" class=\"ult-modal-input-wrapper ult-adjust-bottom-margin    \" data-keypress-control=\"keypress-control-enable\" data-overlay-control=\"overlay-control-enable\"><img decoding=\"async\" tabindex=\"0\" src=\"https:\/\/www.vumigroup.com\/wp-content\/uploads\/2019\/07\/vumi-jackson-health@2x.png\" alt=\"null\" data-class-id=\"content-69ef7f812bb198-33523111\" class=\"ult-modal-img overlay-show ult-align-center ult-modal-image-\" data-overlay-class=\"overlay-fade\"\/><\/div>\n<div class=\"ult-overlay content-69ef7f812bb198-33523111 \" data-class=\"content-69ef7f812bb198-33523111\" id=\"button-click-overlay\" style=\"background:rgba(0,0,0,0.95); display:none;\">\n\t<div class=\"ult_modal ult-fade ult-medium\">\n\t<div class=\"ult-overlay-close popup-top-right\" style=\"width:40px;height:40px;  \"><div class=\"ult-overlay-close-inside\">Close<\/div><\/div>\n\t\t<div id=\"ult-modal-wrap-7185\" class=\"ult_modal-content ult-hide\" style=\"border-style:solid;border-width:2px;border-radius:0px;border-color:#333333;\">\n\t\t\t<div  data-ultimate-target='#ult-modal-wrap-7185 .ult_modal-body'  data-responsive-json-new='{\"font-size\":\"\",\"line-height\":\"\"}'  class=\"ult_modal-body ult-responsive ult-youtube\" style=\"background:rgba(0,0,0,0.95);\">\n\t\t\t<iframe src=\"https:\/\/www.youtube.com\/embed\/zJv8flJiN6M?rel=0\" width=\"560\" height=\"315\" frameborder=\"0\" allowfullscreen=\"allowfullscreen\"><span data-mce-type=\"bookmark\" style=\"display: inline-block; width: 0px; overflow: hidden; line-height: 0;\" class=\"mce_SELRES_start\">\ufeff<\/span><span data-mce-type=\"bookmark\" style=\"display: inline-block; width: 0px; overflow: hidden; line-height: 0;\" class=\"mce_SELRES_start\">\ufeff<\/span><\/iframe>\n\t\t\t<\/div>\n\t<\/div>\n\t<\/div>\n<\/div>[\/vc_column][\/vc_row]<\/p>\n<\/div>","protected":false},"excerpt":{"rendered":"<p>[vc_row][vc_column][vc_column_text]Socios Operativos[\/vc_column_text][vc_empty_space][\/vc_column][\/vc_row][vc_row gap=\u00bb35&#8243;][vc_column width=\u00bb1\/3&#8243;][vc_column_text css=\u00bb.vc_custom_1578933527277{margin-bottom: 10px !important;padding-bottom: 0px !important;}\u00bb][\/vc_column_text][vc_column_text] Savitar Group es una compa\u00f1\u00eda de asistencia m\u00e9dica internacional con vasta experiencia en Europa y Asia. [\/vc_column_text][\/vc_column][vc_column width=\u00bb1\/3&#8243;][vc_column_text css=\u00bb.vc_custom_1578933539745{margin-bottom: 10px !important;}\u00bb][\/vc_column_text][vc_column_text] AP Companies es la compa\u00f1\u00eda de asistencia m\u00e9dica independiente m\u00e1s grande con una vasta red de proveedores m\u00e9dicos en todo el mundo y m\u00e1s de&hellip;<\/p>\n","protected":false},"author":1,"featured_media":0,"parent":0,"menu_order":0,"comment_status":"closed","ping_status":"closed","template":"","meta":{"footnotes":""},"class_list":["post-897","page","type-page","status-publish","hentry","description-off"],"yoast_head":"<!-- This site is optimized with the Yoast SEO plugin v26.7 - https:\/\/yoast.com\/wordpress\/plugins\/seo\/ -->\n<title>Socios Operativos - VUMI<\/title>\n<meta name=\"robots\" content=\"index, follow, max-snippet:-1, max-image-preview:large, max-video-preview:-1\" \/>\n<link rel=\"canonical\" href=\"https:\/\/www.vumigroup.com\/es\/socios-operativos\/\" \/>\n<meta property=\"og:locale\" content=\"es_ES\" \/>\n<meta property=\"og:type\" content=\"article\" \/>\n<meta property=\"og:title\" content=\"Socios Operativos - VUMI\" \/>\n<meta property=\"og:description\" content=\"[vc_row][vc_column][vc_column_text]Socios Operativos[\/vc_column_text][vc_empty_space][\/vc_column][\/vc_row][vc_row gap=\u00bb35&#8243;][vc_column width=\u00bb1\/3&#8243;][vc_column_text css=\u00bb.vc_custom_1578933527277{margin-bottom: 10px !important;padding-bottom: 0px !important;}\u00bb][\/vc_column_text][vc_column_text] Savitar Group es una compa\u00f1\u00eda de asistencia m\u00e9dica internacional con vasta experiencia en Europa y Asia. [\/vc_column_text][\/vc_column][vc_column width=\u00bb1\/3&#8243;][vc_column_text css=\u00bb.vc_custom_1578933539745{margin-bottom: 10px !important;}\u00bb][\/vc_column_text][vc_column_text] AP Companies es la compa\u00f1\u00eda de asistencia m\u00e9dica independiente m\u00e1s grande con una vasta red de proveedores m\u00e9dicos en todo el mundo y m\u00e1s de&hellip;\" \/>\n<meta property=\"og:url\" content=\"https:\/\/www.vumigroup.com\/es\/socios-operativos\/\" \/>\n<meta property=\"og:site_name\" content=\"VUMI\" \/>\n<meta property=\"article:modified_time\" content=\"2022-08-15T17:27:30+00:00\" \/>\n<meta property=\"og:image\" content=\"https:\/\/www.vumigroup.com\/wp-content\/uploads\/2020\/01\/logo-savitar.jpg\" \/>\n<meta name=\"twitter:card\" content=\"summary_large_image\" \/>\n<meta name=\"twitter:label1\" content=\"Tiempo de lectura\" \/>\n\t<meta name=\"twitter:data1\" content=\"4 minutos\" \/>\n<script type=\"application\/ld+json\" class=\"yoast-schema-graph\">{\"@context\":\"https:\/\/schema.org\",\"@graph\":[{\"@type\":\"WebPage\",\"@id\":\"https:\/\/www.vumigroup.com\/es\/socios-operativos\/\",\"url\":\"https:\/\/www.vumigroup.com\/es\/socios-operativos\/\",\"name\":\"Socios Operativos - VUMI\",\"isPartOf\":{\"@id\":\"https:\/\/www.vumigroup.com\/#website\"},\"primaryImageOfPage\":{\"@id\":\"https:\/\/www.vumigroup.com\/es\/socios-operativos\/#primaryimage\"},\"image\":{\"@id\":\"https:\/\/www.vumigroup.com\/es\/socios-operativos\/#primaryimage\"},\"thumbnailUrl\":\"https:\/\/www.vumigroup.com\/wp-content\/uploads\/2020\/01\/logo-savitar.jpg\",\"datePublished\":\"2020-01-17T03:50:59+00:00\",\"dateModified\":\"2022-08-15T17:27:30+00:00\",\"breadcrumb\":{\"@id\":\"https:\/\/www.vumigroup.com\/es\/socios-operativos\/#breadcrumb\"},\"inLanguage\":\"es\",\"potentialAction\":[{\"@type\":\"ReadAction\",\"target\":[\"https:\/\/www.vumigroup.com\/es\/socios-operativos\/\"]}]},{\"@type\":\"ImageObject\",\"inLanguage\":\"es\",\"@id\":\"https:\/\/www.vumigroup.com\/es\/socios-operativos\/#primaryimage\",\"url\":\"https:\/\/www.vumigroup.com\/wp-content\/uploads\/2020\/01\/logo-savitar.jpg\",\"contentUrl\":\"https:\/\/www.vumigroup.com\/wp-content\/uploads\/2020\/01\/logo-savitar.jpg\"},{\"@type\":\"BreadcrumbList\",\"@id\":\"https:\/\/www.vumigroup.com\/es\/socios-operativos\/#breadcrumb\",\"itemListElement\":[{\"@type\":\"ListItem\",\"position\":1,\"name\":\"Home\",\"item\":\"https:\/\/www.vumigroup.com\/\"},{\"@type\":\"ListItem\",\"position\":2,\"name\":\"Socios Operativos\"}]},{\"@type\":\"WebSite\",\"@id\":\"https:\/\/www.vumigroup.com\/#website\",\"url\":\"https:\/\/www.vumigroup.com\/\",\"name\":\"VUMI\",\"description\":\"VIP Universal Medical Insurance Group\",\"publisher\":{\"@id\":\"https:\/\/www.vumigroup.com\/#organization\"},\"potentialAction\":[{\"@type\":\"SearchAction\",\"target\":{\"@type\":\"EntryPoint\",\"urlTemplate\":\"https:\/\/www.vumigroup.com\/?s={search_term_string}\"},\"query-input\":{\"@type\":\"PropertyValueSpecification\",\"valueRequired\":true,\"valueName\":\"search_term_string\"}}],\"inLanguage\":\"es\"},{\"@type\":\"Organization\",\"@id\":\"https:\/\/www.vumigroup.com\/#organization\",\"name\":\"VUMI\",\"url\":\"https:\/\/www.vumigroup.com\/\",\"logo\":{\"@type\":\"ImageObject\",\"inLanguage\":\"es\",\"@id\":\"https:\/\/www.vumigroup.com\/#\/schema\/logo\/image\/\",\"url\":\"https:\/\/www.vumigroup.com\/wp-content\/uploads\/2023\/11\/vumi-blue.svg\",\"contentUrl\":\"https:\/\/www.vumigroup.com\/wp-content\/uploads\/2023\/11\/vumi-blue.svg\",\"caption\":\"VUMI\"},\"image\":{\"@id\":\"https:\/\/www.vumigroup.com\/#\/schema\/logo\/image\/\"}}]}<\/script>\n<!-- \/ Yoast SEO plugin. -->","yoast_head_json":{"title":"Socios Operativos - VUMI","robots":{"index":"index","follow":"follow","max-snippet":"max-snippet:-1","max-image-preview":"max-image-preview:large","max-video-preview":"max-video-preview:-1"},"canonical":"https:\/\/www.vumigroup.com\/es\/socios-operativos\/","og_locale":"es_ES","og_type":"article","og_title":"Socios Operativos - VUMI","og_description":"[vc_row][vc_column][vc_column_text]Socios Operativos[\/vc_column_text][vc_empty_space][\/vc_column][\/vc_row][vc_row gap=\u00bb35&#8243;][vc_column width=\u00bb1\/3&#8243;][vc_column_text css=\u00bb.vc_custom_1578933527277{margin-bottom: 10px !important;padding-bottom: 0px !important;}\u00bb][\/vc_column_text][vc_column_text] Savitar Group es una compa\u00f1\u00eda de asistencia m\u00e9dica internacional con vasta experiencia en Europa y Asia. [\/vc_column_text][\/vc_column][vc_column width=\u00bb1\/3&#8243;][vc_column_text css=\u00bb.vc_custom_1578933539745{margin-bottom: 10px !important;}\u00bb][\/vc_column_text][vc_column_text] AP Companies es la compa\u00f1\u00eda de asistencia m\u00e9dica independiente m\u00e1s grande con una vasta red de proveedores m\u00e9dicos en todo el mundo y m\u00e1s de&hellip;","og_url":"https:\/\/www.vumigroup.com\/es\/socios-operativos\/","og_site_name":"VUMI","article_modified_time":"2022-08-15T17:27:30+00:00","og_image":[{"url":"https:\/\/www.vumigroup.com\/wp-content\/uploads\/2020\/01\/logo-savitar.jpg","type":"","width":"","height":""}],"twitter_card":"summary_large_image","twitter_misc":{"Tiempo de lectura":"4 minutos"},"schema":{"@context":"https:\/\/schema.org","@graph":[{"@type":"WebPage","@id":"https:\/\/www.vumigroup.com\/es\/socios-operativos\/","url":"https:\/\/www.vumigroup.com\/es\/socios-operativos\/","name":"Socios Operativos - VUMI","isPartOf":{"@id":"https:\/\/www.vumigroup.com\/#website"},"primaryImageOfPage":{"@id":"https:\/\/www.vumigroup.com\/es\/socios-operativos\/#primaryimage"},"image":{"@id":"https:\/\/www.vumigroup.com\/es\/socios-operativos\/#primaryimage"},"thumbnailUrl":"https:\/\/www.vumigroup.com\/wp-content\/uploads\/2020\/01\/logo-savitar.jpg","datePublished":"2020-01-17T03:50:59+00:00","dateModified":"2022-08-15T17:27:30+00:00","breadcrumb":{"@id":"https:\/\/www.vumigroup.com\/es\/socios-operativos\/#breadcrumb"},"inLanguage":"es","potentialAction":[{"@type":"ReadAction","target":["https:\/\/www.vumigroup.com\/es\/socios-operativos\/"]}]},{"@type":"ImageObject","inLanguage":"es","@id":"https:\/\/www.vumigroup.com\/es\/socios-operativos\/#primaryimage","url":"https:\/\/www.vumigroup.com\/wp-content\/uploads\/2020\/01\/logo-savitar.jpg","contentUrl":"https:\/\/www.vumigroup.com\/wp-content\/uploads\/2020\/01\/logo-savitar.jpg"},{"@type":"BreadcrumbList","@id":"https:\/\/www.vumigroup.com\/es\/socios-operativos\/#breadcrumb","itemListElement":[{"@type":"ListItem","position":1,"name":"Home","item":"https:\/\/www.vumigroup.com\/"},{"@type":"ListItem","position":2,"name":"Socios Operativos"}]},{"@type":"WebSite","@id":"https:\/\/www.vumigroup.com\/#website","url":"https:\/\/www.vumigroup.com\/","name":"VUMI","description":"VIP Universal Medical Insurance Group","publisher":{"@id":"https:\/\/www.vumigroup.com\/#organization"},"potentialAction":[{"@type":"SearchAction","target":{"@type":"EntryPoint","urlTemplate":"https:\/\/www.vumigroup.com\/?s={search_term_string}"},"query-input":{"@type":"PropertyValueSpecification","valueRequired":true,"valueName":"search_term_string"}}],"inLanguage":"es"},{"@type":"Organization","@id":"https:\/\/www.vumigroup.com\/#organization","name":"VUMI","url":"https:\/\/www.vumigroup.com\/","logo":{"@type":"ImageObject","inLanguage":"es","@id":"https:\/\/www.vumigroup.com\/#\/schema\/logo\/image\/","url":"https:\/\/www.vumigroup.com\/wp-content\/uploads\/2023\/11\/vumi-blue.svg","contentUrl":"https:\/\/www.vumigroup.com\/wp-content\/uploads\/2023\/11\/vumi-blue.svg","caption":"VUMI"},"image":{"@id":"https:\/\/www.vumigroup.com\/#\/schema\/logo\/image\/"}}]}},"_links":{"self":[{"href":"https:\/\/www.vumigroup.com\/es\/wp-json\/wp\/v2\/pages\/897","targetHints":{"allow":["GET"]}}],"collection":[{"href":"https:\/\/www.vumigroup.com\/es\/wp-json\/wp\/v2\/pages"}],"about":[{"href":"https:\/\/www.vumigroup.com\/es\/wp-json\/wp\/v2\/types\/page"}],"author":[{"embeddable":true,"href":"https:\/\/www.vumigroup.com\/es\/wp-json\/wp\/v2\/users\/1"}],"replies":[{"embeddable":true,"href":"https:\/\/www.vumigroup.com\/es\/wp-json\/wp\/v2\/comments?post=897"}],"version-history":[{"count":21,"href":"https:\/\/www.vumigroup.com\/es\/wp-json\/wp\/v2\/pages\/897\/revisions"}],"predecessor-version":[{"id":3409,"href":"https:\/\/www.vumigroup.com\/es\/wp-json\/wp\/v2\/pages\/897\/revisions\/3409"}],"wp:attachment":[{"href":"https:\/\/www.vumigroup.com\/es\/wp-json\/wp\/v2\/media?parent=897"}],"curies":[{"name":"wp","href":"https:\/\/api.w.org\/{rel}","templated":true}]}}