{"id":6013,"date":"2024-07-15T19:11:29","date_gmt":"2024-07-15T19:11:29","guid":{"rendered":"https:\/\/www.vumigroup.com\/?page_id=6013"},"modified":"2024-07-15T19:11:29","modified_gmt":"2024-07-15T19:11:29","slug":"pr-servicio-de-telemedicina-vip","status":"publish","type":"page","link":"https:\/\/www.vumigroup.com\/es\/pr-servicio-de-telemedicina-vip\/","title":{"rendered":"Servicio de Telemedicina VIP &#8211; PR"},"content":{"rendered":"<div class=\"wpb-content-wrapper\"><p>[vc_row full_width=\u00bbstretch_row\u00bb css=\u00bb.vc_custom_1587687926569{padding-top: 150px !important;padding-bottom: 150px !important;background-image: url(https:\/\/www.vumigroup.com\/wp-content\/uploads\/2020\/04\/header-telemedicina.jpg?id=1761) !important;background-position: center !important;background-repeat: no-repeat !important;background-size: cover !important;}\u00bb][vc_column][\/vc_column][\/vc_row][vc_row][vc_column width=\u00bb2\/4&#8243;][vc_column_text]<span style=\"font-family: Raleway; font-size: 32px;\">Servicio de Telemedicina VIP<\/span>[\/vc_column_text][vc_column_text]Este servicio de VUMI<sup>\u00ae<\/sup>, permite que a trav\u00e9s de una llamada o videoconferencia, los asegurados pueden acceder a una consulta m\u00e9dica virtual de manera r\u00e1pida y f\u00e1cil, sin la necesidad de movilizarse.[\/vc_column_text][vc_column_text]<span style=\"font-family: Raleway; font-size: 32px;\">Ventajas de la Telemedicina VIP<\/span>[\/vc_column_text][vc_column_text]<\/p>\n<ul>\n<li>Disponible para todos los planes a nivel mundial<\/li>\n<li>No aplica deducible<\/li>\n<li>Disponible en m\u00faltiples idiomas<\/li>\n<li>Servicio las 24 horas del d\u00eda, 7 d\u00edas de la semana<\/li>\n<li>Menor tiempo de espera para ser atendido<\/li>\n<li>Diagn\u00f3stico inmediato<\/li>\n<li>Atenci\u00f3n virtual o telef\u00f3nica sin necesidad de movilizarse<\/li>\n<li>Prescripci\u00f3n de medicamentos (\u00fanicamente en EE. UU.)<\/li>\n<\/ul>\n<p>[\/vc_column_text][\/vc_column][vc_column width=\u00bb1\/12&#8243;][\/vc_column][vc_column width=\u00bb2\/5&#8243;][vc_column_text]<img fetchpriority=\"high\" decoding=\"async\" class=\"alignnone size-full wp-image-1766\" src=\"https:\/\/www.vumigroup.com\/wp-content\/uploads\/2020\/04\/telemedicine-sidegraph.png\" alt=\"\" width=\"301\" height=\"451\" srcset=\"https:\/\/www.vumigroup.com\/wp-content\/uploads\/2020\/04\/telemedicine-sidegraph.png 301w, https:\/\/www.vumigroup.com\/wp-content\/uploads\/2020\/04\/telemedicine-sidegraph-200x300.png 200w\" sizes=\"(max-width: 301px) 100vw, 301px\" \/>[\/vc_column_text][\/vc_column][\/vc_row][vc_row][vc_column][vc_column_text]<span style=\"font-family: Raleway; font-size: 32px;\">Pasos para acceder al servicio de Telemedicina VIP<\/span>[\/vc_column_text][vc_column_text]1.- Contacta al equipo m\u00e9dico de VUMII<sup>\u00ae<\/sup> a trav\u00e9s de:<\/p>\n<p>&#8211; V\u00eda telef\u00f3nica a trav\u00e9s de los siguientes n\u00fameros o v\u00eda email <a href=\"mailto:notificaciones@vumigroup.com\">notificaciones@vumigroup.com\u00a0<\/a><br \/>\n<strong><br \/>\nLlamada Gratuita : +1 855 276 VUMI (8864)<\/strong>[\/vc_column_text][vc_row_inner][vc_column_inner width=\u00bb1\/2&#8243;][vc_column_text]<div id=\"footable_parent_1489\"\n         class=\" footable_parent ninja_table_wrapper loading_ninja_table wp_table_data_press_parent semantic_ui \">\n                <table data-ninja_table_instance=\"ninja_table_instance_0\" data-footable_id=\"1489\" data-filter-delay=\"1000\" aria-label=\"Contact Phones ES\"            id=\"footable_1489\"\n           data-unique_identifier=\"ninja_table_unique_id_3870801776_1489\"\n           class=\" foo-table ninja_footable foo_table_1489 ninja_table_unique_id_3870801776_1489 ui table  nt_type_legacy_table selectable striped compact vertical_centered  footable-paging-right ninjatable_hide_header_row ninja_table_search_disabled ninja_table_pro\">\n                <colgroup>\n                            <col class=\"ninja_column_0 \">\n                            <col class=\"ninja_column_1 \">\n                    <\/colgroup>\n        <thead>\n<tr class=\"footable-header\">\n                                        <th scope=\"col\"  class=\"ninja_column_0 ninja_clmn_nm_description \">Description<\/th><th scope=\"col\"  class=\"ninja_column_1 ninja_clmn_nm_phone \">Phone<\/th><\/tr>\n<\/thead>\n<tbody>\n\n        <tr data-row_id=\"28\" class=\"ninja_table_row_0 nt_row_id_28\">\n            <td>Tel\u00e9fono Principal<\/td><td>+1 214 276 6376<\/td>        <\/tr>\n            <tr data-row_id=\"31\" class=\"ninja_table_row_1 nt_row_id_31\">\n            <td>Desde M\u00e9xico<\/td><td>+52 (55) 41 70 3647<\/td>        <\/tr>\n            <tr data-row_id=\"32\" class=\"ninja_table_row_2 nt_row_id_32\">\n            <td>Desde Guatemala<\/td><td>+502 2 278 7023 <\/td>        <\/tr>\n            <tr data-row_id=\"33\" class=\"ninja_table_row_3 nt_row_id_33\">\n            <td>Desde El Salvador<\/td><td>+503 2 113 0454 <\/td>        <\/tr>\n            <tr data-row_id=\"59\" class=\"ninja_table_row_4 nt_row_id_59\">\n            <td>Desde Costa Rica<\/td><td>+506 4 001 5364 <\/td>        <\/tr>\n            <tr data-row_id=\"62\" class=\"ninja_table_row_5 nt_row_id_62\">\n            <td> Desde Chile<\/td><td>+56 229 381 950  <\/td>        <\/tr>\n            <tr data-row_id=\"1637\" class=\"ninja_table_row_6 nt_row_id_1637\">\n            <td>Desde Jamaica<\/td><td>+1 876 627 9408 <\/td>        <\/tr>\n            <tr data-row_id=\"1638\" class=\"ninja_table_row_7 nt_row_id_1638\">\n            <td>Desde Bolivia<\/td><td>+591 800 100 137 <\/td>        <\/tr>\n            <tr data-row_id=\"1639\" class=\"ninja_table_row_8 nt_row_id_1639\">\n            <td>Desde Canada<\/td><td>+1 800 879 4236 <\/td>        <\/tr>\n            <tr data-row_id=\"1640\" class=\"ninja_table_row_9 nt_row_id_1640\">\n            <td>Desde Dubai<\/td><td>+971 4 573 2999 <\/td>        <\/tr>\n            <tr data-row_id=\"1644\" class=\"ninja_table_row_10 nt_row_id_1644\">\n            <td>Desde Hong Kong<\/td><td>+852 5803 1713 <\/td>        <\/tr>\n    <\/tbody><!--ninja_tobody_rendering_done-->\n    <\/table>\n    \n    \n    \n<\/div>\n[\/vc_column_text][\/vc_column_inner][vc_column_inner width=\u00bb1\/2&#8243;][vc_column_text]<div id=\"footable_parent_1490\"\n         class=\" footable_parent ninja_table_wrapper loading_ninja_table wp_table_data_press_parent semantic_ui \">\n                <table data-ninja_table_instance=\"ninja_table_instance_1\" data-footable_id=\"1490\" data-filter-delay=\"1000\" aria-label=\"Contact Phones ES 2\"            id=\"footable_1490\"\n           data-unique_identifier=\"ninja_table_unique_id_3049102985_1490\"\n           class=\" foo-table ninja_footable foo_table_1490 ninja_table_unique_id_3049102985_1490 ui table  nt_type_legacy_table selectable striped compact vertical_centered  footable-paging-right ninjatable_hide_header_row ninja_table_search_disabled ninja_table_pro\">\n                <colgroup>\n                            <col class=\"ninja_column_0 \">\n                            <col class=\"ninja_column_1 \">\n                    <\/colgroup>\n        <thead>\n<tr class=\"footable-header\">\n                                        <th scope=\"col\"  class=\"ninja_column_0 ninja_clmn_nm_description \">Description<\/th><th scope=\"col\"  class=\"ninja_column_1 ninja_clmn_nm_phone \">Phone<\/th><\/tr>\n<\/thead>\n<tbody>\n\n        <tr data-row_id=\"35\" class=\"ninja_table_row_0 nt_row_id_35\">\n            <td>Desde Panam\u00e1<\/td><td>+507 833 9569 <\/td>        <\/tr>\n            <tr data-row_id=\"36\" class=\"ninja_table_row_1 nt_row_id_36\">\n            <td>Desde Venezuela<\/td><td>+58 212 335 7546 \/ +58 212 720 1730 \/ +58 212 720 5127 \/ +58 212 720 1732 \/ +58 212 720 1734 <\/td>        <\/tr>\n            <tr data-row_id=\"37\" class=\"ninja_table_row_2 nt_row_id_37\">\n            <td>Desde Per\u00fa<\/td><td>+5117008749 \/ +5117008751 <\/td>        <\/tr>\n            <tr data-row_id=\"38\" class=\"ninja_table_row_3 nt_row_id_38\">\n            <td>Desde Brasil<\/td><td>+55 11 3197 6670  \/ +55 21 2018 1218 <\/td>        <\/tr>\n            <tr data-row_id=\"39\" class=\"ninja_table_row_4 nt_row_id_39\">\n            <td>Desde Espa\u00f1a<\/td><td>+34 91 761 0904 <\/td>        <\/tr>\n            <tr data-row_id=\"63\" class=\"ninja_table_row_5 nt_row_id_63\">\n            <td>Desde Uruguay <\/td><td>+000 405 4015  <\/td>        <\/tr>\n            <tr data-row_id=\"1641\" class=\"ninja_table_row_6 nt_row_id_1641\">\n            <td>Desde Paraguay<\/td><td>+595 217 289 712 <\/td>        <\/tr>\n            <tr data-row_id=\"1642\" class=\"ninja_table_row_7 nt_row_id_1642\">\n            <td>Desde Thailand<\/td><td>+66 2 105 5704 <\/td>        <\/tr>\n            <tr data-row_id=\"1643\" class=\"ninja_table_row_8 nt_row_id_1643\">\n            <td>Desde From United Kingdom<\/td><td>+44 330 027 2182 <\/td>        <\/tr>\n    <\/tbody><!--ninja_tobody_rendering_done-->\n    <\/table>\n    \n    \n    \n<\/div>\n[\/vc_column_text][\/vc_column_inner][\/vc_row_inner][\/vc_column][\/vc_row][vc_row][vc_column][vc_column_text]2.- El coordinador m\u00e9dico tomar\u00e1 los datos del asegurado que recibir\u00e1 la consulta virtual. VUMI<sup>\u00ae<\/sup> programar\u00e1 la consulta con el proveedor correspondiente.[\/vc_column_text][\/vc_column][\/vc_row][vc_row][vc_column][vc_column_text]3.- En un tiempo de 15 minutos a 1 hora, un m\u00e9dico se comunicar\u00e1 directamente con el asegurado[\/vc_column_text][\/vc_column][\/vc_row][vc_row][vc_column][vc_column_text]<\/p>\n<div style=\"width: 1200px;\" class=\"wp-video\"><!--[if lt IE 9]><script>document.createElement('video');<\/script><![endif]-->\n<video class=\"wp-video-shortcode\" id=\"video-6013-1\" width=\"1200\" height=\"675\" preload=\"metadata\" controls=\"controls\"><source type=\"video\/mp4\" src=\"https:\/\/www.vumigroup.com\/wp-content\/uploads\/2020\/04\/Telemedicina_SPA.mp4?_=1\" \/><a href=\"https:\/\/www.vumigroup.com\/wp-content\/uploads\/2020\/04\/Telemedicina_SPA.mp4\">https:\/\/www.vumigroup.com\/wp-content\/uploads\/2020\/04\/Telemedicina_SPA.mp4<\/a><\/video><\/div>\n<p>[\/vc_column_text][\/vc_column][\/vc_row]<\/p>\n<\/div>","protected":false},"excerpt":{"rendered":"<p>[vc_row full_width=\u00bbstretch_row\u00bb css=\u00bb.vc_custom_1587687926569{padding-top: 150px !important;padding-bottom: 150px !important;background-image: url(https:\/\/www.vumigroup.com\/wp-content\/uploads\/2020\/04\/header-telemedicina.jpg?id=1761) !important;background-position: center !important;background-repeat: no-repeat !important;background-size: cover !important;}\u00bb][vc_column][\/vc_column][\/vc_row][vc_row][vc_column width=\u00bb2\/4&#8243;][vc_column_text]Servicio de Telemedicina VIP[\/vc_column_text][vc_column_text]Este servicio de VUMI\u00ae, permite que a trav\u00e9s de una llamada o videoconferencia, los asegurados pueden acceder a una consulta m\u00e9dica virtual de manera r\u00e1pida y f\u00e1cil, sin la necesidad de movilizarse.[\/vc_column_text][vc_column_text]Ventajas de la Telemedicina VIP[\/vc_column_text][vc_column_text] Disponible&hellip;<\/p>\n","protected":false},"author":4,"featured_media":0,"parent":0,"menu_order":0,"comment_status":"closed","ping_status":"closed","template":"","meta":{"footnotes":""},"class_list":["post-6013","page","type-page","status-publish","hentry","description-off"],"yoast_head":"<!-- This site is optimized with the Yoast SEO plugin v26.7 - https:\/\/yoast.com\/wordpress\/plugins\/seo\/ -->\n<title>Servicio de Telemedicina VIP - PR - VUMI<\/title>\n<meta name=\"robots\" content=\"index, follow, max-snippet:-1, max-image-preview:large, max-video-preview:-1\" \/>\n<link rel=\"canonical\" href=\"https:\/\/www.vumigroup.com\/es\/pr-servicio-de-telemedicina-vip\/\" \/>\n<meta property=\"og:locale\" content=\"es_ES\" \/>\n<meta property=\"og:type\" content=\"article\" \/>\n<meta property=\"og:title\" content=\"Servicio de Telemedicina VIP - PR - VUMI\" \/>\n<meta property=\"og:description\" content=\"[vc_row full_width=\u00bbstretch_row\u00bb css=\u00bb.vc_custom_1587687926569{padding-top: 150px !important;padding-bottom: 150px !important;background-image: url(https:\/\/www.vumigroup.com\/wp-content\/uploads\/2020\/04\/header-telemedicina.jpg?id=1761) !important;background-position: center !important;background-repeat: no-repeat !important;background-size: cover !important;}\u00bb][vc_column][\/vc_column][\/vc_row][vc_row][vc_column width=\u00bb2\/4&#8243;][vc_column_text]Servicio de Telemedicina VIP[\/vc_column_text][vc_column_text]Este servicio de VUMI\u00ae, permite que a trav\u00e9s de una llamada o videoconferencia, los asegurados pueden acceder a una consulta m\u00e9dica virtual de manera r\u00e1pida y f\u00e1cil, sin la necesidad de movilizarse.[\/vc_column_text][vc_column_text]Ventajas de la Telemedicina VIP[\/vc_column_text][vc_column_text] Disponible&hellip;\" \/>\n<meta property=\"og:url\" content=\"https:\/\/www.vumigroup.com\/es\/pr-servicio-de-telemedicina-vip\/\" \/>\n<meta property=\"og:site_name\" content=\"VUMI\" \/>\n<meta property=\"og:image\" content=\"https:\/\/www.vumigroup.com\/wp-content\/uploads\/2020\/04\/telemedicine-sidegraph.png\" \/>\n<meta name=\"twitter:card\" content=\"summary_large_image\" \/>\n<meta name=\"twitter:label1\" content=\"Tiempo de lectura\" \/>\n\t<meta name=\"twitter:data1\" content=\"2 minutos\" \/>\n<script type=\"application\/ld+json\" class=\"yoast-schema-graph\">{\"@context\":\"https:\/\/schema.org\",\"@graph\":[{\"@type\":\"WebPage\",\"@id\":\"https:\/\/www.vumigroup.com\/es\/pr-servicio-de-telemedicina-vip\/\",\"url\":\"https:\/\/www.vumigroup.com\/es\/pr-servicio-de-telemedicina-vip\/\",\"name\":\"Servicio de Telemedicina VIP - PR - VUMI\",\"isPartOf\":{\"@id\":\"https:\/\/www.vumigroup.com\/#website\"},\"primaryImageOfPage\":{\"@id\":\"https:\/\/www.vumigroup.com\/es\/pr-servicio-de-telemedicina-vip\/#primaryimage\"},\"image\":{\"@id\":\"https:\/\/www.vumigroup.com\/es\/pr-servicio-de-telemedicina-vip\/#primaryimage\"},\"thumbnailUrl\":\"https:\/\/www.vumigroup.com\/wp-content\/uploads\/2020\/04\/telemedicine-sidegraph.png\",\"datePublished\":\"2024-07-15T19:11:29+00:00\",\"breadcrumb\":{\"@id\":\"https:\/\/www.vumigroup.com\/es\/pr-servicio-de-telemedicina-vip\/#breadcrumb\"},\"inLanguage\":\"es\",\"potentialAction\":[{\"@type\":\"ReadAction\",\"target\":[\"https:\/\/www.vumigroup.com\/es\/pr-servicio-de-telemedicina-vip\/\"]}]},{\"@type\":\"ImageObject\",\"inLanguage\":\"es\",\"@id\":\"https:\/\/www.vumigroup.com\/es\/pr-servicio-de-telemedicina-vip\/#primaryimage\",\"url\":\"https:\/\/www.vumigroup.com\/wp-content\/uploads\/2020\/04\/telemedicine-sidegraph.png\",\"contentUrl\":\"https:\/\/www.vumigroup.com\/wp-content\/uploads\/2020\/04\/telemedicine-sidegraph.png\"},{\"@type\":\"BreadcrumbList\",\"@id\":\"https:\/\/www.vumigroup.com\/es\/pr-servicio-de-telemedicina-vip\/#breadcrumb\",\"itemListElement\":[{\"@type\":\"ListItem\",\"position\":1,\"name\":\"Home\",\"item\":\"https:\/\/www.vumigroup.com\/\"},{\"@type\":\"ListItem\",\"position\":2,\"name\":\"Servicio de Telemedicina VIP &#8211; PR\"}]},{\"@type\":\"WebSite\",\"@id\":\"https:\/\/www.vumigroup.com\/#website\",\"url\":\"https:\/\/www.vumigroup.com\/\",\"name\":\"VUMI\",\"description\":\"VIP Universal Medical Insurance Group\",\"publisher\":{\"@id\":\"https:\/\/www.vumigroup.com\/#organization\"},\"potentialAction\":[{\"@type\":\"SearchAction\",\"target\":{\"@type\":\"EntryPoint\",\"urlTemplate\":\"https:\/\/www.vumigroup.com\/?s={search_term_string}\"},\"query-input\":{\"@type\":\"PropertyValueSpecification\",\"valueRequired\":true,\"valueName\":\"search_term_string\"}}],\"inLanguage\":\"es\"},{\"@type\":\"Organization\",\"@id\":\"https:\/\/www.vumigroup.com\/#organization\",\"name\":\"VUMI\",\"url\":\"https:\/\/www.vumigroup.com\/\",\"logo\":{\"@type\":\"ImageObject\",\"inLanguage\":\"es\",\"@id\":\"https:\/\/www.vumigroup.com\/#\/schema\/logo\/image\/\",\"url\":\"https:\/\/www.vumigroup.com\/wp-content\/uploads\/2023\/11\/vumi-blue.svg\",\"contentUrl\":\"https:\/\/www.vumigroup.com\/wp-content\/uploads\/2023\/11\/vumi-blue.svg\",\"caption\":\"VUMI\"},\"image\":{\"@id\":\"https:\/\/www.vumigroup.com\/#\/schema\/logo\/image\/\"}}]}<\/script>\n<!-- \/ Yoast SEO plugin. -->","yoast_head_json":{"title":"Servicio de Telemedicina VIP - PR - VUMI","robots":{"index":"index","follow":"follow","max-snippet":"max-snippet:-1","max-image-preview":"max-image-preview:large","max-video-preview":"max-video-preview:-1"},"canonical":"https:\/\/www.vumigroup.com\/es\/pr-servicio-de-telemedicina-vip\/","og_locale":"es_ES","og_type":"article","og_title":"Servicio de Telemedicina VIP - PR - VUMI","og_description":"[vc_row full_width=\u00bbstretch_row\u00bb css=\u00bb.vc_custom_1587687926569{padding-top: 150px !important;padding-bottom: 150px !important;background-image: url(https:\/\/www.vumigroup.com\/wp-content\/uploads\/2020\/04\/header-telemedicina.jpg?id=1761) !important;background-position: center !important;background-repeat: no-repeat !important;background-size: cover !important;}\u00bb][vc_column][\/vc_column][\/vc_row][vc_row][vc_column width=\u00bb2\/4&#8243;][vc_column_text]Servicio de Telemedicina VIP[\/vc_column_text][vc_column_text]Este servicio de VUMI\u00ae, permite que a trav\u00e9s de una llamada o videoconferencia, los asegurados pueden acceder a una consulta m\u00e9dica virtual de manera r\u00e1pida y f\u00e1cil, sin la necesidad de movilizarse.[\/vc_column_text][vc_column_text]Ventajas de la Telemedicina VIP[\/vc_column_text][vc_column_text] Disponible&hellip;","og_url":"https:\/\/www.vumigroup.com\/es\/pr-servicio-de-telemedicina-vip\/","og_site_name":"VUMI","og_image":[{"url":"https:\/\/www.vumigroup.com\/wp-content\/uploads\/2020\/04\/telemedicine-sidegraph.png","type":"","width":"","height":""}],"twitter_card":"summary_large_image","twitter_misc":{"Tiempo de lectura":"2 minutos"},"schema":{"@context":"https:\/\/schema.org","@graph":[{"@type":"WebPage","@id":"https:\/\/www.vumigroup.com\/es\/pr-servicio-de-telemedicina-vip\/","url":"https:\/\/www.vumigroup.com\/es\/pr-servicio-de-telemedicina-vip\/","name":"Servicio de Telemedicina VIP - PR - VUMI","isPartOf":{"@id":"https:\/\/www.vumigroup.com\/#website"},"primaryImageOfPage":{"@id":"https:\/\/www.vumigroup.com\/es\/pr-servicio-de-telemedicina-vip\/#primaryimage"},"image":{"@id":"https:\/\/www.vumigroup.com\/es\/pr-servicio-de-telemedicina-vip\/#primaryimage"},"thumbnailUrl":"https:\/\/www.vumigroup.com\/wp-content\/uploads\/2020\/04\/telemedicine-sidegraph.png","datePublished":"2024-07-15T19:11:29+00:00","breadcrumb":{"@id":"https:\/\/www.vumigroup.com\/es\/pr-servicio-de-telemedicina-vip\/#breadcrumb"},"inLanguage":"es","potentialAction":[{"@type":"ReadAction","target":["https:\/\/www.vumigroup.com\/es\/pr-servicio-de-telemedicina-vip\/"]}]},{"@type":"ImageObject","inLanguage":"es","@id":"https:\/\/www.vumigroup.com\/es\/pr-servicio-de-telemedicina-vip\/#primaryimage","url":"https:\/\/www.vumigroup.com\/wp-content\/uploads\/2020\/04\/telemedicine-sidegraph.png","contentUrl":"https:\/\/www.vumigroup.com\/wp-content\/uploads\/2020\/04\/telemedicine-sidegraph.png"},{"@type":"BreadcrumbList","@id":"https:\/\/www.vumigroup.com\/es\/pr-servicio-de-telemedicina-vip\/#breadcrumb","itemListElement":[{"@type":"ListItem","position":1,"name":"Home","item":"https:\/\/www.vumigroup.com\/"},{"@type":"ListItem","position":2,"name":"Servicio de Telemedicina VIP &#8211; PR"}]},{"@type":"WebSite","@id":"https:\/\/www.vumigroup.com\/#website","url":"https:\/\/www.vumigroup.com\/","name":"VUMI","description":"VIP Universal Medical Insurance Group","publisher":{"@id":"https:\/\/www.vumigroup.com\/#organization"},"potentialAction":[{"@type":"SearchAction","target":{"@type":"EntryPoint","urlTemplate":"https:\/\/www.vumigroup.com\/?s={search_term_string}"},"query-input":{"@type":"PropertyValueSpecification","valueRequired":true,"valueName":"search_term_string"}}],"inLanguage":"es"},{"@type":"Organization","@id":"https:\/\/www.vumigroup.com\/#organization","name":"VUMI","url":"https:\/\/www.vumigroup.com\/","logo":{"@type":"ImageObject","inLanguage":"es","@id":"https:\/\/www.vumigroup.com\/#\/schema\/logo\/image\/","url":"https:\/\/www.vumigroup.com\/wp-content\/uploads\/2023\/11\/vumi-blue.svg","contentUrl":"https:\/\/www.vumigroup.com\/wp-content\/uploads\/2023\/11\/vumi-blue.svg","caption":"VUMI"},"image":{"@id":"https:\/\/www.vumigroup.com\/#\/schema\/logo\/image\/"}}]}},"_links":{"self":[{"href":"https:\/\/www.vumigroup.com\/es\/wp-json\/wp\/v2\/pages\/6013","targetHints":{"allow":["GET"]}}],"collection":[{"href":"https:\/\/www.vumigroup.com\/es\/wp-json\/wp\/v2\/pages"}],"about":[{"href":"https:\/\/www.vumigroup.com\/es\/wp-json\/wp\/v2\/types\/page"}],"author":[{"embeddable":true,"href":"https:\/\/www.vumigroup.com\/es\/wp-json\/wp\/v2\/users\/4"}],"replies":[{"embeddable":true,"href":"https:\/\/www.vumigroup.com\/es\/wp-json\/wp\/v2\/comments?post=6013"}],"version-history":[{"count":1,"href":"https:\/\/www.vumigroup.com\/es\/wp-json\/wp\/v2\/pages\/6013\/revisions"}],"predecessor-version":[{"id":6026,"href":"https:\/\/www.vumigroup.com\/es\/wp-json\/wp\/v2\/pages\/6013\/revisions\/6026"}],"wp:attachment":[{"href":"https:\/\/www.vumigroup.com\/es\/wp-json\/wp\/v2\/media?parent=6013"}],"curies":[{"name":"wp","href":"https:\/\/api.w.org\/{rel}","templated":true}]}}