{"id":6010,"date":"2024-07-15T19:09:36","date_gmt":"2024-07-15T19:09:36","guid":{"rendered":"https:\/\/www.vumigroup.com\/?page_id=6010"},"modified":"2024-07-15T19:43:04","modified_gmt":"2024-07-15T19:43:04","slug":"pr-quienes-somos","status":"publish","type":"page","link":"https:\/\/www.vumigroup.com\/es\/pr-quienes-somos\/","title":{"rendered":"Qui\u00e9nes Somos PR"},"content":{"rendered":"<div class=\"wpb-content-wrapper\"><p>[vc_row css=\u00bb.vc_custom_1553810042802{padding-top: 40px !important;}\u00bb][vc_column][vc_column_text]<\/p>\n<p style=\"font-size: 36px; line-height: 40px; font-family: Raleway !important; font-weight: 100 !important; text-align: left;\">Excelencia en el Cuidado de Salud<\/p>\n<p>[\/vc_column_text][\/vc_column][\/vc_row][vc_row gap=\u00bb35&#8243;][vc_column width=\u00bb1\/2&#8243;][vc_column_text]VUMI<sup>\u00ae<\/sup> es una compa\u00f1\u00eda de seguros m\u00e9dicos internacionales que ofrece seguros exclusivos para gastos m\u00e9dicos mayores y servicios m\u00e9dicos VIP a clientes privados y corporativos alrededor del mundo.<\/p>\n<p>Los productos de VUMI<sup>\u00ae<\/sup> est\u00e1n dise\u00f1ados para brindarle beneficios \u00fanicos, una amplia cobertura mundial, protecci\u00f3n a su patrimonio y sobre todo la tranquilidad de que estar\u00e1 cubierto en todo momento \u2013 en cualquier lugar del mundo.[\/vc_column_text][\/vc_column][vc_column width=\u00bb1\/2&#8243;][vc_column_text]Con oficinas operativas regionales alrededor del mundo, VUMI<sup>\u00ae<\/sup> es una compa\u00f1\u00eda privada y forma parte de un grupo internacional de administraci\u00f3n de servicios de salud.<\/p>\n<p>El grupo tiene 35 a\u00f1os de experiencia en la industria de cuidados de la salud y m\u00e1s de 425 empleados de diferentes nacionalidades.[\/vc_column_text][\/vc_column][vc_column][vc_single_image image=\u00bb5505&#8243; img_size=\u00bbfull\u00bb alignment=\u00bbcenter\u00bb css=\u00bb\u00bb][\/vc_column][\/vc_row][vc_row css=\u00bb.vc_custom_1553810042802{padding-top: 40px !important;}\u00bb][vc_column][vc_column_text]<\/p>\n<p style=\"font-size: 36px; line-height: 40px; font-family: Raleway !important; font-weight: 100 !important; text-align: center;\">Grupo Empresarial VUMI<sup>\u00ae<\/sup><\/p>\n<p>[\/vc_column_text][\/vc_column][\/vc_row][vc_row][vc_column][vc_row_inner css=\u00bb.vc_custom_1553806753871{border-bottom-width: 1px !important;border-bottom-color: #f2f2f2 !important;border-bottom-style: solid !important;}\u00bb][vc_column_inner width=\u00bb1\/4&#8243; offset=\u00bbvc_col-xs-6&#8243;][vc_column_text css=\u00bb.vc_custom_1562614818581{padding-top: 30px !important;}\u00bb]<\/p>\n<p style=\"text-align: center;\"><span style=\"color: #005886; background-color: #ededed; padding: 15px; font-size: 42px;\"><strong><span style=\"font-family: Lato;\">1985<\/span><\/strong><\/span><\/p>\n<p>[\/vc_column_text][\/vc_column_inner][vc_column_inner width=\u00bb1\/4&#8243; offset=\u00bbvc_col-xs-6&#8243;][vc_single_image image=\u00bb3861&#8243; img_size=\u00bbfull\u00bb onclick=\u00bbcustom_link\u00bb link=\u00bbhttps:\/\/www.abadmin.com\/\u00bb][\/vc_column_inner][vc_column_inner width=\u00bb1\/2&#8243; offset=\u00bbvc_col-xs-12&#8243;][vc_column_text css=\u00bb.vc_custom_1562613760656{margin-bottom: 15px !important;padding-top: 15px !important;}\u00bb]<span style=\"font-family: Lato;\"><strong>Assured Benefits Administrators<\/strong><\/span><\/p>\n<p class=\"p1\"><span style=\"font-family: Lato; font-size: 14px;\">Administrador externo que ofrece servicios administrativos para el cuidado de la salud a compa\u00f1\u00edas peque\u00f1as y medianas en EE.UU.<\/span><\/p>\n<p>[\/vc_column_text][\/vc_column_inner][\/vc_row_inner][vc_row_inner css=\u00bb.vc_custom_1553806753871{border-bottom-width: 1px !important;border-bottom-color: #f2f2f2 !important;border-bottom-style: solid !important;}\u00bb][vc_column_inner width=\u00bb1\/4&#8243;][vc_column_text css=\u00bb.vc_custom_1553807240107{padding-top: 30px !important;}\u00bb]<\/p>\n<p style=\"text-align: center;\"><span style=\"color: #005886; background-color: #ededed; padding: 15px; font-size: 42px;\"><strong><span style=\"font-family: Lato;\">1992<\/span><\/strong><\/span><\/p>\n<p>[\/vc_column_text][\/vc_column_inner][vc_column_inner width=\u00bb1\/4&#8243;][vc_single_image image=\u00bb3866&#8243; img_size=\u00bbfull\u00bb onclick=\u00bbcustom_link\u00bb link=\u00bbhttp:\/\/www.nationalppo.com\u00bb][\/vc_column_inner][vc_column_inner width=\u00bb1\/2&#8243;][vc_column_text css=\u00bb.vc_custom_1562605646763{margin-bottom: 15px !important;padding-top: 15px !important;}\u00bb]<span style=\"font-family: Lato;\"><strong>National Healthcare Solutions, Inc.<\/strong><\/span><\/p>\n<p class=\"p1\"><span style=\"font-family: Lato; font-size: 14px;\">Compa\u00f1\u00eda de contenci\u00f3n de costos que presta servicios a varias de las aseguradoras de salud m\u00e1s grandes del mundo.<\/span><\/p>\n<p>[\/vc_column_text][\/vc_column_inner][\/vc_row_inner][vc_row_inner css=\u00bb.vc_custom_1556564718993{border-bottom-width: 1px !important;border-bottom-color: #f2f2f2 !important;border-bottom-style: solid !important;}\u00bb][vc_column_inner width=\u00bb1\/4&#8243; css=\u00bb.vc_custom_1562604485388{padding-top: 15px !important;}\u00bb][vc_column_text css=\u00bb.vc_custom_1556564765391{padding-top: 30px !important;}\u00bb]<\/p>\n<p style=\"text-align: center;\"><span style=\"color: #005886; background-color: #ededed; padding: 15px; font-size: 42px;\"><strong><span style=\"font-family: Lato;\">1993<\/span><\/strong><\/span><\/p>\n<p>[\/vc_column_text][\/vc_column_inner][vc_column_inner width=\u00bb1\/4&#8243; css=\u00bb.vc_custom_1562604906715{margin-bottom: 0px !important;padding-top: 15px !important;}\u00bb][vc_single_image image=\u00bb3864&#8243; img_size=\u00bbfull\u00bb onclick=\u00bbcustom_link\u00bb link=\u00bbhttp:\/\/www.imsppo.com\/\u00bb][\/vc_column_inner][vc_column_inner width=\u00bb1\/2&#8243; css=\u00bb.vc_custom_1562604496066{padding-top: 15px !important;}\u00bb][vc_column_text css=\u00bb.vc_custom_1562605179493{margin-bottom: 15px !important;}\u00bb]<span style=\"font-family: Lato;\"><strong>Independent Medical Systems<\/strong><br \/>\nRed preferencial de proveedores de Estados Unidos, que tambi\u00e9n presta servicios de administraci\u00f3n de redes.<\/span>[\/vc_column_text][\/vc_column_inner][\/vc_row_inner][vc_row_inner css=\u00bb.vc_custom_1553806753871{border-bottom-width: 1px !important;border-bottom-color: #f2f2f2 !important;border-bottom-style: solid !important;}\u00bb][vc_column_inner width=\u00bb1\/4&#8243; css=\u00bb.vc_custom_1562604234106{padding-top: 15px !important;}\u00bb][vc_column_text css=\u00bb.vc_custom_1553807639368{padding-top: 30px !important;}\u00bb]<\/p>\n<p style=\"text-align: center;\"><span style=\"color: #005886; background-color: #ededed; padding: 15px; font-size: 42px;\"><strong><span style=\"font-family: Lato;\">2012<\/span><\/strong><\/span><\/p>\n<p>[\/vc_column_text][\/vc_column_inner][vc_column_inner width=\u00bb1\/4&#8243; css=\u00bb.vc_custom_1562613526348{margin-bottom: 0px !important;padding-top: 15px !important;}\u00bb][vc_single_image image=\u00bb3871&#8243; img_size=\u00bbfull\u00bb onclick=\u00bbcustom_link\u00bb][\/vc_column_inner][vc_column_inner width=\u00bb1\/2&#8243; css=\u00bb.vc_custom_1562604247913{padding-top: 15px !important;}\u00bb][vc_column_text css=\u00bb.vc_custom_1645563772234{margin-bottom: 15px !important;}\u00bb]<span style=\"font-family: Lato;\"><strong>VUMI<sup>\u00ae<\/sup> Group, I.I.<\/strong><br \/>\nCompa\u00f1\u00eda de seguros m\u00e9dicos internacionales que ofrece servicios a clientes privados y corporativos alrededor del mundo.<\/span>[\/vc_column_text][\/vc_column_inner][\/vc_row_inner][vc_row_inner css=\u00bb.vc_custom_1553806753871{border-bottom-width: 1px !important;border-bottom-color: #f2f2f2 !important;border-bottom-style: solid !important;}\u00bb][vc_column_inner width=\u00bb1\/4&#8243; css=\u00bb.vc_custom_1562604262066{padding-top: 15px !important;}\u00bb][vc_column_text css=\u00bb.vc_custom_1553807766852{padding-top: 30px !important;}\u00bb]<\/p>\n<p style=\"text-align: center;\"><span style=\"color: #005886; background-color: #ededed; padding: 15px; font-size: 42px;\"><strong><span style=\"font-family: Lato;\">2015<\/span><\/strong><\/span><\/p>\n<p>[\/vc_column_text][\/vc_column_inner][vc_column_inner width=\u00bb1\/4&#8243; css=\u00bb.vc_custom_1562604268142{padding-top: 15px !important;}\u00bb][vc_single_image image=\u00bb3869&#8243; img_size=\u00bbfull\u00bb onclick=\u00bbcustom_link\u00bb link=\u00bbhttp:\/\/www.vumilatina.com\u00bb][\/vc_column_inner][vc_column_inner width=\u00bb1\/2&#8243; css=\u00bb.vc_custom_1562604272906{padding-top: 15px !important;}\u00bb][vc_column_text css=\u00bb.vc_custom_1578587426290{margin-bottom: 15px !important;}\u00bb]<span style=\"font-family: Lato;\"><strong>VUMILATINA\u00a0 Medicina Prepagada S.A.<\/strong><br \/>\nCompa\u00f1\u00eda de medicina prepagada que ofrece cobertura m\u00e9dica mundial a individuos, expatriados y corporaciones en Ecuador.<\/span>[\/vc_column_text][\/vc_column_inner][\/vc_row_inner][vc_row_inner css=\u00bb.vc_custom_1553806753871{border-bottom-width: 1px !important;border-bottom-color: #f2f2f2 !important;border-bottom-style: solid !important;}\u00bb][vc_column_inner width=\u00bb1\/4&#8243; css=\u00bb.vc_custom_1562604361196{padding-top: 15px !important;}\u00bb][vc_column_text css=\u00bb.vc_custom_1562605406770{margin-bottom: 15px !important;padding-top: 30px !important;}\u00bb]<\/p>\n<p style=\"text-align: center;\"><span style=\"color: #005886; background-color: #ededed; padding: 15px; font-size: 42px;\"><strong><span style=\"font-family: Lato;\">2017<\/span><\/strong><\/span><\/p>\n<p>[\/vc_column_text][\/vc_column_inner][vc_column_inner width=\u00bb1\/4&#8243; css=\u00bb.vc_custom_1562604369812{padding-top: 15px !important;}\u00bb][vc_single_image image=\u00bb3862&#8243; img_size=\u00bbfull\u00bb onclick=\u00bbcustom_link\u00bb link=\u00bbhttps:\/\/www.dallasrm.com\u00bb][\/vc_column_inner][vc_column_inner width=\u00bb1\/2&#8243; css=\u00bb.vc_custom_1562604374780{padding-top: 15px !important;}\u00bb][vc_column_text css=\u00bb.vc_custom_1562605397640{margin-bottom: 15px !important;}\u00bb]<span style=\"font-family: Lato;\"><strong>Dallas Risk Management<\/strong><br \/>\nAdministradora general de servicio completo de evaluaci\u00f3n de riesgos para coberturas de contenci\u00f3n de p\u00e9rdidas para empleadores.<\/span>[\/vc_column_text][\/vc_column_inner][\/vc_row_inner][vc_row_inner css=\u00bb.vc_custom_1579203102305{border-bottom-width: 1px !important;border-bottom-color: #f2f2f2 !important;border-bottom-style: solid !important;}\u00bb][vc_column_inner width=\u00bb1\/4&#8243; css=\u00bb.vc_custom_1562604387174{padding-top: 15px !important;}\u00bb][vc_column_text css=\u00bb.vc_custom_1579198191235{padding-top: 30px !important;}\u00bb]<\/p>\n<p style=\"text-align: center;\"><span style=\"color: #005886; background-color: #ededed; padding: 15px; font-size: 42px;\"><strong><span style=\"font-family: Lato;\">2019<\/span><\/strong><\/span><\/p>\n<p>[\/vc_column_text][\/vc_column_inner][vc_column_inner width=\u00bb1\/4&#8243; css=\u00bb.vc_custom_1562604391273{padding-top: 15px !important;}\u00bb][vc_single_image image=\u00bb3870&#8243; img_size=\u00bbfull\u00bb onclick=\u00bbcustom_link\u00bb link=\u00bbhttp:\/\/www.laregionalvumi.com\/\u00bb][\/vc_column_inner][vc_column_inner width=\u00bb1\/2&#8243; css=\u00bb.vc_custom_1562604398508{padding-top: 15px !important;}\u00bb][vc_column_text]<span style=\"font-family: Lato;\"><strong>La Regional de Seguros | VUMI<\/strong><br \/>\nAlianza estrat\u00e9gica con La Regional de Seguros, S.A. que brinda cobertura m\u00e9dica local e internacional a personas y empresas en Panam\u00e1.<\/span>[\/vc_column_text][\/vc_column_inner][\/vc_row_inner][vc_row_inner css=\u00bb.vc_custom_1663276396291{border-bottom-width: 1px !important;border-bottom-color: #f4f2f0 !important;border-bottom-style: solid !important;}\u00bb][vc_column_inner width=\u00bb1\/4&#8243; css=\u00bb.vc_custom_1562604387174{padding-top: 15px !important;}\u00bb][vc_column_text css=\u00bb.vc_custom_1579198191235{padding-top: 30px !important;}\u00bb]<\/p>\n<p style=\"text-align: center;\"><span style=\"color: #005886; background-color: #ededed; padding: 15px; font-size: 42px;\"><strong><span style=\"font-family: Lato;\">2019<\/span><\/strong><\/span><\/p>\n<p>[\/vc_column_text][\/vc_column_inner][vc_column_inner width=\u00bb1\/4&#8243; css=\u00bb.vc_custom_1562604391273{padding-top: 15px !important;}\u00bb][vc_single_image image=\u00bb3868&#8243; img_size=\u00bbfull\u00bb onclick=\u00bbcustom_link\u00bb link=\u00bbhttps:\/\/www.vumicanada.com\/\u00bb][\/vc_column_inner][vc_column_inner width=\u00bb1\/2&#8243; css=\u00bb.vc_custom_1562604398508{padding-top: 15px !important;}\u00bb][vc_column_text]<span style=\"font-family: Lato;\"><strong>VUMI<sup>\u00ae<\/sup> Canad\u00e1<\/strong><br \/>\nAsociaci\u00f3n con Humania Assurance, Inc. que ofrece cobertura m\u00e9dica mundial para expandir las opciones de atenci\u00f3n m\u00e9dica de los canadienses.<\/span>[\/vc_column_text][\/vc_column_inner][\/vc_row_inner][vc_row_inner css=\u00bb.vc_custom_1663276413873{border-bottom-width: 1px !important;border-bottom-color: #f4f2f0 !important;border-bottom-style: solid !important;}\u00bb][vc_column_inner width=\u00bb1\/4&#8243; css=\u00bb.vc_custom_1562604387174{padding-top: 15px !important;}\u00bb][vc_column_text css=\u00bb.vc_custom_1645563210249{padding-top: 30px !important;}\u00bb]<\/p>\n<p style=\"text-align: center;\"><span style=\"color: #005886; background-color: #ededed; padding: 15px; font-size: 42px;\"><strong><span style=\"font-family: Lato;\">2020<\/span><\/strong><\/span><\/p>\n<p>[\/vc_column_text][\/vc_column_inner][vc_column_inner width=\u00bb1\/4&#8243; css=\u00bb.vc_custom_1562604391273{padding-top: 15px !important;}\u00bb][vc_single_image image=\u00bb3871&#8243; img_size=\u00bbfull\u00bb onclick=\u00bbcustom_link\u00bb][\/vc_column_inner][vc_column_inner width=\u00bb1\/2&#8243; css=\u00bb.vc_custom_1562604398508{padding-top: 15px !important;}\u00bb][vc_column_text]<span style=\"font-family: Lato;\"><strong>VUMI<sup>\u00ae<\/sup> Global<\/strong><br \/>\nVUMI<sup>\u00ae<\/sup> Global Services FZ-LLC es una compa\u00f1\u00eda de administraci\u00f3n de servicios de salud que ofrece cobertura m\u00e9dica para el Medio Oriente, \u00c1frica, Asia y Ocean\u00eda.<\/span>[\/vc_column_text][\/vc_column_inner][\/vc_row_inner][vc_row_inner css=\u00bb.vc_custom_1663276429939{border-bottom-width: 1px !important;border-bottom-color: #f4f2f0 !important;border-bottom-style: solid !important;}\u00bb][vc_column_inner width=\u00bb1\/4&#8243; css=\u00bb.vc_custom_1562604387174{padding-top: 15px !important;}\u00bb][vc_column_text css=\u00bb.vc_custom_1645563830623{padding-top: 30px !important;}\u00bb]<\/p>\n<p style=\"text-align: center;\"><span style=\"color: #005886; background-color: #ededed; padding: 15px; font-size: 42px;\"><strong><span style=\"font-family: Lato;\">2021<\/span><\/strong><\/span><\/p>\n<p>[\/vc_column_text][\/vc_column_inner][vc_column_inner width=\u00bb1\/4&#8243; css=\u00bb.vc_custom_1562604391273{padding-top: 15px !important;}\u00bb][vc_single_image image=\u00bb3867&#8243; img_size=\u00bbfull\u00bb onclick=\u00bbcustom_link\u00bb link=\u00bbhttps:\/\/verusrx.myrxplan.com\u00bb][\/vc_column_inner][vc_column_inner width=\u00bb1\/2&#8243; css=\u00bb.vc_custom_1562604398508{padding-top: 15px !important;}\u00bb][vc_column_text]<span style=\"font-family: Lato;\"><strong>VerusRx<\/strong><br \/>\nDedicada a enfocarse principalmente en el cliente, VerusRX integra data de farmacias con el proceso de gesti\u00f3n m\u00e9dica para ofrecer los m\u00e1s altos est\u00e1ndares de atenci\u00f3n con terapias cl\u00ednicamente apropiadas.<\/span>[\/vc_column_text][\/vc_column_inner][\/vc_row_inner][vc_row_inner css=\u00bb.vc_custom_1579203192537{border-bottom-width: 1px !important;border-bottom-color: #f2f2f2 !important;border-bottom-style: solid !important;}\u00bb][vc_column_inner width=\u00bb1\/4&#8243; css=\u00bb.vc_custom_1562604387174{padding-top: 15px !important;}\u00bb][vc_column_text css=\u00bb.vc_custom_1663250616299{padding-top: 30px !important;}\u00bb]<\/p>\n<p style=\"text-align: center;\"><span style=\"color: #005886; background-color: #ededed; padding: 15px; font-size: 42px;\"><strong><span style=\"font-family: Lato;\">2021<\/span><\/strong><\/span><\/p>\n<p>[\/vc_column_text][\/vc_column_inner][vc_column_inner width=\u00bb1\/4&#8243; css=\u00bb.vc_custom_1562604391273{padding-top: 15px !important;}\u00bb][vc_single_image image=\u00bb3812&#8243; img_size=\u00bbfull\u00bb onclick=\u00bbcustom_link\u00bb link=\u00bbhttps:\/\/www.epicamericas.com\/\u00bb][\/vc_column_inner][vc_column_inner width=\u00bb1\/2&#8243; css=\u00bb.vc_custom_1562604398508{padding-top: 15px !important;}\u00bb][vc_column_text]<span style=\"font-family: Lato;\"><strong>Epic Health Solutions<\/strong><br \/>\nEpic Health Solutions brinda soluciones integradas \u00fanicas de red, administraci\u00f3n de atenci\u00f3n m\u00e9dica y asistencia m\u00e9dica para clientes internacionales<br \/>\nen las Am\u00e9ricas<\/span>[\/vc_column_text][\/vc_column_inner][\/vc_row_inner][\/vc_column][\/vc_row]<\/p>\n<\/div>","protected":false},"excerpt":{"rendered":"<p>[vc_row css=\u00bb.vc_custom_1553810042802{padding-top: 40px !important;}\u00bb][vc_column][vc_column_text] Excelencia en el Cuidado de Salud [\/vc_column_text][\/vc_column][\/vc_row][vc_row gap=\u00bb35&#8243;][vc_column width=\u00bb1\/2&#8243;][vc_column_text]VUMI\u00ae es una compa\u00f1\u00eda de seguros m\u00e9dicos internacionales que ofrece seguros exclusivos para gastos m\u00e9dicos mayores y servicios m\u00e9dicos VIP a clientes privados y corporativos alrededor del mundo. Los productos de VUMI\u00ae est\u00e1n dise\u00f1ados para brindarle beneficios \u00fanicos, una amplia cobertura mundial, protecci\u00f3n&hellip;<\/p>\n","protected":false},"author":4,"featured_media":0,"parent":0,"menu_order":0,"comment_status":"closed","ping_status":"closed","template":"","meta":{"footnotes":""},"class_list":["post-6010","page","type-page","status-publish","hentry","description-off"],"yoast_head":"<!-- This site is optimized with the Yoast SEO plugin v26.7 - https:\/\/yoast.com\/wordpress\/plugins\/seo\/ -->\n<title>Qui\u00e9nes Somos PR - VUMI<\/title>\n<meta name=\"robots\" content=\"index, follow, max-snippet:-1, max-image-preview:large, max-video-preview:-1\" \/>\n<link rel=\"canonical\" href=\"https:\/\/www.vumigroup.com\/es\/pr-quienes-somos\/\" \/>\n<meta property=\"og:locale\" content=\"es_ES\" \/>\n<meta property=\"og:type\" content=\"article\" \/>\n<meta property=\"og:title\" content=\"Qui\u00e9nes Somos PR - VUMI\" \/>\n<meta property=\"og:description\" content=\"[vc_row css=\u00bb.vc_custom_1553810042802{padding-top: 40px !important;}\u00bb][vc_column][vc_column_text] Excelencia en el Cuidado de Salud [\/vc_column_text][\/vc_column][\/vc_row][vc_row gap=\u00bb35&#8243;][vc_column width=\u00bb1\/2&#8243;][vc_column_text]VUMI\u00ae es una compa\u00f1\u00eda de seguros m\u00e9dicos internacionales que ofrece seguros exclusivos para gastos m\u00e9dicos mayores y servicios m\u00e9dicos VIP a clientes privados y corporativos alrededor del mundo. Los productos de VUMI\u00ae est\u00e1n dise\u00f1ados para brindarle beneficios \u00fanicos, una amplia cobertura mundial, protecci\u00f3n&hellip;\" \/>\n<meta property=\"og:url\" content=\"https:\/\/www.vumigroup.com\/es\/pr-quienes-somos\/\" \/>\n<meta property=\"og:site_name\" content=\"VUMI\" \/>\n<meta property=\"article:modified_time\" content=\"2024-07-15T19:43:04+00:00\" \/>\n<meta name=\"twitter:card\" content=\"summary_large_image\" \/>\n<meta name=\"twitter:label1\" content=\"Tiempo de lectura\" \/>\n\t<meta name=\"twitter:data1\" content=\"4 minutos\" \/>\n<script type=\"application\/ld+json\" class=\"yoast-schema-graph\">{\"@context\":\"https:\/\/schema.org\",\"@graph\":[{\"@type\":\"WebPage\",\"@id\":\"https:\/\/www.vumigroup.com\/es\/pr-quienes-somos\/\",\"url\":\"https:\/\/www.vumigroup.com\/es\/pr-quienes-somos\/\",\"name\":\"Qui\u00e9nes Somos PR - VUMI\",\"isPartOf\":{\"@id\":\"https:\/\/www.vumigroup.com\/#website\"},\"datePublished\":\"2024-07-15T19:09:36+00:00\",\"dateModified\":\"2024-07-15T19:43:04+00:00\",\"breadcrumb\":{\"@id\":\"https:\/\/www.vumigroup.com\/es\/pr-quienes-somos\/#breadcrumb\"},\"inLanguage\":\"es\",\"potentialAction\":[{\"@type\":\"ReadAction\",\"target\":[\"https:\/\/www.vumigroup.com\/es\/pr-quienes-somos\/\"]}]},{\"@type\":\"BreadcrumbList\",\"@id\":\"https:\/\/www.vumigroup.com\/es\/pr-quienes-somos\/#breadcrumb\",\"itemListElement\":[{\"@type\":\"ListItem\",\"position\":1,\"name\":\"Home\",\"item\":\"https:\/\/www.vumigroup.com\/\"},{\"@type\":\"ListItem\",\"position\":2,\"name\":\"Qui\u00e9nes Somos PR\"}]},{\"@type\":\"WebSite\",\"@id\":\"https:\/\/www.vumigroup.com\/#website\",\"url\":\"https:\/\/www.vumigroup.com\/\",\"name\":\"VUMI\",\"description\":\"VIP Universal Medical Insurance Group\",\"publisher\":{\"@id\":\"https:\/\/www.vumigroup.com\/#organization\"},\"potentialAction\":[{\"@type\":\"SearchAction\",\"target\":{\"@type\":\"EntryPoint\",\"urlTemplate\":\"https:\/\/www.vumigroup.com\/?s={search_term_string}\"},\"query-input\":{\"@type\":\"PropertyValueSpecification\",\"valueRequired\":true,\"valueName\":\"search_term_string\"}}],\"inLanguage\":\"es\"},{\"@type\":\"Organization\",\"@id\":\"https:\/\/www.vumigroup.com\/#organization\",\"name\":\"VUMI\",\"url\":\"https:\/\/www.vumigroup.com\/\",\"logo\":{\"@type\":\"ImageObject\",\"inLanguage\":\"es\",\"@id\":\"https:\/\/www.vumigroup.com\/#\/schema\/logo\/image\/\",\"url\":\"https:\/\/www.vumigroup.com\/wp-content\/uploads\/2023\/11\/vumi-blue.svg\",\"contentUrl\":\"https:\/\/www.vumigroup.com\/wp-content\/uploads\/2023\/11\/vumi-blue.svg\",\"caption\":\"VUMI\"},\"image\":{\"@id\":\"https:\/\/www.vumigroup.com\/#\/schema\/logo\/image\/\"}}]}<\/script>\n<!-- \/ Yoast SEO plugin. -->","yoast_head_json":{"title":"Qui\u00e9nes Somos PR - VUMI","robots":{"index":"index","follow":"follow","max-snippet":"max-snippet:-1","max-image-preview":"max-image-preview:large","max-video-preview":"max-video-preview:-1"},"canonical":"https:\/\/www.vumigroup.com\/es\/pr-quienes-somos\/","og_locale":"es_ES","og_type":"article","og_title":"Qui\u00e9nes Somos PR - VUMI","og_description":"[vc_row css=\u00bb.vc_custom_1553810042802{padding-top: 40px !important;}\u00bb][vc_column][vc_column_text] Excelencia en el Cuidado de Salud [\/vc_column_text][\/vc_column][\/vc_row][vc_row gap=\u00bb35&#8243;][vc_column width=\u00bb1\/2&#8243;][vc_column_text]VUMI\u00ae es una compa\u00f1\u00eda de seguros m\u00e9dicos internacionales que ofrece seguros exclusivos para gastos m\u00e9dicos mayores y servicios m\u00e9dicos VIP a clientes privados y corporativos alrededor del mundo. Los productos de VUMI\u00ae est\u00e1n dise\u00f1ados para brindarle beneficios \u00fanicos, una amplia cobertura mundial, protecci\u00f3n&hellip;","og_url":"https:\/\/www.vumigroup.com\/es\/pr-quienes-somos\/","og_site_name":"VUMI","article_modified_time":"2024-07-15T19:43:04+00:00","twitter_card":"summary_large_image","twitter_misc":{"Tiempo de lectura":"4 minutos"},"schema":{"@context":"https:\/\/schema.org","@graph":[{"@type":"WebPage","@id":"https:\/\/www.vumigroup.com\/es\/pr-quienes-somos\/","url":"https:\/\/www.vumigroup.com\/es\/pr-quienes-somos\/","name":"Qui\u00e9nes Somos PR - VUMI","isPartOf":{"@id":"https:\/\/www.vumigroup.com\/#website"},"datePublished":"2024-07-15T19:09:36+00:00","dateModified":"2024-07-15T19:43:04+00:00","breadcrumb":{"@id":"https:\/\/www.vumigroup.com\/es\/pr-quienes-somos\/#breadcrumb"},"inLanguage":"es","potentialAction":[{"@type":"ReadAction","target":["https:\/\/www.vumigroup.com\/es\/pr-quienes-somos\/"]}]},{"@type":"BreadcrumbList","@id":"https:\/\/www.vumigroup.com\/es\/pr-quienes-somos\/#breadcrumb","itemListElement":[{"@type":"ListItem","position":1,"name":"Home","item":"https:\/\/www.vumigroup.com\/"},{"@type":"ListItem","position":2,"name":"Qui\u00e9nes Somos PR"}]},{"@type":"WebSite","@id":"https:\/\/www.vumigroup.com\/#website","url":"https:\/\/www.vumigroup.com\/","name":"VUMI","description":"VIP Universal Medical Insurance Group","publisher":{"@id":"https:\/\/www.vumigroup.com\/#organization"},"potentialAction":[{"@type":"SearchAction","target":{"@type":"EntryPoint","urlTemplate":"https:\/\/www.vumigroup.com\/?s={search_term_string}"},"query-input":{"@type":"PropertyValueSpecification","valueRequired":true,"valueName":"search_term_string"}}],"inLanguage":"es"},{"@type":"Organization","@id":"https:\/\/www.vumigroup.com\/#organization","name":"VUMI","url":"https:\/\/www.vumigroup.com\/","logo":{"@type":"ImageObject","inLanguage":"es","@id":"https:\/\/www.vumigroup.com\/#\/schema\/logo\/image\/","url":"https:\/\/www.vumigroup.com\/wp-content\/uploads\/2023\/11\/vumi-blue.svg","contentUrl":"https:\/\/www.vumigroup.com\/wp-content\/uploads\/2023\/11\/vumi-blue.svg","caption":"VUMI"},"image":{"@id":"https:\/\/www.vumigroup.com\/#\/schema\/logo\/image\/"}}]}},"_links":{"self":[{"href":"https:\/\/www.vumigroup.com\/es\/wp-json\/wp\/v2\/pages\/6010","targetHints":{"allow":["GET"]}}],"collection":[{"href":"https:\/\/www.vumigroup.com\/es\/wp-json\/wp\/v2\/pages"}],"about":[{"href":"https:\/\/www.vumigroup.com\/es\/wp-json\/wp\/v2\/types\/page"}],"author":[{"embeddable":true,"href":"https:\/\/www.vumigroup.com\/es\/wp-json\/wp\/v2\/users\/4"}],"replies":[{"embeddable":true,"href":"https:\/\/www.vumigroup.com\/es\/wp-json\/wp\/v2\/comments?post=6010"}],"version-history":[{"count":2,"href":"https:\/\/www.vumigroup.com\/es\/wp-json\/wp\/v2\/pages\/6010\/revisions"}],"predecessor-version":[{"id":6052,"href":"https:\/\/www.vumigroup.com\/es\/wp-json\/wp\/v2\/pages\/6010\/revisions\/6052"}],"wp:attachment":[{"href":"https:\/\/www.vumigroup.com\/es\/wp-json\/wp\/v2\/media?parent=6010"}],"curies":[{"name":"wp","href":"https:\/\/api.w.org\/{rel}","templated":true}]}}