{"id":4116,"date":"2022-10-14T19:31:37","date_gmt":"2022-10-14T19:31:37","guid":{"rendered":"https:\/\/www.vumigroup.com\/vamos-de-la-mano-2\/"},"modified":"2023-10-04T14:52:23","modified_gmt":"2023-10-04T14:52:23","slug":"vamos-de-la-mano-2022","status":"publish","type":"page","link":"https:\/\/www.vumigroup.com\/es\/vamos-de-la-mano-2022\/","title":{"rendered":"Vamos de la mano"},"content":{"rendered":"<div class=\"wpb-content-wrapper\"><p>[vc_row full_width=\u00bbstretch_row\u00bb bg_type=\u00bbimage\u00bb parallax_style=\u00bbvcpb-vz-jquery\u00bb bg_image_new=\u00bbid^4011|url^https:\/\/www.vumigroup.com\/wp-content\/uploads\/2022\/10\/backcancerv4.png|caption^null|alt^null|title^backcancerv4|description^null\u00bb bg_image_repeat=\u00bbno-repeat\u00bb bg_override=\u00bbfull\u00bb css=\u00bb.vc_custom_1665501578545{background-color: #fff8f0 !important;}\u00bb][vc_column][vc_row_inner css=\u00bb.vc_custom_1665500329492{background-position: center !important;background-repeat: no-repeat !important;background-size: cover !important;}\u00bb el_class=\u00bb.cancer\u00bb][vc_column_inner width=\u00bb1\/2&#8243;][vc_single_image image=\u00bb4145&#8243; img_size=\u00bb378&#215;290&#8243; css_animation=\u00bbfadeIn\u00bb css=\u00bb.vc_custom_1665502005277{margin-bottom: 120px !important;}\u00bb][\/vc_column_inner][vc_column_inner width=\u00bb1\/2&#8243; css=\u00bb.vc_custom_1665500118685{background-position: center !important;background-repeat: no-repeat !important;background-size: cover !important;}\u00bb][vc_single_image image=\u00bb4144&#8243; img_size=\u00bb428&#215;256&#8243; css_animation=\u00bbfadeIn\u00bb css=\u00bb.vc_custom_1665501994654{margin-top: px !important;background-position: center !important;background-repeat: no-repeat !important;background-size: contain !important;}\u00bb][\/vc_column_inner][\/vc_row_inner][\/vc_column][\/vc_row][vc_row full_width=\u00bbstretch_row\u00bb css=\u00bb.vc_custom_1665501376614{padding-top: 90px !important;background-color: #fff8f0 !important;}\u00bb][vc_column width=\u00bb1\/2&#8243;][vc_column_text css_animation=\u00bbfadeInDown\u00bb css=\u00bb.vc_custom_1665600539767{margin-top: 90px !important;}\u00bb]<span style=\"font-size: 32px;\"><strong>VUMI<sup>\u00ae<\/sup><\/strong> APOYA LA LUCHA<\/span><\/p>\n<p><span style=\"font-size: 32px;\">CONTRA EL C\u00c1NCER <\/span><\/p>\n<p><span style=\"font-size: 32px;\">DE MAMA<\/span><\/p>\n<p><span style=\"font-size: 18px;\">Cada a\u00f1o, <strong>VUMI<sup>\u00ae<\/sup><\/strong> se une a esta <\/span><span style=\"font-size: 18px;\">campa\u00f1a mundial <\/span><\/p>\n<p><span style=\"font-size: 18px;\">que busca concientizar sobre <\/span><span style=\"font-size: 18px;\">la importancia de la <\/span><\/p>\n<p><span style=\"font-size: 18px;\">detecci\u00f3n temprana para <\/span><span style=\"font-size: 18px;\">un diagn\u00f3stico y <\/span><\/p>\n<p><span style=\"font-size: 18px;\">tratamiento eficaz.<\/span>[\/vc_column_text][\/vc_column][vc_column width=\u00bb1\/2&#8243;][vc_single_image image=\u00bb4139&#8243; img_size=\u00bbfull\u00bb css_animation=\u00bbfadeInRight\u00bb css=\u00bb.vc_custom_1665503504169{margin-top: 0px !important;margin-right: 0px !important;margin-bottom: 0px !important;margin-left: 0px !important;}\u00bb][\/vc_column][\/vc_row][vc_row full_width=\u00bbstretch_row\u00bb css=\u00bb.vc_custom_1665503003697{padding-top: 90px !important;background-color: #ee8896 !important;}\u00bb][vc_column][vc_column_text]<\/p>\n<p style=\"text-align: center;\"><span style=\"font-size: 32px; color: #ffffff;\">CONOCE M\u00c1S DE <strong>NUESTRA INICIATIVA<\/strong> <\/span><\/p>\n<p>[\/vc_column_text][vc_video link=\u00bbhttps:\/\/www.youtube.com\/watch?v=DCWalzCKusA\u00bb el_width=\u00bb80&#8243; align=\u00bbcenter\u00bb css_animation=\u00bbfadeInDown\u00bb][vc_single_image image=\u00bb4138&#8243; img_size=\u00bbfull\u00bb alignment=\u00bbcenter\u00bb css_animation=\u00bbfadeInDown\u00bb][\/vc_column][\/vc_row][vc_row full_width=\u00bbstretch_row\u00bb css=\u00bb.vc_custom_1665501376614{padding-top: 90px !important;background-color: #fff8f0 !important;}\u00bb][vc_column width=\u00bb1\/2&#8243;][vc_single_image image=\u00bb4137&#8243; img_size=\u00bbfull\u00bb css_animation=\u00bbfadeInRight\u00bb css=\u00bb.vc_custom_1665503710216{margin-top: 0px !important;margin-right: 0px !important;margin-bottom: 0px !important;margin-left: 0px !important;}\u00bb][\/vc_column][vc_column width=\u00bb1\/2&#8243;][vc_column_text css_animation=\u00bbfadeIn\u00bb css=\u00bb.vc_custom_1665586739074{margin-top: 90px !important;}\u00bb]<span style=\"font-size: 32px;\">GU\u00cdA INFORMATIVA SOBRE <\/span><\/p>\n<p><span style=\"font-size: 32px;\">EL C\u00c1NCER DE MAMA <\/span><\/p>\n<p><span style=\"font-size: 18px;\"><strong>VUMI<sup>\u00ae<\/sup><\/strong> prepar\u00f3 una completa gu\u00eda informativa sobre el c\u00e1ncer de mama que puedes descargar para comprender m\u00e1s sobre:<br \/>\n<\/span><\/p>\n<p><span style=\"font-size: 18px;\"><strong>\u2022 Informaci\u00f3n general sobre la enfermedad<\/strong><\/span><\/p>\n<p><span style=\"font-size: 18px;\"><strong>\u2022 Tipos de c\u00e1ncer de mama<\/strong><\/span><\/p>\n<p><span style=\"font-size: 18px;\"><strong>\u2022 <span lang=\"ES-US\">Diagn\u00f3stico y ex\u00e1menes para detectar esta enfermedad.<\/span><br \/>\n<\/strong><\/span><\/p>\n<p><span style=\"font-size: 18px;\"><strong>\u2022 Recomendaciones de especialistas de la salud<\/strong><\/span>[\/vc_column_text][vc_btn title=\u00bbDescargar gu\u00eda\u00bb style=\u00bbcustom\u00bb custom_background=\u00bb#e9778b\u00bb custom_text=\u00bb#ffffff\u00bb size=\u00bblg\u00bb align=\u00bbleft\u00bb shadow_str=\u00bb1&#8243; hover_anim=\u00bbmove-up\u00bb link=\u00bburl:https%3A%2F%2Fonline.flippingbook.com%2Fview%2F640142028%2F|target:_blank|\u00bb][\/vc_column][vc_column][vc_column_text css_animation=\u00bbfadeIn\u00bb css=\u00bb.vc_custom_1665515193380{margin-top: 0px !important;margin-bottom: 90px !important;}\u00bb]<\/p>\n<p style=\"text-align: center;\"><span style=\"font-size: 32px;\"><strong>VUMI<sup>\u00ae<\/sup><\/strong> EST\u00c1 CONTIGO <\/span><\/p>\n<p style=\"text-align: center;\"><span style=\"font-size: 18px;\">Con un equipo disponible 24\/7, amplias coberturas y beneficios \u00fanicos, <strong>VUMI<sup>\u00ae<\/sup><\/strong><br \/>\nacompa\u00f1a a todas nuestras aseguradas desde la detecci\u00f3n, diagn\u00f3stico y<br \/>\ntratamiento brindando:<\/span><\/p>\n<p>[\/vc_column_text][vc_row_inner][vc_column_inner width=\u00bb1\/4&#8243;][vc_single_image image=\u00bb4131&#8243; alignment=\u00bbcenter\u00bb css_animation=\u00bbfadeIn\u00bb css=\u00bb.vc_custom_1665506296030{margin-top: 0px !important;margin-right: 0px !important;margin-bottom: 20px !important;margin-left: 0px !important;}\u00bb][vc_column_text]<\/p>\n<p style=\"text-align: center;\">Servicios de Consultor\u00eda M\u00e9dica VIP<br \/>\npara pacientes<\/p>\n<p>[\/vc_column_text][\/vc_column_inner][vc_column_inner width=\u00bb1\/4&#8243;][vc_single_image image=\u00bb4134&#8243; alignment=\u00bbcenter\u00bb css_animation=\u00bbfadeIn\u00bb css=\u00bb.vc_custom_1665506319408{margin-top: 0px !important;margin-right: 0px !important;margin-bottom: 20px !important;margin-left: 0px !important;}\u00bb][vc_column_text]<\/p>\n<p style=\"text-align: center;\">Acceso a los mejores hospitales especializados en c\u00e1ncer de EE. UU.<\/p>\n<p>[\/vc_column_text][\/vc_column_inner][vc_column_inner width=\u00bb1\/4&#8243;][vc_single_image image=\u00bb4130&#8243; alignment=\u00bbcenter\u00bb css_animation=\u00bbfadeIn\u00bb css=\u00bb.vc_custom_1665506328566{margin-top: 0px !important;margin-right: 0px !important;margin-bottom: 20px !important;margin-left: 0px !important;}\u00bb][vc_column_text]<\/p>\n<p style=\"text-align: center;\">Segunda Opini\u00f3n<br \/>\nM\u00e9dica VIP<sup>\u00ae<\/sup><\/p>\n<p>[\/vc_column_text][\/vc_column_inner][vc_column_inner width=\u00bb1\/4&#8243;][vc_single_image image=\u00bb4129&#8243; alignment=\u00bbcenter\u00bb css_animation=\u00bbfadeIn\u00bb css=\u00bb.vc_custom_1665506335676{margin-top: 0px !important;margin-right: 0px !important;margin-bottom: 20px !important;margin-left: 0px !important;}\u00bb][vc_column_text]<\/p>\n<p style=\"text-align: center;\">Coordinaci\u00f3n m\u00e9dica<br \/>\ncon enfoque humano<\/p>\n<p>[\/vc_column_text][\/vc_column_inner][\/vc_row_inner][\/vc_column][\/vc_row][vc_row full_width=\u00bbstretch_row\u00bb bg_type=\u00bbimage\u00bb parallax_style=\u00bbvcpb-vz-jquery\u00bb bg_image_new=\u00bbid^4070|url^https:\/\/www.vumigroup.com\/wp-content\/uploads\/2022\/10\/handsfooter.png|caption^null|alt^null|title^handsfooter|description^null\u00bb bg_image_repeat=\u00bbno-repeat\u00bb bg_override=\u00bbfull\u00bb][vc_column][vc_column_text css_animation=\u00bbfadeIn\u00bb css=\u00bb.vc_custom_1665587095982{margin-top: 60px !important;}\u00bb]<\/p>\n<p style=\"text-align: center;\"><span style=\"font-size: 32px;\">NUESTROS PLANES CUENTAN CON COBERTURA <strong><br \/>\nPARA SERVICIOS DE ONCOLOG\u00cdA<\/strong><\/span><\/p>\n<p>[\/vc_column_text][vc_row_inner css=\u00bb.vc_custom_1665585824883{background-position: center !important;background-repeat: no-repeat !important;background-size: cover !important;}\u00bb][vc_column_inner width=\u00bb1\/3&#8243;][vc_column_text css=\u00bb.vc_custom_1665587682693{padding-top: 40px !important;padding-bottom: 67px !important;background-color: rgba(255,248,240,0.8) !important;*background-color: rgb(255,248,240) !important;}\u00bb]<\/p>\n<p style=\"text-align: center;\"><img decoding=\"async\" class=\"alignnone size-full wp-image-4119\" src=\"https:\/\/www.vumigroup.com\/wp-content\/uploads\/2022\/10\/medic4.png\" alt=\"\" width=\"130\" height=\"114\" \/><\/p>\n<p style=\"text-align: center;\">Cirug\u00eda de reducci\u00f3n de riesgo de<br \/>\nc\u00e1ncer o cirug\u00eda profil\u00e1ctica<\/p>\n<p>[\/vc_column_text][\/vc_column_inner][vc_column_inner width=\u00bb1\/3&#8243;][vc_column_text css=\u00bb.vc_custom_1665587669753{padding-top: 40px !important;padding-bottom: 67px !important;background-color: rgba(255,248,240,0.8) !important;*background-color: rgb(255,248,240) !important;}\u00bb]<\/p>\n<p style=\"text-align: center;\"><img decoding=\"async\" class=\"alignnone wp-image-4120 size-full\" src=\"https:\/\/www.vumigroup.com\/wp-content\/uploads\/2022\/10\/mamografia.png\" alt=\"\" width=\"130\" height=\"114\" \/><\/p>\n<p style=\"text-align: center;\">Chequeos m\u00e9dicos preventivos<br \/>\nque incluyen mamograf\u00eda*<\/p>\n<p>[\/vc_column_text][\/vc_column_inner][vc_column_inner width=\u00bb1\/3&#8243;][vc_column_text css=\u00bb.vc_custom_1665514393121{padding-top: 40px !important;padding-bottom: 40px !important;background-color: rgba(255,248,240,0.8) !important;*background-color: rgb(255,248,240) !important;}\u00bb]<\/p>\n<p style=\"text-align: center;\"><img decoding=\"async\" class=\"alignnone wp-image-4121 size-full\" src=\"https:\/\/www.vumigroup.com\/wp-content\/uploads\/2022\/10\/qui.png\" alt=\"\" width=\"130\" height=\"114\" \/><\/p>\n<p style=\"text-align: center;\">\u00a0Ex\u00e1menes, tratamientos<br \/>\n(quimioterapia y\/o radiolog\u00eda),<br \/>\nmedicamentos*<\/p>\n<p>[\/vc_column_text][\/vc_column_inner][\/vc_row_inner][vc_row_inner css=\u00bb.vc_custom_1665585884371{margin-bottom: 120px !important;}\u00bb][vc_column_inner css=\u00bb.vc_custom_1665585853838{margin-top: 0px !important;margin-right: 0px !important;margin-bottom: 0px !important;margin-left: 0px !important;}\u00bb][vc_column_text css=\u00bb.vc_custom_1665591867693{margin-top: 30px !important;}\u00bb]<\/p>\n<p style=\"text-align: center;\"><span style=\"font-size: 21px;\">*Para conocer los planes que cuentan con estos beneficios y el alcance de sus coberturas, contacta a tu agente de seguros.<\/span><\/p>\n<p>[\/vc_column_text][vc_single_image image=\u00bb4124&#8243; img_size=\u00bb204&#215;83&#8243; alignment=\u00bbcenter\u00bb css=\u00bb.vc_custom_1665592080501{margin-top: 0px !important;margin-right: 0px !important;margin-bottom: 0px !important;margin-left: 0px !important;}\u00bb][\/vc_column_inner][\/vc_row_inner][\/vc_column][\/vc_row]<\/p>\n<\/div>","protected":false},"excerpt":{"rendered":"<p>[vc_row full_width=\u00bbstretch_row\u00bb bg_type=\u00bbimage\u00bb parallax_style=\u00bbvcpb-vz-jquery\u00bb bg_image_new=\u00bbid^4011|url^https:\/\/www.vumigroup.com\/wp-content\/uploads\/2022\/10\/backcancerv4.png|caption^null|alt^null|title^backcancerv4|description^null\u00bb bg_image_repeat=\u00bbno-repeat\u00bb bg_override=\u00bbfull\u00bb css=\u00bb.vc_custom_1665501578545{background-color: #fff8f0 !important;}\u00bb][vc_column][vc_row_inner css=\u00bb.vc_custom_1665500329492{background-position: center !important;background-repeat: no-repeat !important;background-size: cover !important;}\u00bb el_class=\u00bb.cancer\u00bb][vc_column_inner width=\u00bb1\/2&#8243;][vc_single_image image=\u00bb4145&#8243; img_size=\u00bb378&#215;290&#8243; css_animation=\u00bbfadeIn\u00bb css=\u00bb.vc_custom_1665502005277{margin-bottom: 120px !important;}\u00bb][\/vc_column_inner][vc_column_inner width=\u00bb1\/2&#8243; css=\u00bb.vc_custom_1665500118685{background-position: center !important;background-repeat: no-repeat !important;background-size: cover !important;}\u00bb][vc_single_image image=\u00bb4144&#8243; img_size=\u00bb428&#215;256&#8243; css_animation=\u00bbfadeIn\u00bb css=\u00bb.vc_custom_1665501994654{margin-top: px !important;background-position: center !important;background-repeat: no-repeat !important;background-size: contain !important;}\u00bb][\/vc_column_inner][\/vc_row_inner][\/vc_column][\/vc_row][vc_row full_width=\u00bbstretch_row\u00bb css=\u00bb.vc_custom_1665501376614{padding-top: 90px !important;background-color: #fff8f0 !important;}\u00bb][vc_column width=\u00bb1\/2&#8243;][vc_column_text css_animation=\u00bbfadeInDown\u00bb css=\u00bb.vc_custom_1665600539767{margin-top: 90px&hellip;<\/p>\n","protected":false},"author":7,"featured_media":0,"parent":0,"menu_order":0,"comment_status":"closed","ping_status":"closed","template":"","meta":{"footnotes":""},"class_list":["post-4116","page","type-page","status-publish","hentry","description-off"],"yoast_head":"<!-- This site is optimized with the Yoast SEO plugin v26.7 - https:\/\/yoast.com\/wordpress\/plugins\/seo\/ -->\n<title>Vamos de la mano - VUMI<\/title>\n<meta name=\"robots\" content=\"index, follow, max-snippet:-1, max-image-preview:large, max-video-preview:-1\" \/>\n<link rel=\"canonical\" href=\"https:\/\/www.vumigroup.com\/es\/vamos-de-la-mano-2022\/\" \/>\n<meta property=\"og:locale\" content=\"es_ES\" \/>\n<meta property=\"og:type\" content=\"article\" \/>\n<meta property=\"og:title\" content=\"Vamos de la mano - VUMI\" \/>\n<meta property=\"og:description\" content=\"[vc_row full_width=\u00bbstretch_row\u00bb bg_type=\u00bbimage\u00bb parallax_style=\u00bbvcpb-vz-jquery\u00bb bg_image_new=\u00bbid^4011|url^https:\/\/www.vumigroup.com\/wp-content\/uploads\/2022\/10\/backcancerv4.png|caption^null|alt^null|title^backcancerv4|description^null\u00bb bg_image_repeat=\u00bbno-repeat\u00bb bg_override=\u00bbfull\u00bb css=\u00bb.vc_custom_1665501578545{background-color: #fff8f0 !important;}\u00bb][vc_column][vc_row_inner css=\u00bb.vc_custom_1665500329492{background-position: center !important;background-repeat: no-repeat !important;background-size: cover !important;}\u00bb el_class=\u00bb.cancer\u00bb][vc_column_inner width=\u00bb1\/2&#8243;][vc_single_image image=\u00bb4145&#8243; img_size=\u00bb378&#215;290&#8243; css_animation=\u00bbfadeIn\u00bb css=\u00bb.vc_custom_1665502005277{margin-bottom: 120px !important;}\u00bb][\/vc_column_inner][vc_column_inner width=\u00bb1\/2&#8243; css=\u00bb.vc_custom_1665500118685{background-position: center !important;background-repeat: no-repeat !important;background-size: cover !important;}\u00bb][vc_single_image image=\u00bb4144&#8243; img_size=\u00bb428&#215;256&#8243; css_animation=\u00bbfadeIn\u00bb css=\u00bb.vc_custom_1665501994654{margin-top: px !important;background-position: center !important;background-repeat: no-repeat !important;background-size: contain !important;}\u00bb][\/vc_column_inner][\/vc_row_inner][\/vc_column][\/vc_row][vc_row full_width=\u00bbstretch_row\u00bb css=\u00bb.vc_custom_1665501376614{padding-top: 90px !important;background-color: #fff8f0 !important;}\u00bb][vc_column width=\u00bb1\/2&#8243;][vc_column_text css_animation=\u00bbfadeInDown\u00bb css=\u00bb.vc_custom_1665600539767{margin-top: 90px&hellip;\" \/>\n<meta property=\"og:url\" content=\"https:\/\/www.vumigroup.com\/es\/vamos-de-la-mano-2022\/\" \/>\n<meta property=\"og:site_name\" content=\"VUMI\" \/>\n<meta property=\"article:modified_time\" content=\"2023-10-04T14:52:23+00:00\" \/>\n<meta property=\"og:image\" content=\"https:\/\/www.vumigroup.com\/wp-content\/uploads\/2022\/10\/medic4.png\" \/>\n\t<meta property=\"og:image:width\" content=\"130\" \/>\n\t<meta property=\"og:image:height\" content=\"114\" \/>\n\t<meta property=\"og:image:type\" content=\"image\/png\" \/>\n<meta name=\"twitter:card\" content=\"summary_large_image\" \/>\n<meta name=\"twitter:label1\" content=\"Tiempo de lectura\" \/>\n\t<meta name=\"twitter:data1\" content=\"5 minutos\" \/>\n<script type=\"application\/ld+json\" class=\"yoast-schema-graph\">{\"@context\":\"https:\/\/schema.org\",\"@graph\":[{\"@type\":\"WebPage\",\"@id\":\"https:\/\/www.vumigroup.com\/es\/vamos-de-la-mano-2022\/\",\"url\":\"https:\/\/www.vumigroup.com\/es\/vamos-de-la-mano-2022\/\",\"name\":\"Vamos de la mano - VUMI\",\"isPartOf\":{\"@id\":\"https:\/\/www.vumigroup.com\/#website\"},\"primaryImageOfPage\":{\"@id\":\"https:\/\/www.vumigroup.com\/es\/vamos-de-la-mano-2022\/#primaryimage\"},\"image\":{\"@id\":\"https:\/\/www.vumigroup.com\/es\/vamos-de-la-mano-2022\/#primaryimage\"},\"thumbnailUrl\":\"https:\/\/www.vumigroup.com\/wp-content\/uploads\/2022\/10\/medic4.png\",\"datePublished\":\"2022-10-14T19:31:37+00:00\",\"dateModified\":\"2023-10-04T14:52:23+00:00\",\"breadcrumb\":{\"@id\":\"https:\/\/www.vumigroup.com\/es\/vamos-de-la-mano-2022\/#breadcrumb\"},\"inLanguage\":\"es\",\"potentialAction\":[{\"@type\":\"ReadAction\",\"target\":[\"https:\/\/www.vumigroup.com\/es\/vamos-de-la-mano-2022\/\"]}]},{\"@type\":\"ImageObject\",\"inLanguage\":\"es\",\"@id\":\"https:\/\/www.vumigroup.com\/es\/vamos-de-la-mano-2022\/#primaryimage\",\"url\":\"https:\/\/www.vumigroup.com\/wp-content\/uploads\/2022\/10\/medic4.png\",\"contentUrl\":\"https:\/\/www.vumigroup.com\/wp-content\/uploads\/2022\/10\/medic4.png\"},{\"@type\":\"BreadcrumbList\",\"@id\":\"https:\/\/www.vumigroup.com\/es\/vamos-de-la-mano-2022\/#breadcrumb\",\"itemListElement\":[{\"@type\":\"ListItem\",\"position\":1,\"name\":\"Home\",\"item\":\"https:\/\/www.vumigroup.com\/\"},{\"@type\":\"ListItem\",\"position\":2,\"name\":\"Vamos de la mano\"}]},{\"@type\":\"WebSite\",\"@id\":\"https:\/\/www.vumigroup.com\/#website\",\"url\":\"https:\/\/www.vumigroup.com\/\",\"name\":\"VUMI\",\"description\":\"VIP Universal Medical Insurance Group\",\"publisher\":{\"@id\":\"https:\/\/www.vumigroup.com\/#organization\"},\"potentialAction\":[{\"@type\":\"SearchAction\",\"target\":{\"@type\":\"EntryPoint\",\"urlTemplate\":\"https:\/\/www.vumigroup.com\/?s={search_term_string}\"},\"query-input\":{\"@type\":\"PropertyValueSpecification\",\"valueRequired\":true,\"valueName\":\"search_term_string\"}}],\"inLanguage\":\"es\"},{\"@type\":\"Organization\",\"@id\":\"https:\/\/www.vumigroup.com\/#organization\",\"name\":\"VUMI\",\"url\":\"https:\/\/www.vumigroup.com\/\",\"logo\":{\"@type\":\"ImageObject\",\"inLanguage\":\"es\",\"@id\":\"https:\/\/www.vumigroup.com\/#\/schema\/logo\/image\/\",\"url\":\"https:\/\/www.vumigroup.com\/wp-content\/uploads\/2023\/11\/vumi-blue.svg\",\"contentUrl\":\"https:\/\/www.vumigroup.com\/wp-content\/uploads\/2023\/11\/vumi-blue.svg\",\"caption\":\"VUMI\"},\"image\":{\"@id\":\"https:\/\/www.vumigroup.com\/#\/schema\/logo\/image\/\"}}]}<\/script>\n<!-- \/ Yoast SEO plugin. -->","yoast_head_json":{"title":"Vamos de la mano - VUMI","robots":{"index":"index","follow":"follow","max-snippet":"max-snippet:-1","max-image-preview":"max-image-preview:large","max-video-preview":"max-video-preview:-1"},"canonical":"https:\/\/www.vumigroup.com\/es\/vamos-de-la-mano-2022\/","og_locale":"es_ES","og_type":"article","og_title":"Vamos de la mano - VUMI","og_description":"[vc_row full_width=\u00bbstretch_row\u00bb bg_type=\u00bbimage\u00bb parallax_style=\u00bbvcpb-vz-jquery\u00bb bg_image_new=\u00bbid^4011|url^https:\/\/www.vumigroup.com\/wp-content\/uploads\/2022\/10\/backcancerv4.png|caption^null|alt^null|title^backcancerv4|description^null\u00bb bg_image_repeat=\u00bbno-repeat\u00bb bg_override=\u00bbfull\u00bb css=\u00bb.vc_custom_1665501578545{background-color: #fff8f0 !important;}\u00bb][vc_column][vc_row_inner css=\u00bb.vc_custom_1665500329492{background-position: center !important;background-repeat: no-repeat !important;background-size: cover !important;}\u00bb el_class=\u00bb.cancer\u00bb][vc_column_inner width=\u00bb1\/2&#8243;][vc_single_image image=\u00bb4145&#8243; img_size=\u00bb378&#215;290&#8243; css_animation=\u00bbfadeIn\u00bb css=\u00bb.vc_custom_1665502005277{margin-bottom: 120px !important;}\u00bb][\/vc_column_inner][vc_column_inner width=\u00bb1\/2&#8243; css=\u00bb.vc_custom_1665500118685{background-position: center !important;background-repeat: no-repeat !important;background-size: cover !important;}\u00bb][vc_single_image image=\u00bb4144&#8243; img_size=\u00bb428&#215;256&#8243; css_animation=\u00bbfadeIn\u00bb css=\u00bb.vc_custom_1665501994654{margin-top: px !important;background-position: center !important;background-repeat: no-repeat !important;background-size: contain !important;}\u00bb][\/vc_column_inner][\/vc_row_inner][\/vc_column][\/vc_row][vc_row full_width=\u00bbstretch_row\u00bb css=\u00bb.vc_custom_1665501376614{padding-top: 90px !important;background-color: #fff8f0 !important;}\u00bb][vc_column width=\u00bb1\/2&#8243;][vc_column_text css_animation=\u00bbfadeInDown\u00bb css=\u00bb.vc_custom_1665600539767{margin-top: 90px&hellip;","og_url":"https:\/\/www.vumigroup.com\/es\/vamos-de-la-mano-2022\/","og_site_name":"VUMI","article_modified_time":"2023-10-04T14:52:23+00:00","og_image":[{"width":130,"height":114,"url":"https:\/\/www.vumigroup.com\/wp-content\/uploads\/2022\/10\/medic4.png","type":"image\/png"}],"twitter_card":"summary_large_image","twitter_misc":{"Tiempo de lectura":"5 minutos"},"schema":{"@context":"https:\/\/schema.org","@graph":[{"@type":"WebPage","@id":"https:\/\/www.vumigroup.com\/es\/vamos-de-la-mano-2022\/","url":"https:\/\/www.vumigroup.com\/es\/vamos-de-la-mano-2022\/","name":"Vamos de la mano - VUMI","isPartOf":{"@id":"https:\/\/www.vumigroup.com\/#website"},"primaryImageOfPage":{"@id":"https:\/\/www.vumigroup.com\/es\/vamos-de-la-mano-2022\/#primaryimage"},"image":{"@id":"https:\/\/www.vumigroup.com\/es\/vamos-de-la-mano-2022\/#primaryimage"},"thumbnailUrl":"https:\/\/www.vumigroup.com\/wp-content\/uploads\/2022\/10\/medic4.png","datePublished":"2022-10-14T19:31:37+00:00","dateModified":"2023-10-04T14:52:23+00:00","breadcrumb":{"@id":"https:\/\/www.vumigroup.com\/es\/vamos-de-la-mano-2022\/#breadcrumb"},"inLanguage":"es","potentialAction":[{"@type":"ReadAction","target":["https:\/\/www.vumigroup.com\/es\/vamos-de-la-mano-2022\/"]}]},{"@type":"ImageObject","inLanguage":"es","@id":"https:\/\/www.vumigroup.com\/es\/vamos-de-la-mano-2022\/#primaryimage","url":"https:\/\/www.vumigroup.com\/wp-content\/uploads\/2022\/10\/medic4.png","contentUrl":"https:\/\/www.vumigroup.com\/wp-content\/uploads\/2022\/10\/medic4.png"},{"@type":"BreadcrumbList","@id":"https:\/\/www.vumigroup.com\/es\/vamos-de-la-mano-2022\/#breadcrumb","itemListElement":[{"@type":"ListItem","position":1,"name":"Home","item":"https:\/\/www.vumigroup.com\/"},{"@type":"ListItem","position":2,"name":"Vamos de la mano"}]},{"@type":"WebSite","@id":"https:\/\/www.vumigroup.com\/#website","url":"https:\/\/www.vumigroup.com\/","name":"VUMI","description":"VIP Universal Medical Insurance Group","publisher":{"@id":"https:\/\/www.vumigroup.com\/#organization"},"potentialAction":[{"@type":"SearchAction","target":{"@type":"EntryPoint","urlTemplate":"https:\/\/www.vumigroup.com\/?s={search_term_string}"},"query-input":{"@type":"PropertyValueSpecification","valueRequired":true,"valueName":"search_term_string"}}],"inLanguage":"es"},{"@type":"Organization","@id":"https:\/\/www.vumigroup.com\/#organization","name":"VUMI","url":"https:\/\/www.vumigroup.com\/","logo":{"@type":"ImageObject","inLanguage":"es","@id":"https:\/\/www.vumigroup.com\/#\/schema\/logo\/image\/","url":"https:\/\/www.vumigroup.com\/wp-content\/uploads\/2023\/11\/vumi-blue.svg","contentUrl":"https:\/\/www.vumigroup.com\/wp-content\/uploads\/2023\/11\/vumi-blue.svg","caption":"VUMI"},"image":{"@id":"https:\/\/www.vumigroup.com\/#\/schema\/logo\/image\/"}}]}},"_links":{"self":[{"href":"https:\/\/www.vumigroup.com\/es\/wp-json\/wp\/v2\/pages\/4116","targetHints":{"allow":["GET"]}}],"collection":[{"href":"https:\/\/www.vumigroup.com\/es\/wp-json\/wp\/v2\/pages"}],"about":[{"href":"https:\/\/www.vumigroup.com\/es\/wp-json\/wp\/v2\/types\/page"}],"author":[{"embeddable":true,"href":"https:\/\/www.vumigroup.com\/es\/wp-json\/wp\/v2\/users\/7"}],"replies":[{"embeddable":true,"href":"https:\/\/www.vumigroup.com\/es\/wp-json\/wp\/v2\/comments?post=4116"}],"version-history":[{"count":8,"href":"https:\/\/www.vumigroup.com\/es\/wp-json\/wp\/v2\/pages\/4116\/revisions"}],"predecessor-version":[{"id":4173,"href":"https:\/\/www.vumigroup.com\/es\/wp-json\/wp\/v2\/pages\/4116\/revisions\/4173"}],"wp:attachment":[{"href":"https:\/\/www.vumigroup.com\/es\/wp-json\/wp\/v2\/media?parent=4116"}],"curies":[{"name":"wp","href":"https:\/\/api.w.org\/{rel}","templated":true}]}}