{"id":2248,"date":"2021-05-13T21:53:19","date_gmt":"2021-05-13T21:53:19","guid":{"rendered":"https:\/\/www.vumigroup.com\/group-term-life-vip\/"},"modified":"2021-05-14T19:29:52","modified_gmt":"2021-05-14T19:29:52","slug":"group-term-life-vip","status":"publish","type":"page","link":"https:\/\/www.vumigroup.com\/es\/group-term-life-vip\/","title":{"rendered":"Group Term Life VIP"},"content":{"rendered":"<div class=\"wpb-content-wrapper\"><p>[vc_row full_width=\u00bbstretch_row\u00bb css=\u00bb.vc_custom_1620938129397{border-bottom-width: 5px !important;background-image: url(https:\/\/www.vumigroup.com\/wp-content\/uploads\/2021\/05\/term-life-plan.jpg?id=2141) !important;background-position: center !important;background-repeat: no-repeat !important;background-size: cover !important;border-bottom-color: #c79200 !important;border-bottom-style: solid !important;}\u00bb][vc_column]<div class=\"ult-spacer spacer-69f0a3d489042\" data-id=\"69f0a3d489042\" data-height=\"400\" data-height-mobile=\"400\" data-height-tab=\"400\" data-height-tab-portrait=\"\" data-height-mobile-landscape=\"\" style=\"clear:both;display:block;\"><\/div>[\/vc_column][\/vc_row][vc_row gap=\u00bb35&#8243; css=\u00bb.vc_custom_1620860897254{padding-top: 40px !important;}\u00bb][vc_column width=\u00bb1\/2&#8243;][vc_column_text css=\u00bb.vc_custom_1620938446708{padding-top: 10px !important;padding-right: 10px !important;padding-bottom: 10px !important;padding-left: 10px !important;background-color: #c79200 !important;}\u00bb]<span style=\"font-family: Montserrat; font-size: 24px; font-weight: 800;\"><span style=\"color: #ffffff;\">GROUP TERM LIFE<\/span> <span style=\"color: #ffffff; font-weight: 300;\">VIP<\/span><\/span>[\/vc_column_text][vc_column_text]Group Term Life VIP es un plan de seguro de vida a t\u00e9rmino, muerte accidental y desmembramiento (AD&amp;D, por sus siglas en ingl\u00e9s), disponible para grupos empresariales ofreciendo cobertura por un a\u00f1o renovable.<\/p>\n<p>El plan brinda a los asegurados cobertura integral para ayudarles a prepararse para las eventualidades de la vida y proteger financieramente a su familia en caso de que algo suceda.[\/vc_column_text]<div class=\"ult-spacer spacer-69f0a3d489094\" data-id=\"69f0a3d489094\" data-height=\"20\" data-height-mobile=\"20\" data-height-tab=\"20\" data-height-tab-portrait=\"\" data-height-mobile-landscape=\"\" style=\"clear:both;display:block;\"><\/div>[vc_column_text css=\u00bb.vc_custom_1620938482024{padding-top: 10px !important;padding-right: 10px !important;padding-bottom: 10px !important;padding-left: 10px !important;background-color: #c79200 !important;}\u00bb]<span style=\"font-family: Montserrat; font-size: 24px; color: #ffffff;\">COBERTURA<\/span>[\/vc_column_text][vc_column_text]Beneficio por muerte natural: pago \u00fanico al beneficiario designado.<\/p>\n<p>Muerte accidental y desmembramiento (AD&amp;D): cobertura al 100% por muerte accidental y desde el 50% hasta el 100% por desmembramiento, seg\u00fan sea el caso.[\/vc_column_text][vc_column_text css=\u00bb.vc_custom_1620940042621{margin-bottom: 0px !important;padding-bottom: 0px !important;background-color: #c79200 !important;}\u00bb]<\/p>\n<p style=\"text-align: center;\"><strong><span style=\"color: #ffffff;\">Muerte Accidental<\/span><\/strong><\/p>\n<p>[\/vc_column_text][vc_column_text css=\u00bb.vc_custom_1620940011802{margin-top: 0px !important;padding-top: 0px !important;}\u00bb]<div id=\"footable_parent_2247\"\n         class=\" footable_parent ninja_table_wrapper loading_ninja_table wp_table_data_press_parent semantic_ui \">\n                <table data-ninja_table_instance=\"ninja_table_instance_0\" data-footable_id=\"2247\" data-filter-delay=\"1000\" aria-label=\"Group Term Life ES\"            id=\"footable_2247\"\n           data-unique_identifier=\"ninja_table_unique_id_3404709356_2247\"\n           class=\" foo-table ninja_footable foo_table_2247 ninja_table_unique_id_3404709356_2247 ui table  nt_type_legacy_table selectable striped compact vertical_centered  footable-paging-right ninjatable_hide_header_row ninja_table_search_disabled ninja_table_pro\">\n                <colgroup>\n                            <col class=\"ninja_column_0 \">\n                            <col class=\"ninja_column_1 \">\n                    <\/colgroup>\n        <thead>\n<tr class=\"footable-header\">\n                                        <th scope=\"col\"  class=\"ninja_column_0 ninja_clmn_nm_from \">From<\/th><th scope=\"col\"  class=\"ninja_column_1 ninja_clmn_nm_to \">To<\/th><\/tr>\n<\/thead>\n<tbody>\n\n        <tr data-row_id=\"57\" class=\"ninja_table_row_0 nt_row_id_57\">\n            <td>P\u00e9rdida de la vida<\/td><td>100%*<\/td>        <\/tr>\n    <\/tbody><!--ninja_tobody_rendering_done-->\n    <\/table>\n    \n    \n    \n<\/div>\n[\/vc_column_text][vc_column_text css=\u00bb.vc_custom_1620940104323{margin-bottom: 0px !important;padding-bottom: 0px !important;background-color: #c79200 !important;}\u00bb]<\/p>\n<p style=\"text-align: center;\"><strong><span style=\"color: #ffffff;\">Desmembramiento accidental (con o sin fijaci\u00f3n)<\/span><\/strong><\/p>\n<p>[\/vc_column_text][vc_column_text css=\u00bb.vc_custom_1620940694876{margin-bottom: 0px !important;padding-bottom: 0px !important;}\u00bb]<div id=\"footable_parent_2246\"\n         class=\" footable_parent ninja_table_wrapper loading_ninja_table wp_table_data_press_parent semantic_ui \">\n                <table data-ninja_table_instance=\"ninja_table_instance_1\" data-footable_id=\"2246\" data-filter-delay=\"1000\" aria-label=\"Group Term Life 2 ES\"            id=\"footable_2246\"\n           data-unique_identifier=\"ninja_table_unique_id_519853781_2246\"\n           class=\" foo-table ninja_footable foo_table_2246 ninja_table_unique_id_519853781_2246 ui table  nt_type_legacy_table selectable striped compact vertical_centered  footable-paging-right ninjatable_hide_header_row ninja_table_search_disabled ninja_table_pro\">\n                <colgroup>\n                            <col class=\"ninja_column_0 \">\n                            <col class=\"ninja_column_1 \">\n                    <\/colgroup>\n        <thead>\n<tr class=\"footable-header\">\n                                        <th scope=\"col\"  class=\"ninja_column_0 ninja_clmn_nm_reason \">Reason<\/th><th scope=\"col\"  class=\"ninja_column_1 ninja_clmn_nm_coverage \">Coverage<\/th><\/tr>\n<\/thead>\n<tbody>\n\n        <tr data-row_id=\"49\" class=\"ninja_table_row_0 nt_row_id_49\">\n            <td>P\u00e9rdida de la visi\u00f3n completa en ambos ojos<\/td><td>100%*<\/td>        <\/tr>\n            <tr data-row_id=\"50\" class=\"ninja_table_row_1 nt_row_id_50\">\n            <td>P\u00e9rdida de ambas manos<\/td><td>100%*<\/td>        <\/tr>\n            <tr data-row_id=\"51\" class=\"ninja_table_row_2 nt_row_id_51\">\n            <td>P\u00e9rdida de ambos pies<\/td><td>100%*<\/td>        <\/tr>\n            <tr data-row_id=\"52\" class=\"ninja_table_row_3 nt_row_id_52\">\n            <td>P\u00e9rdida de una mano y un pie<\/td><td>100%*<\/td>        <\/tr>\n            <tr data-row_id=\"53\" class=\"ninja_table_row_4 nt_row_id_53\">\n            <td>P\u00e9rdida de una mano y la visi\u00f3n completa de un ojo<\/td><td>100%*<\/td>        <\/tr>\n            <tr data-row_id=\"54\" class=\"ninja_table_row_5 nt_row_id_54\">\n            <td>P\u00e9rdida de un pie y la visi\u00f3n completa de un ojo<\/td><td>100%*<\/td>        <\/tr>\n            <tr data-row_id=\"55\" class=\"ninja_table_row_6 nt_row_id_55\">\n            <td>P\u00e9rdida de la vista completa en un ojo<\/td><td>50%*<\/td>        <\/tr>\n            <tr data-row_id=\"56\" class=\"ninja_table_row_7 nt_row_id_56\">\n            <td>P\u00e9rdida de una mano o un pie<\/td><td>50%*<\/td>        <\/tr>\n    <\/tbody><!--ninja_tobody_rendering_done-->\n    <\/table>\n    \n    \n    \n<\/div>\n[\/vc_column_text][vc_column_text css=\u00bb.vc_custom_1620940611658{margin-top: 0px !important;padding-top: 0px !important;}\u00bb]<span style=\"font-size: 13px;\"><strong>* Porcentaje del monto del beneficio por muerte natural o desmembramiento<\/strong><\/span>[\/vc_column_text][vc_column_text]Opci\u00f3n de beneficio acelerado: pago anticipado del 80% del beneficio por fallecimiento en caso de enfermedad terminal con una expectativa de vida de 12 meses o menos[\/vc_column_text][vc_column_text]Group Term Life VIP cuenta con nuestro <strong>exclusivo Servicio VIP\u00ae<\/strong> que estar\u00e1 siempre disponible cuando m\u00e1s lo necesiten.[\/vc_column_text][vc_row_inner][vc_column_inner]<div class=\" ubtn-ctn-center \"><a class=\"ubtn-link ult-adjust-bottom-margin ubtn-center ubtn-normal \" href=\"http:\/\/vumigroup.com\/online-quote\/?plan_type=Group-Term-Life-VIP\" target=\"_blank\" rel=\"noopener\" ><button type=\"button\" id=\"ubtn-8270\"  class=\"ubtn ult-adjust-bottom-margin ult-responsive ubtn-normal ubtn-top-bg  none  ubtn-center   tooltip-69f0a3d492d03\"  data-hover=\"#ffffff\" data-border-color=\"\" data-bg=\"#699bc8\" data-hover-bg=\"#0f2e57\" data-border-hover=\"\" data-shadow-hover=\"\" data-shadow-click=\"none\" data-shadow=\"\" data-shd-shadow=\"\"  data-ultimate-target='#ubtn-8270'  data-responsive-json-new='{\"font-size\":\"desktop:16px;\",\"line-height\":\"\"}'  style=\"font-family:&#039;Lato&#039;;font-weight:300;border-radius:35px;border-width:1px;border-color:;border-style:solid;background: #699bc8;color: #ffffff;\"><span class=\"ubtn-hover\" style=\"background-color:#0f2e57\"><\/span><span class=\"ubtn-data ubtn-text \" >SOLICITAR COTIZACI\u00d3N<\/span><\/button><\/a><\/div>[\/vc_column_inner][\/vc_row_inner][\/vc_column][vc_column width=\u00bb1\/2&#8243; css=\u00bb.vc_custom_1620863992097{padding: 40px !important;background-color: #f9f9f9 !important;}\u00bb][vc_column_text css=\u00bb.vc_custom_1620938506876{padding-top: 10px !important;padding-right: 10px !important;padding-bottom: 10px !important;padding-left: 10px !important;background-color: #c79200 !important;}\u00bb]<span style=\"font-family: Montserrat; font-size: 24px; color: #ffffff;\">ELIGIBILDAD<\/span>[\/vc_column_text][vc_column_text]Group Term Life VIP est\u00e1 disponible para los empleados del grupo empresarial y sus dependientes, siempre y cuando cumplan los siguientes requisitos:[\/vc_column_text][vc_row_inner equal_height=\u00bbyes\u00bb content_placement=\u00bbmiddle\u00bb css=\u00bb.vc_custom_1620865240958{border-bottom-width: 1px !important;border-bottom-color: #d1d1d1 !important;border-bottom-style: solid !important;}\u00bb][vc_column_inner width=\u00bb1\/6&#8243;][vc_column_text]<img decoding=\"async\" class=\"wp-image-2167 size-full aligncenter\" src=\"https:\/\/www.vumigroup.com\/wp-content\/uploads\/2021\/05\/termlife-icon-02.png\" alt=\"\" width=\"45\" height=\"45\" \/>[\/vc_column_text][\/vc_column_inner][vc_column_inner width=\u00bb5\/6&#8243;][vc_column_text]Ser empleado activo a tiempo completo (20 horas a la semana)[\/vc_column_text][\/vc_column_inner][\/vc_row_inner][vc_row_inner equal_height=\u00bbyes\u00bb content_placement=\u00bbmiddle\u00bb css=\u00bb.vc_custom_1620865484870{border-bottom-width: 1px !important;border-bottom-color: #d1d1d1 !important;border-bottom-style: solid !important;}\u00bb][vc_column_inner width=\u00bb1\/6&#8243;][vc_column_text]<img decoding=\"async\" class=\"wp-image-2243 size-full aligncenter\" src=\"https:\/\/www.vumigroup.com\/wp-content\/uploads\/2021\/05\/termlife-icon-04_1.png\" alt=\"\" width=\"44\" height=\"39\" \/>[\/vc_column_text][\/vc_column_inner][vc_column_inner width=\u00bb5\/6&#8243;][vc_column_text]Ser parte de la n\u00f3mina de la empresa[\/vc_column_text][\/vc_column_inner][\/vc_row_inner][vc_row_inner equal_height=\u00bbyes\u00bb content_placement=\u00bbmiddle\u00bb][vc_column_inner width=\u00bb1\/6&#8243;][vc_column_text]<img decoding=\"async\" class=\"wp-image-2244 size-full aligncenter\" src=\"https:\/\/www.vumigroup.com\/wp-content\/uploads\/2021\/05\/termlife-icon-05_1.png\" alt=\"\" width=\"42\" height=\"41\" \/>[\/vc_column_text][\/vc_column_inner][vc_column_inner width=\u00bb5\/6&#8243;][vc_column_text]Tener entre 25 y 65 a\u00f1os de edad. La cobertura para dependientes est\u00e1 disponible hasta los 24 a\u00f1os de edad, siempre y cuando vivan en el mismo domicilio del empleado[\/vc_column_text][\/vc_column_inner][\/vc_row_inner][vc_column_text css=\u00bb.vc_custom_1620939480212{margin-bottom: 0px !important;padding-bottom: 0px !important;}\u00bb]<strong>La edad m\u00e1xima para la renovaci\u00f3n de la p\u00f3liza de vida a t\u00e9rmino es de 74 a\u00f1os.<\/strong>[\/vc_column_text][\/vc_column][\/vc_row]<\/p>\n<\/div>","protected":false},"excerpt":{"rendered":"<p>[vc_row full_width=\u00bbstretch_row\u00bb css=\u00bb.vc_custom_1620938129397{border-bottom-width: 5px !important;background-image: url(https:\/\/www.vumigroup.com\/wp-content\/uploads\/2021\/05\/term-life-plan.jpg?id=2141) !important;background-position: center !important;background-repeat: no-repeat !important;background-size: cover !important;border-bottom-color: #c79200 !important;border-bottom-style: solid !important;}\u00bb][vc_column][\/vc_column][\/vc_row][vc_row gap=\u00bb35&#8243; css=\u00bb.vc_custom_1620860897254{padding-top: 40px !important;}\u00bb][vc_column width=\u00bb1\/2&#8243;][vc_column_text css=\u00bb.vc_custom_1620938446708{padding-top: 10px !important;padding-right: 10px !important;padding-bottom: 10px !important;padding-left: 10px !important;background-color: #c79200 !important;}\u00bb]GROUP TERM LIFE VIP[\/vc_column_text][vc_column_text]Group Term Life VIP es un plan de seguro de vida a t\u00e9rmino, muerte accidental y desmembramiento (AD&amp;D, por sus&hellip;<\/p>\n","protected":false},"author":1,"featured_media":0,"parent":0,"menu_order":0,"comment_status":"closed","ping_status":"closed","template":"","meta":{"footnotes":""},"class_list":["post-2248","page","type-page","status-publish","hentry","description-off"],"yoast_head":"<!-- This site is optimized with the Yoast SEO plugin v26.7 - https:\/\/yoast.com\/wordpress\/plugins\/seo\/ -->\n<title>Group Term Life VIP - VUMI<\/title>\n<meta name=\"robots\" content=\"index, follow, max-snippet:-1, max-image-preview:large, max-video-preview:-1\" \/>\n<link rel=\"canonical\" href=\"https:\/\/www.vumigroup.com\/es\/group-term-life-vip\/\" \/>\n<meta property=\"og:locale\" content=\"es_ES\" \/>\n<meta property=\"og:type\" content=\"article\" \/>\n<meta property=\"og:title\" content=\"Group Term Life VIP - VUMI\" \/>\n<meta property=\"og:description\" content=\"[vc_row full_width=\u00bbstretch_row\u00bb css=\u00bb.vc_custom_1620938129397{border-bottom-width: 5px !important;background-image: url(https:\/\/www.vumigroup.com\/wp-content\/uploads\/2021\/05\/term-life-plan.jpg?id=2141) !important;background-position: center !important;background-repeat: no-repeat !important;background-size: cover !important;border-bottom-color: #c79200 !important;border-bottom-style: solid !important;}\u00bb][vc_column][\/vc_column][\/vc_row][vc_row gap=\u00bb35&#8243; css=\u00bb.vc_custom_1620860897254{padding-top: 40px !important;}\u00bb][vc_column width=\u00bb1\/2&#8243;][vc_column_text css=\u00bb.vc_custom_1620938446708{padding-top: 10px !important;padding-right: 10px !important;padding-bottom: 10px !important;padding-left: 10px !important;background-color: #c79200 !important;}\u00bb]GROUP TERM LIFE VIP[\/vc_column_text][vc_column_text]Group Term Life VIP es un plan de seguro de vida a t\u00e9rmino, muerte accidental y desmembramiento (AD&amp;D, por sus&hellip;\" \/>\n<meta property=\"og:url\" content=\"https:\/\/www.vumigroup.com\/es\/group-term-life-vip\/\" \/>\n<meta property=\"og:site_name\" content=\"VUMI\" \/>\n<meta property=\"article:modified_time\" content=\"2021-05-14T19:29:52+00:00\" \/>\n<meta property=\"og:image\" content=\"https:\/\/www.vumigroup.com\/wp-content\/uploads\/2021\/05\/termlife-icon-02.png\" \/>\n\t<meta property=\"og:image:width\" content=\"45\" \/>\n\t<meta property=\"og:image:height\" content=\"45\" \/>\n\t<meta property=\"og:image:type\" content=\"image\/png\" \/>\n<meta name=\"twitter:card\" content=\"summary_large_image\" \/>\n<meta name=\"twitter:label1\" content=\"Tiempo de lectura\" \/>\n\t<meta name=\"twitter:data1\" content=\"4 minutos\" \/>\n<script type=\"application\/ld+json\" class=\"yoast-schema-graph\">{\"@context\":\"https:\/\/schema.org\",\"@graph\":[{\"@type\":\"WebPage\",\"@id\":\"https:\/\/www.vumigroup.com\/es\/group-term-life-vip\/\",\"url\":\"https:\/\/www.vumigroup.com\/es\/group-term-life-vip\/\",\"name\":\"Group Term Life VIP - VUMI\",\"isPartOf\":{\"@id\":\"https:\/\/www.vumigroup.com\/#website\"},\"primaryImageOfPage\":{\"@id\":\"https:\/\/www.vumigroup.com\/es\/group-term-life-vip\/#primaryimage\"},\"image\":{\"@id\":\"https:\/\/www.vumigroup.com\/es\/group-term-life-vip\/#primaryimage\"},\"thumbnailUrl\":\"https:\/\/www.vumigroup.com\/wp-content\/uploads\/2021\/05\/termlife-icon-02.png\",\"datePublished\":\"2021-05-13T21:53:19+00:00\",\"dateModified\":\"2021-05-14T19:29:52+00:00\",\"breadcrumb\":{\"@id\":\"https:\/\/www.vumigroup.com\/es\/group-term-life-vip\/#breadcrumb\"},\"inLanguage\":\"es\",\"potentialAction\":[{\"@type\":\"ReadAction\",\"target\":[\"https:\/\/www.vumigroup.com\/es\/group-term-life-vip\/\"]}]},{\"@type\":\"ImageObject\",\"inLanguage\":\"es\",\"@id\":\"https:\/\/www.vumigroup.com\/es\/group-term-life-vip\/#primaryimage\",\"url\":\"https:\/\/www.vumigroup.com\/wp-content\/uploads\/2021\/05\/termlife-icon-02.png\",\"contentUrl\":\"https:\/\/www.vumigroup.com\/wp-content\/uploads\/2021\/05\/termlife-icon-02.png\"},{\"@type\":\"BreadcrumbList\",\"@id\":\"https:\/\/www.vumigroup.com\/es\/group-term-life-vip\/#breadcrumb\",\"itemListElement\":[{\"@type\":\"ListItem\",\"position\":1,\"name\":\"Home\",\"item\":\"https:\/\/www.vumigroup.com\/\"},{\"@type\":\"ListItem\",\"position\":2,\"name\":\"Group Term Life VIP\"}]},{\"@type\":\"WebSite\",\"@id\":\"https:\/\/www.vumigroup.com\/#website\",\"url\":\"https:\/\/www.vumigroup.com\/\",\"name\":\"VUMI\",\"description\":\"VIP Universal Medical Insurance Group\",\"publisher\":{\"@id\":\"https:\/\/www.vumigroup.com\/#organization\"},\"potentialAction\":[{\"@type\":\"SearchAction\",\"target\":{\"@type\":\"EntryPoint\",\"urlTemplate\":\"https:\/\/www.vumigroup.com\/?s={search_term_string}\"},\"query-input\":{\"@type\":\"PropertyValueSpecification\",\"valueRequired\":true,\"valueName\":\"search_term_string\"}}],\"inLanguage\":\"es\"},{\"@type\":\"Organization\",\"@id\":\"https:\/\/www.vumigroup.com\/#organization\",\"name\":\"VUMI\",\"url\":\"https:\/\/www.vumigroup.com\/\",\"logo\":{\"@type\":\"ImageObject\",\"inLanguage\":\"es\",\"@id\":\"https:\/\/www.vumigroup.com\/#\/schema\/logo\/image\/\",\"url\":\"https:\/\/www.vumigroup.com\/wp-content\/uploads\/2023\/11\/vumi-blue.svg\",\"contentUrl\":\"https:\/\/www.vumigroup.com\/wp-content\/uploads\/2023\/11\/vumi-blue.svg\",\"caption\":\"VUMI\"},\"image\":{\"@id\":\"https:\/\/www.vumigroup.com\/#\/schema\/logo\/image\/\"}}]}<\/script>\n<!-- \/ Yoast SEO plugin. -->","yoast_head_json":{"title":"Group Term Life VIP - VUMI","robots":{"index":"index","follow":"follow","max-snippet":"max-snippet:-1","max-image-preview":"max-image-preview:large","max-video-preview":"max-video-preview:-1"},"canonical":"https:\/\/www.vumigroup.com\/es\/group-term-life-vip\/","og_locale":"es_ES","og_type":"article","og_title":"Group Term Life VIP - VUMI","og_description":"[vc_row full_width=\u00bbstretch_row\u00bb css=\u00bb.vc_custom_1620938129397{border-bottom-width: 5px !important;background-image: url(https:\/\/www.vumigroup.com\/wp-content\/uploads\/2021\/05\/term-life-plan.jpg?id=2141) !important;background-position: center !important;background-repeat: no-repeat !important;background-size: cover !important;border-bottom-color: #c79200 !important;border-bottom-style: solid !important;}\u00bb][vc_column][\/vc_column][\/vc_row][vc_row gap=\u00bb35&#8243; css=\u00bb.vc_custom_1620860897254{padding-top: 40px !important;}\u00bb][vc_column width=\u00bb1\/2&#8243;][vc_column_text css=\u00bb.vc_custom_1620938446708{padding-top: 10px !important;padding-right: 10px !important;padding-bottom: 10px !important;padding-left: 10px !important;background-color: #c79200 !important;}\u00bb]GROUP TERM LIFE VIP[\/vc_column_text][vc_column_text]Group Term Life VIP es un plan de seguro de vida a t\u00e9rmino, muerte accidental y desmembramiento (AD&amp;D, por sus&hellip;","og_url":"https:\/\/www.vumigroup.com\/es\/group-term-life-vip\/","og_site_name":"VUMI","article_modified_time":"2021-05-14T19:29:52+00:00","og_image":[{"width":45,"height":45,"url":"https:\/\/www.vumigroup.com\/wp-content\/uploads\/2021\/05\/termlife-icon-02.png","type":"image\/png"}],"twitter_card":"summary_large_image","twitter_misc":{"Tiempo de lectura":"4 minutos"},"schema":{"@context":"https:\/\/schema.org","@graph":[{"@type":"WebPage","@id":"https:\/\/www.vumigroup.com\/es\/group-term-life-vip\/","url":"https:\/\/www.vumigroup.com\/es\/group-term-life-vip\/","name":"Group Term Life VIP - VUMI","isPartOf":{"@id":"https:\/\/www.vumigroup.com\/#website"},"primaryImageOfPage":{"@id":"https:\/\/www.vumigroup.com\/es\/group-term-life-vip\/#primaryimage"},"image":{"@id":"https:\/\/www.vumigroup.com\/es\/group-term-life-vip\/#primaryimage"},"thumbnailUrl":"https:\/\/www.vumigroup.com\/wp-content\/uploads\/2021\/05\/termlife-icon-02.png","datePublished":"2021-05-13T21:53:19+00:00","dateModified":"2021-05-14T19:29:52+00:00","breadcrumb":{"@id":"https:\/\/www.vumigroup.com\/es\/group-term-life-vip\/#breadcrumb"},"inLanguage":"es","potentialAction":[{"@type":"ReadAction","target":["https:\/\/www.vumigroup.com\/es\/group-term-life-vip\/"]}]},{"@type":"ImageObject","inLanguage":"es","@id":"https:\/\/www.vumigroup.com\/es\/group-term-life-vip\/#primaryimage","url":"https:\/\/www.vumigroup.com\/wp-content\/uploads\/2021\/05\/termlife-icon-02.png","contentUrl":"https:\/\/www.vumigroup.com\/wp-content\/uploads\/2021\/05\/termlife-icon-02.png"},{"@type":"BreadcrumbList","@id":"https:\/\/www.vumigroup.com\/es\/group-term-life-vip\/#breadcrumb","itemListElement":[{"@type":"ListItem","position":1,"name":"Home","item":"https:\/\/www.vumigroup.com\/"},{"@type":"ListItem","position":2,"name":"Group Term Life VIP"}]},{"@type":"WebSite","@id":"https:\/\/www.vumigroup.com\/#website","url":"https:\/\/www.vumigroup.com\/","name":"VUMI","description":"VIP Universal Medical Insurance Group","publisher":{"@id":"https:\/\/www.vumigroup.com\/#organization"},"potentialAction":[{"@type":"SearchAction","target":{"@type":"EntryPoint","urlTemplate":"https:\/\/www.vumigroup.com\/?s={search_term_string}"},"query-input":{"@type":"PropertyValueSpecification","valueRequired":true,"valueName":"search_term_string"}}],"inLanguage":"es"},{"@type":"Organization","@id":"https:\/\/www.vumigroup.com\/#organization","name":"VUMI","url":"https:\/\/www.vumigroup.com\/","logo":{"@type":"ImageObject","inLanguage":"es","@id":"https:\/\/www.vumigroup.com\/#\/schema\/logo\/image\/","url":"https:\/\/www.vumigroup.com\/wp-content\/uploads\/2023\/11\/vumi-blue.svg","contentUrl":"https:\/\/www.vumigroup.com\/wp-content\/uploads\/2023\/11\/vumi-blue.svg","caption":"VUMI"},"image":{"@id":"https:\/\/www.vumigroup.com\/#\/schema\/logo\/image\/"}}]}},"_links":{"self":[{"href":"https:\/\/www.vumigroup.com\/es\/wp-json\/wp\/v2\/pages\/2248","targetHints":{"allow":["GET"]}}],"collection":[{"href":"https:\/\/www.vumigroup.com\/es\/wp-json\/wp\/v2\/pages"}],"about":[{"href":"https:\/\/www.vumigroup.com\/es\/wp-json\/wp\/v2\/types\/page"}],"author":[{"embeddable":true,"href":"https:\/\/www.vumigroup.com\/es\/wp-json\/wp\/v2\/users\/1"}],"replies":[{"embeddable":true,"href":"https:\/\/www.vumigroup.com\/es\/wp-json\/wp\/v2\/comments?post=2248"}],"version-history":[{"count":3,"href":"https:\/\/www.vumigroup.com\/es\/wp-json\/wp\/v2\/pages\/2248\/revisions"}],"predecessor-version":[{"id":2257,"href":"https:\/\/www.vumigroup.com\/es\/wp-json\/wp\/v2\/pages\/2248\/revisions\/2257"}],"wp:attachment":[{"href":"https:\/\/www.vumigroup.com\/es\/wp-json\/wp\/v2\/media?parent=2248"}],"curies":[{"name":"wp","href":"https:\/\/api.w.org\/{rel}","templated":true}]}}