{"id":1966,"date":"2020-10-02T21:03:20","date_gmt":"2020-10-02T21:03:20","guid":{"rendered":"https:\/\/www.vumigroup.com\/segunda-opinion-medica-vip\/"},"modified":"2022-02-23T20:35:22","modified_gmt":"2022-02-23T20:35:22","slug":"segunda-opinion-medica-vip","status":"publish","type":"page","link":"https:\/\/www.vumigroup.com\/es\/segunda-opinion-medica-vip\/","title":{"rendered":"Segunda Opini\u00f3n M\u00e9dica VIP"},"content":{"rendered":"<div class=\"wpb-content-wrapper\"><p>[vc_row][vc_column]<div class=\"ult-spacer spacer-69ef7b3491b2f\" data-id=\"69ef7b3491b2f\" data-height=\"40\" data-height-mobile=\"40\" data-height-tab=\"40\" data-height-tab-portrait=\"\" data-height-mobile-landscape=\"\" style=\"clear:both;display:block;\"><\/div>[\/vc_column][\/vc_row][vc_row gap=\u00bb35&#8243;][vc_column width=\u00bb1\/2&#8243;][vc_empty_space height=\u00bb60px\u00bb][vc_column_text]<span style=\"font-family: Raleway; font-size: 32px;\">Segunda Opini\u00f3n M\u00e9dica VIP\u00ae<\/span>[\/vc_column_text][vc_column_text]VUMI\u00ae, en asociaci\u00f3n con MediGuide, ofrece el beneficio de Segunda Opini\u00f3n M\u00e9dica VIP\u00ae, brind\u00e1ndole a todos sus segurados acceso a la opini\u00f3n de expertos m\u00e9dicos de primera clase.<\/p>\n<p>\u2022 Disponible en todos los planes<br \/>\n\u2022 Sin deducible<\/p>\n<p>La Segunda Opini\u00f3n M\u00e9dica VIP\u00ae selecciona al hospital reconocido como el proveedor principal para el tratamiento del diagn\u00f3stico espec\u00edfico. El proveedor re\u00fane a un panel de expertos m\u00e9dicos para realizar la segunda opini\u00f3n m\u00e9dica y as\u00ed asegurar que todos los aspectos sean considerados y debatidos antes de que formen una opini\u00f3n calificada sobre el diagn\u00f3stico y el tratamiento recomendado.<\/p>\n<p>VUMI\u00ae cree firmemente que un mayor n\u00famero de expertos analizando el caso garantiza los mejores resultados para el asegurado. Este servicio es parte de nuestra promesa de garantizar la tranquilidad de nuestros asegurados y un servicio VIP.[\/vc_column_text][\/vc_column][vc_column width=\u00bb1\/2&#8243;][vc_column_text]<img fetchpriority=\"high\" decoding=\"async\" class=\"size-full wp-image-1968 aligncenter\" src=\"https:\/\/www.vumigroup.com\/wp-content\/uploads\/2020\/10\/SMOV-image.jpg\" alt=\"\" width=\"450\" height=\"530\" srcset=\"https:\/\/www.vumigroup.com\/wp-content\/uploads\/2020\/10\/SMOV-image.jpg 450w, https:\/\/www.vumigroup.com\/wp-content\/uploads\/2020\/10\/SMOV-image-255x300.jpg 255w\" sizes=\"(max-width: 450px) 100vw, 450px\" \/>[\/vc_column_text][\/vc_column][vc_column][\/vc_column][\/vc_row][vc_row gap=\u00bb5&#8243;][vc_column]<div class=\"ult-spacer spacer-69ef7b3491b79\" data-id=\"69ef7b3491b79\" data-height=\"100\" data-height-mobile=\"100\" data-height-tab=\"100\" data-height-tab-portrait=\"\" data-height-mobile-landscape=\"\" style=\"clear:both;display:block;\"><\/div>[vc_column_text]<span style=\"font-family: Raleway; font-size: 32px;\">\u00bfCu\u00e1ndo se Recomienda Utilizar el Servicio?<\/span>[\/vc_column_text][vc_row_inner gap=\u00bb5&#8243; css=\u00bb.vc_custom_1601654295864{padding-right: 20px !important;padding-left: 20px !important;}\u00bb][vc_column_inner width=\u00bb1\/2&#8243;][vc_column_text]<img decoding=\"async\" class=\"alignleft wp-image-1969\" src=\"https:\/\/www.vumigroup.com\/wp-content\/uploads\/2020\/10\/smop-icon-01-150x150.png\" alt=\"\" width=\"77\" height=\"77\" srcset=\"https:\/\/www.vumigroup.com\/wp-content\/uploads\/2020\/10\/smop-icon-01-150x150.png 150w, https:\/\/www.vumigroup.com\/wp-content\/uploads\/2020\/10\/smop-icon-01.png 300w\" sizes=\"(max-width: 77px) 100vw, 77px\" \/><\/p>\n<p>Casos de mayor complejidad d\u00f3nde el diagn\u00f3stico<br \/>\nes considerablemente grave y\/o inusual.[\/vc_column_text][\/vc_column_inner][vc_column_inner width=\u00bb1\/2&#8243;][vc_column_text]<img decoding=\"async\" class=\"wp-image-1970 alignleft\" src=\"https:\/\/www.vumigroup.com\/wp-content\/uploads\/2020\/10\/smop-icon-02.png\" alt=\"\" width=\"77\" height=\"77\" srcset=\"https:\/\/www.vumigroup.com\/wp-content\/uploads\/2020\/10\/smop-icon-02.png 300w, https:\/\/www.vumigroup.com\/wp-content\/uploads\/2020\/10\/smop-icon-02-150x150.png 150w\" sizes=\"(max-width: 77px) 100vw, 77px\" \/><\/p>\n<p>Condiciones m\u00e9dicas no urgentes, que puedan esperar, en vista de que el proceso toma alrededor de 2-3 semanas.[\/vc_column_text][\/vc_column_inner][\/vc_row_inner][\/vc_column][\/vc_row][vc_row gap=\u00bb5&#8243;][vc_column]<div class=\"ult-spacer spacer-69ef7b3491ba4\" data-id=\"69ef7b3491ba4\" data-height=\"100\" data-height-mobile=\"100\" data-height-tab=\"100\" data-height-tab-portrait=\"\" data-height-mobile-landscape=\"\" style=\"clear:both;display:block;\"><\/div>[vc_column_text]<span style=\"font-family: Raleway; font-size: 32px;\">\u00bfCu\u00e1ndo <em>No<\/em> se Recomienda Utilizar el Servicio?<\/span>[\/vc_column_text][vc_row_inner gap=\u00bb5&#8243; css=\u00bb.vc_custom_1601654320508{padding-right: 20px !important;padding-left: 20px !important;}\u00bb][vc_column_inner width=\u00bb1\/2&#8243;][vc_column_text]<img loading=\"lazy\" decoding=\"async\" class=\"wp-image-1971 alignleft\" src=\"https:\/\/www.vumigroup.com\/wp-content\/uploads\/2020\/10\/smop-icon-03.png\" alt=\"\" width=\"77\" height=\"77\" srcset=\"https:\/\/www.vumigroup.com\/wp-content\/uploads\/2020\/10\/smop-icon-03.png 300w, https:\/\/www.vumigroup.com\/wp-content\/uploads\/2020\/10\/smop-icon-03-150x150.png 150w\" sizes=\"(max-width: 77px) 100vw, 77px\" \/>Un paciente reci\u00e9n infartado que requiere tratamiento inmediato<br \/>\nde revascularizaci\u00f3n cardiovascular.[\/vc_column_text][\/vc_column_inner][vc_column_inner width=\u00bb1\/2&#8243;][vc_column_text]<img loading=\"lazy\" decoding=\"async\" class=\"alignleft wp-image-1972\" src=\"https:\/\/www.vumigroup.com\/wp-content\/uploads\/2020\/10\/smop-icon-04.png\" alt=\"\" width=\"77\" height=\"77\" srcset=\"https:\/\/www.vumigroup.com\/wp-content\/uploads\/2020\/10\/smop-icon-04.png 300w, https:\/\/www.vumigroup.com\/wp-content\/uploads\/2020\/10\/smop-icon-04-150x150.png 150w\" sizes=\"(max-width: 77px) 100vw, 77px\" \/>Un paciente que est\u00e1 actualmente hospitalizado<br \/>\ny requiere cuidados urgentes.[\/vc_column_text][\/vc_column_inner][\/vc_row_inner]<div class=\"ult-spacer spacer-69ef7b3491bc8\" data-id=\"69ef7b3491bc8\" data-height=\"100\" data-height-mobile=\"100\" data-height-tab=\"100\" data-height-tab-portrait=\"\" data-height-mobile-landscape=\"\" style=\"clear:both;display:block;\"><\/div>[\/vc_column][\/vc_row][vc_row css=\u00bb.vc_custom_1601593549436{background-color: #e6e5ea !important;}\u00bb][vc_column][vc_column_text]<\/p>\n<p style=\"text-align: center;\"><strong><span style=\"font-family: Raleway;\"><span style=\"font-size: 32px;\">Resultados Comprobados<\/span><\/span><\/strong><\/p>\n<p>[\/vc_column_text][vc_row_inner][vc_column_inner width=\u00bb1\/4&#8243;][vc_column_text]<img loading=\"lazy\" decoding=\"async\" class=\"wp-image-1973 size-thumbnail aligncenter\" src=\"https:\/\/www.vumigroup.com\/wp-content\/uploads\/2020\/10\/RESULTADO-1-150x150.png\" alt=\"\" width=\"150\" height=\"150\" srcset=\"https:\/\/www.vumigroup.com\/wp-content\/uploads\/2020\/10\/RESULTADO-1-150x150.png 150w, https:\/\/www.vumigroup.com\/wp-content\/uploads\/2020\/10\/RESULTADO-1.png 300w\" sizes=\"(max-width: 150px) 100vw, 150px\" \/>[\/vc_column_text][vc_column_text]<\/p>\n<p style=\"text-align: center;\"><strong>15%<\/strong> de los expertos hacen un cambio significativo al diagn\u00f3stico original<\/p>\n<p>[\/vc_column_text][\/vc_column_inner][vc_column_inner width=\u00bb1\/4&#8243;][vc_column_text]<img loading=\"lazy\" decoding=\"async\" class=\"wp-image-1974 size-thumbnail aligncenter\" src=\"https:\/\/www.vumigroup.com\/wp-content\/uploads\/2020\/10\/RESULTADO-2-150x150.png\" alt=\"\" width=\"150\" height=\"150\" srcset=\"https:\/\/www.vumigroup.com\/wp-content\/uploads\/2020\/10\/RESULTADO-2-150x150.png 150w, https:\/\/www.vumigroup.com\/wp-content\/uploads\/2020\/10\/RESULTADO-2.png 300w\" sizes=\"(max-width: 150px) 100vw, 150px\" \/>[\/vc_column_text][vc_column_text]<\/p>\n<p style=\"text-align: center;\"><strong>86%<\/strong> de los expertos recomiendan un cambio significativo al tratamiento<\/p>\n<p>[\/vc_column_text][\/vc_column_inner][vc_column_inner width=\u00bb1\/4&#8243;][vc_column_text]<img loading=\"lazy\" decoding=\"async\" class=\"wp-image-1975 size-thumbnail aligncenter\" src=\"https:\/\/www.vumigroup.com\/wp-content\/uploads\/2020\/10\/RESULTADO-3-150x150.png\" alt=\"\" width=\"150\" height=\"150\" srcset=\"https:\/\/www.vumigroup.com\/wp-content\/uploads\/2020\/10\/RESULTADO-3-150x150.png 150w, https:\/\/www.vumigroup.com\/wp-content\/uploads\/2020\/10\/RESULTADO-3.png 300w\" sizes=\"(max-width: 150px) 100vw, 150px\" \/>[\/vc_column_text][vc_column_text]<\/p>\n<p style=\"text-align: center;\"><strong>35%<\/strong> de los pacientes han evitado una cirug\u00eda<\/p>\n<p>[\/vc_column_text][\/vc_column_inner][vc_column_inner width=\u00bb1\/4&#8243;][vc_column_text]<img loading=\"lazy\" decoding=\"async\" class=\"wp-image-1976 size-thumbnail aligncenter\" src=\"https:\/\/www.vumigroup.com\/wp-content\/uploads\/2020\/10\/RESULTADO-4-150x150.png\" alt=\"\" width=\"150\" height=\"150\" srcset=\"https:\/\/www.vumigroup.com\/wp-content\/uploads\/2020\/10\/RESULTADO-4-150x150.png 150w, https:\/\/www.vumigroup.com\/wp-content\/uploads\/2020\/10\/RESULTADO-4.png 300w\" sizes=\"(max-width: 150px) 100vw, 150px\" \/>[\/vc_column_text][vc_column_text]<\/p>\n<p style=\"text-align: center;\"><strong>99%<\/strong> de los pacientes recomiendan el servicio<\/p>\n<p>[\/vc_column_text][\/vc_column_inner][\/vc_row_inner][\/vc_column][\/vc_row][vc_row gap=\u00bb10&#8243;][vc_column width=\u00bb1\/2&#8243;][vc_column_text]<img loading=\"lazy\" decoding=\"async\" class=\"wp-image-1977 aligncenter\" src=\"https:\/\/www.vumigroup.com\/wp-content\/uploads\/2020\/10\/IMAGEN-TABLET-PHONE_ENG.png\" alt=\"\" width=\"460\" height=\"399\" srcset=\"https:\/\/www.vumigroup.com\/wp-content\/uploads\/2020\/10\/IMAGEN-TABLET-PHONE_ENG.png 562w, https:\/\/www.vumigroup.com\/wp-content\/uploads\/2020\/10\/IMAGEN-TABLET-PHONE_ENG-300x260.png 300w\" sizes=\"(max-width: 460px) 100vw, 460px\" \/>[\/vc_column_text][\/vc_column][vc_column width=\u00bb1\/2&#8243;]<div class=\"ult-spacer spacer-69ef7b3491bf6\" data-id=\"69ef7b3491bf6\" data-height=\"50\" data-height-mobile=\"0\" data-height-tab=\"0\" data-height-tab-portrait=\"0\" data-height-mobile-landscape=\"0\" style=\"clear:both;display:block;\"><\/div>[vc_column_text]<i class=\"far fa-check-circle\"> <\/i> \u00bfQu\u00e9 es la Segunda Opini\u00f3n M\u00e9dica VIP proporcionada por VUMI<sup>\u00ae<\/sup>?<\/p>\n<p><i class=\"far fa-check-circle\"> <\/i> \u00bfCu\u00e1les son las ventajas?<\/p>\n<p><i class=\"far fa-check-circle\"> <\/i> \u00bfQui\u00e9n provee el servicio?<\/p>\n<p><i class=\"far fa-check-circle\"> <\/i> \u00bfEn qu\u00e9 casos se recomienda o no utilizarlo?<\/p>\n<p><i class=\"far fa-check-circle\"> <\/i> Paso a paso sobre c\u00f3mo solicitarlo<\/p>\n<p><i class=\"far fa-check-circle\"> <\/i> Testimoniales<\/p>\n<p><i class=\"far fa-check-circle\"> <\/i> Preguntas frecuentes y m\u00e1s[\/vc_column_text]<div class=\" ubtn-ctn-center \"><a class=\"ubtn-link ult-adjust-bottom-margin ubtn-center ubtn-large \" href=\"https:\/\/www.vumigroup.com\/wp-content\/uploads\/2022\/02\/VUMI-Gu\u00eda-de-Segunda-Opini\u00f3n-M\u00e9dica-VIP\u00ae.pdf\" ><button type=\"button\" id=\"ubtn-7462\"  class=\"ubtn ult-adjust-bottom-margin ult-responsive ubtn-large ubtn-top-bg  none  ubtn-sep-icon ubtn-sep-icon-at-left  ubtn-center   tooltip-69ef7b3491c2b\"  data-hover=\"\" data-border-color=\"\" data-bg=\"#699bc8\" data-hover-bg=\"#0f2e57\" data-border-hover=\"\" data-shadow-hover=\"\" data-shadow-click=\"none\" data-shadow=\"\" data-shd-shadow=\"\"  data-ultimate-target='#ubtn-7462'  data-responsive-json-new='{\"font-size\":\"desktop:16px;\",\"line-height\":\"\"}'  style=\"font-family:&#039;Lato&#039;;font-weight:300;border-radius:35px;border-width:1px;border-color:;border-style:solid;background: #699bc8;color: #ffffff;\"><span class=\"ubtn-data ubtn-icon\"><i class=\"Defaults-download\" style=\"font-size:32px;color:;\"><\/i><\/span><span class=\"ubtn-hover\" style=\"background-color:#0f2e57\"><\/span><span class=\"ubtn-data ubtn-text \" >DESCARGAR GU\u00cdA SEGUNDA OPINI\u00d3N M\u00c9DICA VIP\u00ae <\/span><\/button><\/a><\/div>[\/vc_column][\/vc_row]<\/p>\n<\/div>","protected":false},"excerpt":{"rendered":"<p>[vc_row][vc_column][\/vc_column][\/vc_row][vc_row gap=\u00bb35&#8243;][vc_column width=\u00bb1\/2&#8243;][vc_empty_space height=\u00bb60px\u00bb][vc_column_text]Segunda Opini\u00f3n M\u00e9dica VIP\u00ae[\/vc_column_text][vc_column_text]VUMI\u00ae, en asociaci\u00f3n con MediGuide, ofrece el beneficio de Segunda Opini\u00f3n M\u00e9dica VIP\u00ae, brind\u00e1ndole a todos sus segurados acceso a la opini\u00f3n de expertos m\u00e9dicos de primera clase. \u2022 Disponible en todos los planes \u2022 Sin deducible La Segunda Opini\u00f3n M\u00e9dica VIP\u00ae selecciona al hospital reconocido como el proveedor&hellip;<\/p>\n","protected":false},"author":1,"featured_media":0,"parent":0,"menu_order":0,"comment_status":"closed","ping_status":"closed","template":"","meta":{"footnotes":""},"class_list":["post-1966","page","type-page","status-publish","hentry","description-off"],"yoast_head":"<!-- This site is optimized with the Yoast SEO plugin v26.7 - https:\/\/yoast.com\/wordpress\/plugins\/seo\/ -->\n<title>Segunda Opini\u00f3n M\u00e9dica VIP - VUMI<\/title>\n<meta name=\"robots\" content=\"index, follow, max-snippet:-1, max-image-preview:large, max-video-preview:-1\" \/>\n<link rel=\"canonical\" href=\"https:\/\/www.vumigroup.com\/es\/segunda-opinion-medica-vip\/\" \/>\n<meta property=\"og:locale\" content=\"es_ES\" \/>\n<meta property=\"og:type\" content=\"article\" \/>\n<meta property=\"og:title\" content=\"Segunda Opini\u00f3n M\u00e9dica VIP - VUMI\" \/>\n<meta property=\"og:description\" content=\"[vc_row][vc_column][\/vc_column][\/vc_row][vc_row gap=\u00bb35&#8243;][vc_column width=\u00bb1\/2&#8243;][vc_empty_space height=\u00bb60px\u00bb][vc_column_text]Segunda Opini\u00f3n M\u00e9dica VIP\u00ae[\/vc_column_text][vc_column_text]VUMI\u00ae, en asociaci\u00f3n con MediGuide, ofrece el beneficio de Segunda Opini\u00f3n M\u00e9dica VIP\u00ae, brind\u00e1ndole a todos sus segurados acceso a la opini\u00f3n de expertos m\u00e9dicos de primera clase. \u2022 Disponible en todos los planes \u2022 Sin deducible La Segunda Opini\u00f3n M\u00e9dica VIP\u00ae selecciona al hospital reconocido como el proveedor&hellip;\" \/>\n<meta property=\"og:url\" content=\"https:\/\/www.vumigroup.com\/es\/segunda-opinion-medica-vip\/\" \/>\n<meta property=\"og:site_name\" content=\"VUMI\" \/>\n<meta property=\"article:modified_time\" content=\"2022-02-23T20:35:22+00:00\" \/>\n<meta property=\"og:image\" content=\"https:\/\/www.vumigroup.com\/wp-content\/uploads\/2020\/10\/SMOV-image.jpg\" \/>\n\t<meta property=\"og:image:width\" content=\"450\" \/>\n\t<meta property=\"og:image:height\" content=\"530\" \/>\n\t<meta property=\"og:image:type\" content=\"image\/jpeg\" \/>\n<meta name=\"twitter:card\" content=\"summary_large_image\" \/>\n<meta name=\"twitter:label1\" content=\"Tiempo de lectura\" \/>\n\t<meta name=\"twitter:data1\" content=\"4 minutos\" \/>\n<script type=\"application\/ld+json\" class=\"yoast-schema-graph\">{\"@context\":\"https:\/\/schema.org\",\"@graph\":[{\"@type\":\"WebPage\",\"@id\":\"https:\/\/www.vumigroup.com\/es\/segunda-opinion-medica-vip\/\",\"url\":\"https:\/\/www.vumigroup.com\/es\/segunda-opinion-medica-vip\/\",\"name\":\"Segunda Opini\u00f3n M\u00e9dica VIP - VUMI\",\"isPartOf\":{\"@id\":\"https:\/\/www.vumigroup.com\/#website\"},\"primaryImageOfPage\":{\"@id\":\"https:\/\/www.vumigroup.com\/es\/segunda-opinion-medica-vip\/#primaryimage\"},\"image\":{\"@id\":\"https:\/\/www.vumigroup.com\/es\/segunda-opinion-medica-vip\/#primaryimage\"},\"thumbnailUrl\":\"https:\/\/www.vumigroup.com\/wp-content\/uploads\/2020\/10\/SMOV-image.jpg\",\"datePublished\":\"2020-10-02T21:03:20+00:00\",\"dateModified\":\"2022-02-23T20:35:22+00:00\",\"breadcrumb\":{\"@id\":\"https:\/\/www.vumigroup.com\/es\/segunda-opinion-medica-vip\/#breadcrumb\"},\"inLanguage\":\"es\",\"potentialAction\":[{\"@type\":\"ReadAction\",\"target\":[\"https:\/\/www.vumigroup.com\/es\/segunda-opinion-medica-vip\/\"]}]},{\"@type\":\"ImageObject\",\"inLanguage\":\"es\",\"@id\":\"https:\/\/www.vumigroup.com\/es\/segunda-opinion-medica-vip\/#primaryimage\",\"url\":\"https:\/\/www.vumigroup.com\/wp-content\/uploads\/2020\/10\/SMOV-image.jpg\",\"contentUrl\":\"https:\/\/www.vumigroup.com\/wp-content\/uploads\/2020\/10\/SMOV-image.jpg\"},{\"@type\":\"BreadcrumbList\",\"@id\":\"https:\/\/www.vumigroup.com\/es\/segunda-opinion-medica-vip\/#breadcrumb\",\"itemListElement\":[{\"@type\":\"ListItem\",\"position\":1,\"name\":\"Home\",\"item\":\"https:\/\/www.vumigroup.com\/\"},{\"@type\":\"ListItem\",\"position\":2,\"name\":\"Segunda Opini\u00f3n M\u00e9dica VIP\"}]},{\"@type\":\"WebSite\",\"@id\":\"https:\/\/www.vumigroup.com\/#website\",\"url\":\"https:\/\/www.vumigroup.com\/\",\"name\":\"VUMI\",\"description\":\"VIP Universal Medical Insurance Group\",\"publisher\":{\"@id\":\"https:\/\/www.vumigroup.com\/#organization\"},\"potentialAction\":[{\"@type\":\"SearchAction\",\"target\":{\"@type\":\"EntryPoint\",\"urlTemplate\":\"https:\/\/www.vumigroup.com\/?s={search_term_string}\"},\"query-input\":{\"@type\":\"PropertyValueSpecification\",\"valueRequired\":true,\"valueName\":\"search_term_string\"}}],\"inLanguage\":\"es\"},{\"@type\":\"Organization\",\"@id\":\"https:\/\/www.vumigroup.com\/#organization\",\"name\":\"VUMI\",\"url\":\"https:\/\/www.vumigroup.com\/\",\"logo\":{\"@type\":\"ImageObject\",\"inLanguage\":\"es\",\"@id\":\"https:\/\/www.vumigroup.com\/#\/schema\/logo\/image\/\",\"url\":\"https:\/\/www.vumigroup.com\/wp-content\/uploads\/2023\/11\/vumi-blue.svg\",\"contentUrl\":\"https:\/\/www.vumigroup.com\/wp-content\/uploads\/2023\/11\/vumi-blue.svg\",\"caption\":\"VUMI\"},\"image\":{\"@id\":\"https:\/\/www.vumigroup.com\/#\/schema\/logo\/image\/\"}}]}<\/script>\n<!-- \/ Yoast SEO plugin. -->","yoast_head_json":{"title":"Segunda Opini\u00f3n M\u00e9dica VIP - VUMI","robots":{"index":"index","follow":"follow","max-snippet":"max-snippet:-1","max-image-preview":"max-image-preview:large","max-video-preview":"max-video-preview:-1"},"canonical":"https:\/\/www.vumigroup.com\/es\/segunda-opinion-medica-vip\/","og_locale":"es_ES","og_type":"article","og_title":"Segunda Opini\u00f3n M\u00e9dica VIP - VUMI","og_description":"[vc_row][vc_column][\/vc_column][\/vc_row][vc_row gap=\u00bb35&#8243;][vc_column width=\u00bb1\/2&#8243;][vc_empty_space height=\u00bb60px\u00bb][vc_column_text]Segunda Opini\u00f3n M\u00e9dica VIP\u00ae[\/vc_column_text][vc_column_text]VUMI\u00ae, en asociaci\u00f3n con MediGuide, ofrece el beneficio de Segunda Opini\u00f3n M\u00e9dica VIP\u00ae, brind\u00e1ndole a todos sus segurados acceso a la opini\u00f3n de expertos m\u00e9dicos de primera clase. \u2022 Disponible en todos los planes \u2022 Sin deducible La Segunda Opini\u00f3n M\u00e9dica VIP\u00ae selecciona al hospital reconocido como el proveedor&hellip;","og_url":"https:\/\/www.vumigroup.com\/es\/segunda-opinion-medica-vip\/","og_site_name":"VUMI","article_modified_time":"2022-02-23T20:35:22+00:00","og_image":[{"width":450,"height":530,"url":"https:\/\/www.vumigroup.com\/wp-content\/uploads\/2020\/10\/SMOV-image.jpg","type":"image\/jpeg"}],"twitter_card":"summary_large_image","twitter_misc":{"Tiempo de lectura":"4 minutos"},"schema":{"@context":"https:\/\/schema.org","@graph":[{"@type":"WebPage","@id":"https:\/\/www.vumigroup.com\/es\/segunda-opinion-medica-vip\/","url":"https:\/\/www.vumigroup.com\/es\/segunda-opinion-medica-vip\/","name":"Segunda Opini\u00f3n M\u00e9dica VIP - VUMI","isPartOf":{"@id":"https:\/\/www.vumigroup.com\/#website"},"primaryImageOfPage":{"@id":"https:\/\/www.vumigroup.com\/es\/segunda-opinion-medica-vip\/#primaryimage"},"image":{"@id":"https:\/\/www.vumigroup.com\/es\/segunda-opinion-medica-vip\/#primaryimage"},"thumbnailUrl":"https:\/\/www.vumigroup.com\/wp-content\/uploads\/2020\/10\/SMOV-image.jpg","datePublished":"2020-10-02T21:03:20+00:00","dateModified":"2022-02-23T20:35:22+00:00","breadcrumb":{"@id":"https:\/\/www.vumigroup.com\/es\/segunda-opinion-medica-vip\/#breadcrumb"},"inLanguage":"es","potentialAction":[{"@type":"ReadAction","target":["https:\/\/www.vumigroup.com\/es\/segunda-opinion-medica-vip\/"]}]},{"@type":"ImageObject","inLanguage":"es","@id":"https:\/\/www.vumigroup.com\/es\/segunda-opinion-medica-vip\/#primaryimage","url":"https:\/\/www.vumigroup.com\/wp-content\/uploads\/2020\/10\/SMOV-image.jpg","contentUrl":"https:\/\/www.vumigroup.com\/wp-content\/uploads\/2020\/10\/SMOV-image.jpg"},{"@type":"BreadcrumbList","@id":"https:\/\/www.vumigroup.com\/es\/segunda-opinion-medica-vip\/#breadcrumb","itemListElement":[{"@type":"ListItem","position":1,"name":"Home","item":"https:\/\/www.vumigroup.com\/"},{"@type":"ListItem","position":2,"name":"Segunda Opini\u00f3n M\u00e9dica VIP"}]},{"@type":"WebSite","@id":"https:\/\/www.vumigroup.com\/#website","url":"https:\/\/www.vumigroup.com\/","name":"VUMI","description":"VIP Universal Medical Insurance Group","publisher":{"@id":"https:\/\/www.vumigroup.com\/#organization"},"potentialAction":[{"@type":"SearchAction","target":{"@type":"EntryPoint","urlTemplate":"https:\/\/www.vumigroup.com\/?s={search_term_string}"},"query-input":{"@type":"PropertyValueSpecification","valueRequired":true,"valueName":"search_term_string"}}],"inLanguage":"es"},{"@type":"Organization","@id":"https:\/\/www.vumigroup.com\/#organization","name":"VUMI","url":"https:\/\/www.vumigroup.com\/","logo":{"@type":"ImageObject","inLanguage":"es","@id":"https:\/\/www.vumigroup.com\/#\/schema\/logo\/image\/","url":"https:\/\/www.vumigroup.com\/wp-content\/uploads\/2023\/11\/vumi-blue.svg","contentUrl":"https:\/\/www.vumigroup.com\/wp-content\/uploads\/2023\/11\/vumi-blue.svg","caption":"VUMI"},"image":{"@id":"https:\/\/www.vumigroup.com\/#\/schema\/logo\/image\/"}}]}},"_links":{"self":[{"href":"https:\/\/www.vumigroup.com\/es\/wp-json\/wp\/v2\/pages\/1966","targetHints":{"allow":["GET"]}}],"collection":[{"href":"https:\/\/www.vumigroup.com\/es\/wp-json\/wp\/v2\/pages"}],"about":[{"href":"https:\/\/www.vumigroup.com\/es\/wp-json\/wp\/v2\/types\/page"}],"author":[{"embeddable":true,"href":"https:\/\/www.vumigroup.com\/es\/wp-json\/wp\/v2\/users\/1"}],"replies":[{"embeddable":true,"href":"https:\/\/www.vumigroup.com\/es\/wp-json\/wp\/v2\/comments?post=1966"}],"version-history":[{"count":16,"href":"https:\/\/www.vumigroup.com\/es\/wp-json\/wp\/v2\/pages\/1966\/revisions"}],"predecessor-version":[{"id":2700,"href":"https:\/\/www.vumigroup.com\/es\/wp-json\/wp\/v2\/pages\/1966\/revisions\/2700"}],"wp:attachment":[{"href":"https:\/\/www.vumigroup.com\/es\/wp-json\/wp\/v2\/media?parent=1966"}],"curies":[{"name":"wp","href":"https:\/\/api.w.org\/{rel}","templated":true}]}}