{"id":1933,"date":"2020-10-01T20:37:42","date_gmt":"2020-10-01T20:37:42","guid":{"rendered":"https:\/\/www.vumigroup.com\/vamos-de-la-mano\/"},"modified":"2021-10-05T19:52:26","modified_gmt":"2021-10-05T19:52:26","slug":"vamos-de-la-mano-2020","status":"publish","type":"page","link":"https:\/\/www.vumigroup.com\/es\/vamos-de-la-mano-2020\/","title":{"rendered":"Vamos de la Mano"},"content":{"rendered":"<div class=\"wpb-content-wrapper\"><p>[vc_row full_width=\u00bbstretch_row_content_no_spaces\u00bb css=\u00bb.vc_custom_1601583365411{background-position: center !important;background-repeat: no-repeat !important;background-size: cover !important;}\u00bb][vc_column offset=\u00bbvc_hidden-xs\u00bb css=\u00bb.vc_custom_1601583303668{padding-top: 150px !important;padding-bottom: 150px !important;background-image: url(https:\/\/www.vumigroup.com\/wp-content\/uploads\/2020\/10\/header-breast-cancer.jpg?id=1916) !important;background-position: center !important;background-repeat: no-repeat !important;background-size: cover !important;}\u00bb][\/vc_column][\/vc_row][vc_row full_width=\u00bbstretch_row\u00bb css=\u00bb.vc_custom_1601583481688{background-position: center !important;background-repeat: no-repeat !important;background-size: cover !important;}\u00bb][vc_column offset=\u00bbvc_hidden-lg vc_hidden-md vc_hidden-sm\u00bb css=\u00bb.vc_custom_1601583475124{padding-top: 150px !important;padding-bottom: 150px !important;background-image: url(https:\/\/www.vumigroup.com\/wp-content\/uploads\/2020\/10\/header-breast-cancer-mobile.jpg?id=1921) !important;background-position: center !important;background-repeat: no-repeat !important;background-size: cover !important;}\u00bb][\/vc_column][\/vc_row][vc_row css=\u00bb.vc_custom_1601564611286{margin-top: 20px !important;}\u00bb][vc_column width=\u00bb2\/4&#8243;]<div class=\"ult-spacer spacer-69d6881236a3e\" data-id=\"69d6881236a3e\" data-height=\"30\" data-height-mobile=\"0\" data-height-tab=\"0\" data-height-tab-portrait=\"0\" data-height-mobile-landscape=\"0\" style=\"clear:both;display:block;\"><\/div>[vc_column_text]<span style=\"font-family: Raleway; font-size: 32px;\">En el Mes de la Lucha<br \/>\nContra el C\u00e1ncer de Mama,<br \/>\n<strong>Vamos de la Mano<\/strong>.<\/span>[\/vc_column_text][vc_column_text]La prevenci\u00f3n, detecci\u00f3n temprana y el tratamiento adecuado son las mejores herramientas para combatir esta enfermedad.<\/p>\n<p>Es importante conocer sus s\u00edntomas y que las mujeres de todas las edades se realicen un auto examen de los senos por lo menos una vez al mes.<\/p>\n<p>VUMI\u00ae\u00a0acompa\u00f1a de la mano a todas nuestras aseguradas diagnosticadas con c\u00e1ncer de mama ofreci\u00e9ndoles\u00a0acceso al mejor tratamiento seg\u00fan su condici\u00f3n m\u00e9dica, en\u00a0los mejores\u00a0hospitales y cl\u00ednicas\u00a0a nivel mundial. Asimismo, VUMI\u00ae\u00a0pone a la disposici\u00f3n de las aseguradas nuestros servicios de Segunda Opini\u00f3n M\u00e9dica VIP\u00ae\u00a0y Consultor\u00eda M\u00e9dica VIP que trabajar\u00e1n de la mano junto al resto del equipo m\u00e9dico de VUMI\u00ae\u00a0para apoyar a la asegurada y su familia durante todo el proceso.<\/p>\n<p>Durante este mes compartiremos informaci\u00f3n relevante y muy vital para ganar en esta lucha.[\/vc_column_text][\/vc_column][vc_column width=\u00bb1\/12&#8243;][\/vc_column][vc_column width=\u00bb2\/5&#8243;][vc_column_text]<img fetchpriority=\"high\" decoding=\"async\" class=\"alignnone wp-image-1930 size-full\" src=\"https:\/\/www.vumigroup.com\/wp-content\/uploads\/2020\/10\/breast-cancer-women-es.jpg\" alt=\"\" width=\"450\" height=\"450\" srcset=\"https:\/\/www.vumigroup.com\/wp-content\/uploads\/2020\/10\/breast-cancer-women-es.jpg 450w, https:\/\/www.vumigroup.com\/wp-content\/uploads\/2020\/10\/breast-cancer-women-es-300x300.jpg 300w, https:\/\/www.vumigroup.com\/wp-content\/uploads\/2020\/10\/breast-cancer-women-es-150x150.jpg 150w\" sizes=\"(max-width: 450px) 100vw, 450px\" \/>[\/vc_column_text][\/vc_column][vc_column css=\u00bb.vc_custom_1601582307431{margin-top: 40px !important;}\u00bb][vc_column_text]<\/p>\n<p style=\"text-align: center;\"><span style=\"font-family: Raleway; font-size: 32px;\">Haz clic en el video para que veas un mensaje<br \/>\nque VUMI\u00ae tiene para todas las mujeres<\/span><\/p>\n<p>[\/vc_column_text][vc_column_text]<\/p>\n<p style=\"text-align: center;\"><span style=\"font-size: 16px;\">Sigue nuestras redes para mantenerte informado de nuestra campa\u00f1a <strong>\u00abVAMOS DE LA MANO\u00bb<\/strong><\/span><\/p>\n<p>[\/vc_column_text][\/vc_column][\/vc_row][vc_row][vc_column][vc_video link=\u00bbhttps:\/\/www.youtube.com\/watch?v=D-NgfM_jXC4&#8243; align=\u00bbcenter\u00bb][\/vc_column][\/vc_row]<\/p>\n<\/div>","protected":false},"excerpt":{"rendered":"<p>[vc_row full_width=\u00bbstretch_row_content_no_spaces\u00bb css=\u00bb.vc_custom_1601583365411{background-position: center !important;background-repeat: no-repeat !important;background-size: cover !important;}\u00bb][vc_column offset=\u00bbvc_hidden-xs\u00bb css=\u00bb.vc_custom_1601583303668{padding-top: 150px !important;padding-bottom: 150px !important;background-image: url(https:\/\/www.vumigroup.com\/wp-content\/uploads\/2020\/10\/header-breast-cancer.jpg?id=1916) !important;background-position: center !important;background-repeat: no-repeat !important;background-size: cover !important;}\u00bb][\/vc_column][\/vc_row][vc_row full_width=\u00bbstretch_row\u00bb css=\u00bb.vc_custom_1601583481688{background-position: center !important;background-repeat: no-repeat !important;background-size: cover !important;}\u00bb][vc_column offset=\u00bbvc_hidden-lg vc_hidden-md vc_hidden-sm\u00bb css=\u00bb.vc_custom_1601583475124{padding-top: 150px !important;padding-bottom: 150px !important;background-image: url(https:\/\/www.vumigroup.com\/wp-content\/uploads\/2020\/10\/header-breast-cancer-mobile.jpg?id=1921) !important;background-position: center !important;background-repeat: no-repeat !important;background-size: cover !important;}\u00bb][\/vc_column][\/vc_row][vc_row css=\u00bb.vc_custom_1601564611286{margin-top: 20px !important;}\u00bb][vc_column width=\u00bb2\/4&#8243;][vc_column_text]En el Mes de la&hellip;<\/p>\n","protected":false},"author":1,"featured_media":0,"parent":0,"menu_order":0,"comment_status":"closed","ping_status":"closed","template":"","meta":{"footnotes":""},"class_list":["post-1933","page","type-page","status-publish","hentry","description-off"],"yoast_head":"<!-- This site is optimized with the Yoast SEO plugin v26.7 - https:\/\/yoast.com\/wordpress\/plugins\/seo\/ -->\n<title>Vamos de la Mano - VUMI<\/title>\n<meta name=\"robots\" content=\"index, follow, max-snippet:-1, max-image-preview:large, max-video-preview:-1\" \/>\n<link rel=\"canonical\" href=\"https:\/\/www.vumigroup.com\/es\/vamos-de-la-mano-2020\/\" \/>\n<meta property=\"og:locale\" content=\"es_ES\" \/>\n<meta property=\"og:type\" content=\"article\" \/>\n<meta property=\"og:title\" content=\"Vamos de la Mano - VUMI\" \/>\n<meta property=\"og:description\" content=\"[vc_row full_width=\u00bbstretch_row_content_no_spaces\u00bb css=\u00bb.vc_custom_1601583365411{background-position: center !important;background-repeat: no-repeat !important;background-size: cover !important;}\u00bb][vc_column offset=\u00bbvc_hidden-xs\u00bb css=\u00bb.vc_custom_1601583303668{padding-top: 150px !important;padding-bottom: 150px !important;background-image: url(https:\/\/www.vumigroup.com\/wp-content\/uploads\/2020\/10\/header-breast-cancer.jpg?id=1916) !important;background-position: center !important;background-repeat: no-repeat !important;background-size: cover !important;}\u00bb][\/vc_column][\/vc_row][vc_row full_width=\u00bbstretch_row\u00bb css=\u00bb.vc_custom_1601583481688{background-position: center !important;background-repeat: no-repeat !important;background-size: cover !important;}\u00bb][vc_column offset=\u00bbvc_hidden-lg vc_hidden-md vc_hidden-sm\u00bb css=\u00bb.vc_custom_1601583475124{padding-top: 150px !important;padding-bottom: 150px !important;background-image: url(https:\/\/www.vumigroup.com\/wp-content\/uploads\/2020\/10\/header-breast-cancer-mobile.jpg?id=1921) !important;background-position: center !important;background-repeat: no-repeat !important;background-size: cover !important;}\u00bb][\/vc_column][\/vc_row][vc_row css=\u00bb.vc_custom_1601564611286{margin-top: 20px !important;}\u00bb][vc_column width=\u00bb2\/4&#8243;][vc_column_text]En el Mes de la&hellip;\" \/>\n<meta property=\"og:url\" content=\"https:\/\/www.vumigroup.com\/es\/vamos-de-la-mano-2020\/\" \/>\n<meta property=\"og:site_name\" content=\"VUMI\" \/>\n<meta property=\"article:modified_time\" content=\"2021-10-05T19:52:26+00:00\" \/>\n<meta property=\"og:image\" content=\"https:\/\/www.vumigroup.com\/wp-content\/uploads\/2020\/10\/breast-cancer-women-es.jpg\" \/>\n\t<meta property=\"og:image:width\" content=\"450\" \/>\n\t<meta property=\"og:image:height\" content=\"450\" \/>\n\t<meta property=\"og:image:type\" content=\"image\/jpeg\" \/>\n<meta name=\"twitter:card\" content=\"summary_large_image\" \/>\n<meta name=\"twitter:label1\" content=\"Tiempo de lectura\" \/>\n\t<meta name=\"twitter:data1\" content=\"2 minutos\" \/>\n<script type=\"application\/ld+json\" class=\"yoast-schema-graph\">{\"@context\":\"https:\/\/schema.org\",\"@graph\":[{\"@type\":\"WebPage\",\"@id\":\"https:\/\/www.vumigroup.com\/es\/vamos-de-la-mano-2020\/\",\"url\":\"https:\/\/www.vumigroup.com\/es\/vamos-de-la-mano-2020\/\",\"name\":\"Vamos de la Mano - VUMI\",\"isPartOf\":{\"@id\":\"https:\/\/www.vumigroup.com\/#website\"},\"primaryImageOfPage\":{\"@id\":\"https:\/\/www.vumigroup.com\/es\/vamos-de-la-mano-2020\/#primaryimage\"},\"image\":{\"@id\":\"https:\/\/www.vumigroup.com\/es\/vamos-de-la-mano-2020\/#primaryimage\"},\"thumbnailUrl\":\"https:\/\/www.vumigroup.com\/wp-content\/uploads\/2020\/10\/breast-cancer-women-es.jpg\",\"datePublished\":\"2020-10-01T20:37:42+00:00\",\"dateModified\":\"2021-10-05T19:52:26+00:00\",\"breadcrumb\":{\"@id\":\"https:\/\/www.vumigroup.com\/es\/vamos-de-la-mano-2020\/#breadcrumb\"},\"inLanguage\":\"es\",\"potentialAction\":[{\"@type\":\"ReadAction\",\"target\":[\"https:\/\/www.vumigroup.com\/es\/vamos-de-la-mano-2020\/\"]}]},{\"@type\":\"ImageObject\",\"inLanguage\":\"es\",\"@id\":\"https:\/\/www.vumigroup.com\/es\/vamos-de-la-mano-2020\/#primaryimage\",\"url\":\"https:\/\/www.vumigroup.com\/wp-content\/uploads\/2020\/10\/breast-cancer-women-es.jpg\",\"contentUrl\":\"https:\/\/www.vumigroup.com\/wp-content\/uploads\/2020\/10\/breast-cancer-women-es.jpg\"},{\"@type\":\"BreadcrumbList\",\"@id\":\"https:\/\/www.vumigroup.com\/es\/vamos-de-la-mano-2020\/#breadcrumb\",\"itemListElement\":[{\"@type\":\"ListItem\",\"position\":1,\"name\":\"Home\",\"item\":\"https:\/\/www.vumigroup.com\/\"},{\"@type\":\"ListItem\",\"position\":2,\"name\":\"Vamos de la Mano\"}]},{\"@type\":\"WebSite\",\"@id\":\"https:\/\/www.vumigroup.com\/#website\",\"url\":\"https:\/\/www.vumigroup.com\/\",\"name\":\"VUMI\",\"description\":\"VIP Universal Medical Insurance Group\",\"publisher\":{\"@id\":\"https:\/\/www.vumigroup.com\/#organization\"},\"potentialAction\":[{\"@type\":\"SearchAction\",\"target\":{\"@type\":\"EntryPoint\",\"urlTemplate\":\"https:\/\/www.vumigroup.com\/?s={search_term_string}\"},\"query-input\":{\"@type\":\"PropertyValueSpecification\",\"valueRequired\":true,\"valueName\":\"search_term_string\"}}],\"inLanguage\":\"es\"},{\"@type\":\"Organization\",\"@id\":\"https:\/\/www.vumigroup.com\/#organization\",\"name\":\"VUMI\",\"url\":\"https:\/\/www.vumigroup.com\/\",\"logo\":{\"@type\":\"ImageObject\",\"inLanguage\":\"es\",\"@id\":\"https:\/\/www.vumigroup.com\/#\/schema\/logo\/image\/\",\"url\":\"https:\/\/www.vumigroup.com\/wp-content\/uploads\/2023\/11\/vumi-blue.svg\",\"contentUrl\":\"https:\/\/www.vumigroup.com\/wp-content\/uploads\/2023\/11\/vumi-blue.svg\",\"caption\":\"VUMI\"},\"image\":{\"@id\":\"https:\/\/www.vumigroup.com\/#\/schema\/logo\/image\/\"}}]}<\/script>\n<!-- \/ Yoast SEO plugin. -->","yoast_head_json":{"title":"Vamos de la Mano - VUMI","robots":{"index":"index","follow":"follow","max-snippet":"max-snippet:-1","max-image-preview":"max-image-preview:large","max-video-preview":"max-video-preview:-1"},"canonical":"https:\/\/www.vumigroup.com\/es\/vamos-de-la-mano-2020\/","og_locale":"es_ES","og_type":"article","og_title":"Vamos de la Mano - VUMI","og_description":"[vc_row full_width=\u00bbstretch_row_content_no_spaces\u00bb css=\u00bb.vc_custom_1601583365411{background-position: center !important;background-repeat: no-repeat !important;background-size: cover !important;}\u00bb][vc_column offset=\u00bbvc_hidden-xs\u00bb css=\u00bb.vc_custom_1601583303668{padding-top: 150px !important;padding-bottom: 150px !important;background-image: url(https:\/\/www.vumigroup.com\/wp-content\/uploads\/2020\/10\/header-breast-cancer.jpg?id=1916) !important;background-position: center !important;background-repeat: no-repeat !important;background-size: cover !important;}\u00bb][\/vc_column][\/vc_row][vc_row full_width=\u00bbstretch_row\u00bb css=\u00bb.vc_custom_1601583481688{background-position: center !important;background-repeat: no-repeat !important;background-size: cover !important;}\u00bb][vc_column offset=\u00bbvc_hidden-lg vc_hidden-md vc_hidden-sm\u00bb css=\u00bb.vc_custom_1601583475124{padding-top: 150px !important;padding-bottom: 150px !important;background-image: url(https:\/\/www.vumigroup.com\/wp-content\/uploads\/2020\/10\/header-breast-cancer-mobile.jpg?id=1921) !important;background-position: center !important;background-repeat: no-repeat !important;background-size: cover !important;}\u00bb][\/vc_column][\/vc_row][vc_row css=\u00bb.vc_custom_1601564611286{margin-top: 20px !important;}\u00bb][vc_column width=\u00bb2\/4&#8243;][vc_column_text]En el Mes de la&hellip;","og_url":"https:\/\/www.vumigroup.com\/es\/vamos-de-la-mano-2020\/","og_site_name":"VUMI","article_modified_time":"2021-10-05T19:52:26+00:00","og_image":[{"width":450,"height":450,"url":"https:\/\/www.vumigroup.com\/wp-content\/uploads\/2020\/10\/breast-cancer-women-es.jpg","type":"image\/jpeg"}],"twitter_card":"summary_large_image","twitter_misc":{"Tiempo de lectura":"2 minutos"},"schema":{"@context":"https:\/\/schema.org","@graph":[{"@type":"WebPage","@id":"https:\/\/www.vumigroup.com\/es\/vamos-de-la-mano-2020\/","url":"https:\/\/www.vumigroup.com\/es\/vamos-de-la-mano-2020\/","name":"Vamos de la Mano - VUMI","isPartOf":{"@id":"https:\/\/www.vumigroup.com\/#website"},"primaryImageOfPage":{"@id":"https:\/\/www.vumigroup.com\/es\/vamos-de-la-mano-2020\/#primaryimage"},"image":{"@id":"https:\/\/www.vumigroup.com\/es\/vamos-de-la-mano-2020\/#primaryimage"},"thumbnailUrl":"https:\/\/www.vumigroup.com\/wp-content\/uploads\/2020\/10\/breast-cancer-women-es.jpg","datePublished":"2020-10-01T20:37:42+00:00","dateModified":"2021-10-05T19:52:26+00:00","breadcrumb":{"@id":"https:\/\/www.vumigroup.com\/es\/vamos-de-la-mano-2020\/#breadcrumb"},"inLanguage":"es","potentialAction":[{"@type":"ReadAction","target":["https:\/\/www.vumigroup.com\/es\/vamos-de-la-mano-2020\/"]}]},{"@type":"ImageObject","inLanguage":"es","@id":"https:\/\/www.vumigroup.com\/es\/vamos-de-la-mano-2020\/#primaryimage","url":"https:\/\/www.vumigroup.com\/wp-content\/uploads\/2020\/10\/breast-cancer-women-es.jpg","contentUrl":"https:\/\/www.vumigroup.com\/wp-content\/uploads\/2020\/10\/breast-cancer-women-es.jpg"},{"@type":"BreadcrumbList","@id":"https:\/\/www.vumigroup.com\/es\/vamos-de-la-mano-2020\/#breadcrumb","itemListElement":[{"@type":"ListItem","position":1,"name":"Home","item":"https:\/\/www.vumigroup.com\/"},{"@type":"ListItem","position":2,"name":"Vamos de la Mano"}]},{"@type":"WebSite","@id":"https:\/\/www.vumigroup.com\/#website","url":"https:\/\/www.vumigroup.com\/","name":"VUMI","description":"VIP Universal Medical Insurance Group","publisher":{"@id":"https:\/\/www.vumigroup.com\/#organization"},"potentialAction":[{"@type":"SearchAction","target":{"@type":"EntryPoint","urlTemplate":"https:\/\/www.vumigroup.com\/?s={search_term_string}"},"query-input":{"@type":"PropertyValueSpecification","valueRequired":true,"valueName":"search_term_string"}}],"inLanguage":"es"},{"@type":"Organization","@id":"https:\/\/www.vumigroup.com\/#organization","name":"VUMI","url":"https:\/\/www.vumigroup.com\/","logo":{"@type":"ImageObject","inLanguage":"es","@id":"https:\/\/www.vumigroup.com\/#\/schema\/logo\/image\/","url":"https:\/\/www.vumigroup.com\/wp-content\/uploads\/2023\/11\/vumi-blue.svg","contentUrl":"https:\/\/www.vumigroup.com\/wp-content\/uploads\/2023\/11\/vumi-blue.svg","caption":"VUMI"},"image":{"@id":"https:\/\/www.vumigroup.com\/#\/schema\/logo\/image\/"}}]}},"_links":{"self":[{"href":"https:\/\/www.vumigroup.com\/es\/wp-json\/wp\/v2\/pages\/1933","targetHints":{"allow":["GET"]}}],"collection":[{"href":"https:\/\/www.vumigroup.com\/es\/wp-json\/wp\/v2\/pages"}],"about":[{"href":"https:\/\/www.vumigroup.com\/es\/wp-json\/wp\/v2\/types\/page"}],"author":[{"embeddable":true,"href":"https:\/\/www.vumigroup.com\/es\/wp-json\/wp\/v2\/users\/1"}],"replies":[{"embeddable":true,"href":"https:\/\/www.vumigroup.com\/es\/wp-json\/wp\/v2\/comments?post=1933"}],"version-history":[{"count":3,"href":"https:\/\/www.vumigroup.com\/es\/wp-json\/wp\/v2\/pages\/1933\/revisions"}],"predecessor-version":[{"id":1945,"href":"https:\/\/www.vumigroup.com\/es\/wp-json\/wp\/v2\/pages\/1933\/revisions\/1945"}],"wp:attachment":[{"href":"https:\/\/www.vumigroup.com\/es\/wp-json\/wp\/v2\/media?parent=1933"}],"curies":[{"name":"wp","href":"https:\/\/api.w.org\/{rel}","templated":true}]}}