{"id":1155,"date":"2020-01-25T02:57:41","date_gmt":"2020-01-25T02:57:41","guid":{"rendered":"https:\/\/www.vumigroup.com\/condiciones-de-uso\/"},"modified":"2025-04-22T13:39:58","modified_gmt":"2025-04-22T13:39:58","slug":"condiciones-de-uso","status":"publish","type":"page","link":"https:\/\/www.vumigroup.com\/es\/condiciones-de-uso\/","title":{"rendered":"Condiciones de Uso"},"content":{"rendered":"<div class=\"wpb-content-wrapper\"><p>[vc_row][vc_column][vc_column_text css=\u00bb\u00bb]<span style=\"font-family: Raleway; font-size: 21px;\">Condiciones de uso<\/span><\/p>\n<p>Este aviso legal rige el uso del sitio web mantenido por VUMI\u00ae Group, I.I. (\u201cVUMI\u201d). Por favor, lea atentamente antes de visitar las otras p\u00e1ginas de nuestro sitio web. Al visitar este sitio web, usted reconoce su aceptaci\u00f3n de las condiciones establecidas en este documento.<\/p>\n<p><strong>Contenido<\/strong><\/p>\n<p>El prop\u00f3sito del sitio de VUMI es proporcionarle informaci\u00f3n sobre la compa\u00f1\u00eda, as\u00ed como sus productos y servicios. Todos los productos y servicios mencionados en este sitio est\u00e1n sujetos a los t\u00e9rminos y condiciones de los contratos y pol\u00edticas aplicables a los mismos y pueden ser modificados sin previo aviso.<\/p>\n<p>Nuestros productos y servicios se ofrecen solo en ciertos pa\u00edses y algunos productos y servicios pueden no estar disponibles en todas las regiones. <strong>Adem\u00e1s, nada en este sitio constituye una oferta para comprar o vender los productos y servicios de VUMI; ni hay nada en este sitio destinado a promover dichos productos y servicios en territorios donde no est\u00e9n disponibles nuestros productos.<\/strong><\/p>\n<p><strong>Fiabilidad de la Informaci\u00f3n<\/strong><\/p>\n<p>VUMI intenta transmitir informaci\u00f3n lo m\u00e1s fiable posible en su sitio web. Sin embargo, la compa\u00f1\u00eda no puede garantizar que la informaci\u00f3n sea precisa, completa y actual en todo momento. Adem\u00e1s, VUMI se reserva el derecho de cambiar la informaci\u00f3n en su sitio web en cualquier momento, sin previo aviso.<\/p>\n<p><strong>Derechos de Autor y Marcas Comerciales<\/strong><\/p>\n<p>La informaci\u00f3n de este sitio web est\u00e1 protegida por la legislaci\u00f3n vigente que rige los derechos de autor, marcas comerciales y derechos de propiedad intelectual, as\u00ed como por legislaci\u00f3n similar en otros territorios, seg\u00fan sea el caso. Los visitantes de este sitio web tienen prohibido copiar, imprimir o descargar informaci\u00f3n que no sea para uso personal y no comercial. Al hacerlo, deben indicar el origen de la informaci\u00f3n y asegurarse que dicha informaci\u00f3n no se haya modificado de ninguna manera. Adem\u00e1s, todos los avisos de derechos de autor y otros avisos deben ser conservados. Ninguna persona puede crear ning\u00fan tipo de enlace a este sitio web o a su contenido, incluso a trav\u00e9s de marcos o hipertexto, sin el consentimiento previo por escrito de VUMI. Cualquier infracci\u00f3n de los derechos de VUMI puede dar lugar a la medida correctiva legal apropiada.<\/p>\n<p><strong>Confidencialidad y Seguridad<\/strong><\/p>\n<p>Usted tiene el control de la cantidad y el tipo de informaci\u00f3n que comparte con VUMI mientras visita este sitio web. Como visitante, puede navegar por este sitio con el fin de encontrar informaci\u00f3n sin tener que revelar informaci\u00f3n personal de ninguna manera.<\/p>\n<p>A pesar de que VUMI ha puesto en marcha medidas de seguridad, debe permanecer alerta mientras utiliza Internet. Si se le asigna un n\u00famero de identificaci\u00f3n personal para acceder a cualquier parte de este sitio web, debe asegurarse que est\u00e1 protegido en todo momento.<\/p>\n<p><strong>Tecnolog\u00edas Utilizadas en Nuestro Sitio Web<\/strong><\/p>\n<p><strong>Cookies<\/strong><\/p>\n<p>Este sitio web env\u00eda \u00abcookies\u00bb a cualquier persona que visite su sitio web para simplificar la navegaci\u00f3n y mejorar la experiencia del usuario. Una cookie es un peque\u00f1o archivo de datos enviado por el sitio web a su navegador que luego puede almacenarse en su disco duro. Esto le permite a VUMI personalizar el contenido que ve en nuestro sitio web, saber si ya tiene una cuenta o reconocer sus preferencias de idioma. Las cookies no nos permiten recopilar su informaci\u00f3n personal. No podemos identificar a un individuo espec\u00edfico.<\/p>\n<p>Puede optar por desactivar las cookies en su navegador. Sin embargo, si decide hacerlo, es posible que no tenga acceso a ciertas funciones en nuestro sitio.<\/p>\n<p><strong>Google Analytics<\/strong><\/p>\n<p>La herramienta Google Analytics se utiliza para recopilar datos an\u00f3nimos para supervisar y analizar el uso de nuestro sitio web. Google Analytics recopila informaci\u00f3n como el tipo de navegador, la cantidad de visitas a una p\u00e1gina y la duraci\u00f3n de la sesi\u00f3n. VUMI utiliza estos datos para mejorar el contenido, la visualizaci\u00f3n y el rendimiento.<\/p>\n<p>Le invitamos a leer la <a href=\"http:\/\/www.google.com\/intl\/en\/policies\/privacy\/\">p\u00e1gina de Preferencias de anuncios de Google<\/a> para obtener m\u00e1s informaci\u00f3n.<\/p>\n<p><strong>Remarketing (publicidad)<\/strong><\/p>\n<p>Este sitio web utiliza el servicio de remarketing de Google AdWords para anunciar en sitios web de terceros (incluyendo Google) a los visitantes previos de nuestro sitio. Los sitios web de terceros (incluyendo Google) utilizan cookies para publicar anuncios en funci\u00f3n de sus intereses mientras navega por nuestro sitio web. Los datos recopilados no nos permitir\u00e1n identificarlo.<\/p>\n<p>Es posible fijar las preferencias de c\u00f3mo Google le anuncia y, si lo desea, puede excluirse por completo de la publicidad basada en intereses mediante la <a href=\"https:\/\/www.google.com\/settings\/u\/0\/ads\/authenticated\">Preferencias de anuncios de Google<\/a>.<\/p>\n<p><strong>No Responsabilidad<\/strong><\/p>\n<p>VUMI\u00ae Group, I.I. (\u201cVUMI\u201d), sus compa\u00f1\u00edas afiliadas, as\u00ed como sus administradores, funcionarios, empleados y representantes no ser\u00e1n responsables de ninguna p\u00e9rdida o da\u00f1o que surja directa o indirectamente del uso de este sitio web, incluyendo da\u00f1os especiales o consecuentes y da\u00f1os a terceros. Usted acepta que el uso de este sitio web o de cualquier sitio web vinculado al mismo se realiza bajo su propio riesgo.<\/p>\n<p>Espec\u00edficamente, pero sin limitar la generalidad de lo anterior, VUMI y sus administradores, funcionarios, empleados y representantes no ser\u00e1n responsables de ning\u00fan da\u00f1o derivado de las acciones tomadas en base a la informaci\u00f3n en este sitio web o da\u00f1os sufridos como resultado de la divulgaci\u00f3n de informaci\u00f3n personal o confidencial a VUMI a trav\u00e9s de Internet.<\/p>\n<p>Este sitio web puede contener enlaces a otros sitios web que no son administrados o actualizados por VUMI. Estos enlaces pueden proporcionarse \u00fanicamente con fines informativos y no se interpretar\u00e1n como una aprobaci\u00f3n de su contenido por VUMI.<\/p>\n<p>Asimismo, VUMI no se hace responsable de los da\u00f1os derivados de la reproducci\u00f3n o el uso no autorizado de la informaci\u00f3n de este sitio web.<\/p>\n<p><strong>Modificaci\u00f3n de las Condiciones de Uso<\/strong><\/p>\n<p>VUMI se reserva el derecho de modificar en cualquier momento las condiciones de uso aplicables al contenido e informaci\u00f3n en nuestro sitio web. En caso de un cambio importante, proporcionaremos un aviso al menos treinta d\u00edas antes de que la nueva condici\u00f3n entre en vigor. Al utilizar y acceder a este sitio web despu\u00e9s de que dichas modificaciones hayan tomado efecto, usted acepta estar sujeto a dichas modificaciones o revisiones.<\/p>\n<p>Para solicitar permiso o para cualquier otra consulta, p\u00f3ngase en contacto con: <a href=\"mailto:marketing@vumigroup.com\" target=\"_blank\" rel=\"noopener\">marketing@vumigroup.com<\/a><\/p>\n<p>&nbsp;[\/vc_column_text][\/vc_column][\/vc_row]<\/p>\n<\/div>","protected":false},"excerpt":{"rendered":"<p>[vc_row][vc_column][vc_column_text css=\u00bb\u00bb]Condiciones de uso Este aviso legal rige el uso del sitio web mantenido por VUMI\u00ae Group, I.I. (\u201cVUMI\u201d). Por favor, lea atentamente antes de visitar las otras p\u00e1ginas de nuestro sitio web. Al visitar este sitio web, usted reconoce su aceptaci\u00f3n de las condiciones establecidas en este documento. Contenido El prop\u00f3sito del sitio de&hellip;<\/p>\n","protected":false},"author":1,"featured_media":0,"parent":0,"menu_order":0,"comment_status":"closed","ping_status":"closed","template":"","meta":{"footnotes":""},"class_list":["post-1155","page","type-page","status-publish","hentry","description-off"],"yoast_head":"<!-- This site is optimized with the Yoast SEO plugin v26.7 - https:\/\/yoast.com\/wordpress\/plugins\/seo\/ -->\n<title>Condiciones de Uso - VUMI<\/title>\n<meta name=\"robots\" content=\"index, follow, max-snippet:-1, max-image-preview:large, max-video-preview:-1\" \/>\n<link rel=\"canonical\" href=\"https:\/\/www.vumigroup.com\/terms-of-use\/\" \/>\n<meta property=\"og:locale\" content=\"es_ES\" \/>\n<meta property=\"og:type\" content=\"article\" \/>\n<meta property=\"og:title\" content=\"Condiciones de Uso - VUMI\" \/>\n<meta property=\"og:description\" content=\"[vc_row][vc_column][vc_column_text css=\u00bb\u00bb]Condiciones de uso Este aviso legal rige el uso del sitio web mantenido por VUMI\u00ae Group, I.I. (\u201cVUMI\u201d). Por favor, lea atentamente antes de visitar las otras p\u00e1ginas de nuestro sitio web. Al visitar este sitio web, usted reconoce su aceptaci\u00f3n de las condiciones establecidas en este documento. Contenido El prop\u00f3sito del sitio de&hellip;\" \/>\n<meta property=\"og:url\" content=\"https:\/\/www.vumigroup.com\/terms-of-use\/\" \/>\n<meta property=\"og:site_name\" content=\"VUMI\" \/>\n<meta property=\"article:modified_time\" content=\"2025-04-22T13:39:58+00:00\" \/>\n<meta name=\"twitter:card\" content=\"summary_large_image\" \/>\n<meta name=\"twitter:label1\" content=\"Tiempo de lectura\" \/>\n\t<meta name=\"twitter:data1\" content=\"6 minutos\" \/>\n<script type=\"application\/ld+json\" class=\"yoast-schema-graph\">{\"@context\":\"https:\/\/schema.org\",\"@graph\":[{\"@type\":\"WebPage\",\"@id\":\"https:\/\/www.vumigroup.com\/terms-of-use\/\",\"url\":\"https:\/\/www.vumigroup.com\/terms-of-use\/\",\"name\":\"Condiciones de Uso - VUMI\",\"isPartOf\":{\"@id\":\"https:\/\/www.vumigroup.com\/#website\"},\"datePublished\":\"2020-01-25T02:57:41+00:00\",\"dateModified\":\"2025-04-22T13:39:58+00:00\",\"breadcrumb\":{\"@id\":\"https:\/\/www.vumigroup.com\/terms-of-use\/#breadcrumb\"},\"inLanguage\":\"es\",\"potentialAction\":[{\"@type\":\"ReadAction\",\"target\":[\"https:\/\/www.vumigroup.com\/terms-of-use\/\"]}]},{\"@type\":\"BreadcrumbList\",\"@id\":\"https:\/\/www.vumigroup.com\/terms-of-use\/#breadcrumb\",\"itemListElement\":[{\"@type\":\"ListItem\",\"position\":1,\"name\":\"Home\",\"item\":\"https:\/\/www.vumigroup.com\/\"},{\"@type\":\"ListItem\",\"position\":2,\"name\":\"Condiciones de Uso\"}]},{\"@type\":\"WebSite\",\"@id\":\"https:\/\/www.vumigroup.com\/#website\",\"url\":\"https:\/\/www.vumigroup.com\/\",\"name\":\"VUMI\",\"description\":\"VIP Universal Medical Insurance Group\",\"publisher\":{\"@id\":\"https:\/\/www.vumigroup.com\/#organization\"},\"potentialAction\":[{\"@type\":\"SearchAction\",\"target\":{\"@type\":\"EntryPoint\",\"urlTemplate\":\"https:\/\/www.vumigroup.com\/?s={search_term_string}\"},\"query-input\":{\"@type\":\"PropertyValueSpecification\",\"valueRequired\":true,\"valueName\":\"search_term_string\"}}],\"inLanguage\":\"es\"},{\"@type\":\"Organization\",\"@id\":\"https:\/\/www.vumigroup.com\/#organization\",\"name\":\"VUMI\",\"url\":\"https:\/\/www.vumigroup.com\/\",\"logo\":{\"@type\":\"ImageObject\",\"inLanguage\":\"es\",\"@id\":\"https:\/\/www.vumigroup.com\/#\/schema\/logo\/image\/\",\"url\":\"https:\/\/www.vumigroup.com\/wp-content\/uploads\/2023\/11\/vumi-blue.svg\",\"contentUrl\":\"https:\/\/www.vumigroup.com\/wp-content\/uploads\/2023\/11\/vumi-blue.svg\",\"caption\":\"VUMI\"},\"image\":{\"@id\":\"https:\/\/www.vumigroup.com\/#\/schema\/logo\/image\/\"}}]}<\/script>\n<!-- \/ Yoast SEO plugin. -->","yoast_head_json":{"title":"Condiciones de Uso - VUMI","robots":{"index":"index","follow":"follow","max-snippet":"max-snippet:-1","max-image-preview":"max-image-preview:large","max-video-preview":"max-video-preview:-1"},"canonical":"https:\/\/www.vumigroup.com\/terms-of-use\/","og_locale":"es_ES","og_type":"article","og_title":"Condiciones de Uso - VUMI","og_description":"[vc_row][vc_column][vc_column_text css=\u00bb\u00bb]Condiciones de uso Este aviso legal rige el uso del sitio web mantenido por VUMI\u00ae Group, I.I. (\u201cVUMI\u201d). Por favor, lea atentamente antes de visitar las otras p\u00e1ginas de nuestro sitio web. Al visitar este sitio web, usted reconoce su aceptaci\u00f3n de las condiciones establecidas en este documento. Contenido El prop\u00f3sito del sitio de&hellip;","og_url":"https:\/\/www.vumigroup.com\/terms-of-use\/","og_site_name":"VUMI","article_modified_time":"2025-04-22T13:39:58+00:00","twitter_card":"summary_large_image","twitter_misc":{"Tiempo de lectura":"6 minutos"},"schema":{"@context":"https:\/\/schema.org","@graph":[{"@type":"WebPage","@id":"https:\/\/www.vumigroup.com\/terms-of-use\/","url":"https:\/\/www.vumigroup.com\/terms-of-use\/","name":"Condiciones de Uso - VUMI","isPartOf":{"@id":"https:\/\/www.vumigroup.com\/#website"},"datePublished":"2020-01-25T02:57:41+00:00","dateModified":"2025-04-22T13:39:58+00:00","breadcrumb":{"@id":"https:\/\/www.vumigroup.com\/terms-of-use\/#breadcrumb"},"inLanguage":"es","potentialAction":[{"@type":"ReadAction","target":["https:\/\/www.vumigroup.com\/terms-of-use\/"]}]},{"@type":"BreadcrumbList","@id":"https:\/\/www.vumigroup.com\/terms-of-use\/#breadcrumb","itemListElement":[{"@type":"ListItem","position":1,"name":"Home","item":"https:\/\/www.vumigroup.com\/"},{"@type":"ListItem","position":2,"name":"Condiciones de Uso"}]},{"@type":"WebSite","@id":"https:\/\/www.vumigroup.com\/#website","url":"https:\/\/www.vumigroup.com\/","name":"VUMI","description":"VIP Universal Medical Insurance Group","publisher":{"@id":"https:\/\/www.vumigroup.com\/#organization"},"potentialAction":[{"@type":"SearchAction","target":{"@type":"EntryPoint","urlTemplate":"https:\/\/www.vumigroup.com\/?s={search_term_string}"},"query-input":{"@type":"PropertyValueSpecification","valueRequired":true,"valueName":"search_term_string"}}],"inLanguage":"es"},{"@type":"Organization","@id":"https:\/\/www.vumigroup.com\/#organization","name":"VUMI","url":"https:\/\/www.vumigroup.com\/","logo":{"@type":"ImageObject","inLanguage":"es","@id":"https:\/\/www.vumigroup.com\/#\/schema\/logo\/image\/","url":"https:\/\/www.vumigroup.com\/wp-content\/uploads\/2023\/11\/vumi-blue.svg","contentUrl":"https:\/\/www.vumigroup.com\/wp-content\/uploads\/2023\/11\/vumi-blue.svg","caption":"VUMI"},"image":{"@id":"https:\/\/www.vumigroup.com\/#\/schema\/logo\/image\/"}}]}},"_links":{"self":[{"href":"https:\/\/www.vumigroup.com\/es\/wp-json\/wp\/v2\/pages\/1155","targetHints":{"allow":["GET"]}}],"collection":[{"href":"https:\/\/www.vumigroup.com\/es\/wp-json\/wp\/v2\/pages"}],"about":[{"href":"https:\/\/www.vumigroup.com\/es\/wp-json\/wp\/v2\/types\/page"}],"author":[{"embeddable":true,"href":"https:\/\/www.vumigroup.com\/es\/wp-json\/wp\/v2\/users\/1"}],"replies":[{"embeddable":true,"href":"https:\/\/www.vumigroup.com\/es\/wp-json\/wp\/v2\/comments?post=1155"}],"version-history":[{"count":5,"href":"https:\/\/www.vumigroup.com\/es\/wp-json\/wp\/v2\/pages\/1155\/revisions"}],"predecessor-version":[{"id":6242,"href":"https:\/\/www.vumigroup.com\/es\/wp-json\/wp\/v2\/pages\/1155\/revisions\/6242"}],"wp:attachment":[{"href":"https:\/\/www.vumigroup.com\/es\/wp-json\/wp\/v2\/media?parent=1155"}],"curies":[{"name":"wp","href":"https:\/\/api.w.org\/{rel}","templated":true}]}}